{"id":106,"date":"2013-04-15T11:13:55","date_gmt":"2013-04-15T08:13:55","guid":{"rendered":"http:\/\/historianopiskelijainliitto.com\/?page_id=106"},"modified":"2019-02-24T20:43:12","modified_gmt":"2019-02-24T18:43:12","slug":"kannatusjasenet","status":"publish","type":"page","link":"https:\/\/hol.fi\/?page_id=106","title":{"rendered":"Holin kannatusj\u00e4senyys"},"content":{"rendered":"<div class=\"embed-container\"><iframe loading=\"lazy\" width=\"750\" height=\"422\" src=\"https:\/\/www.youtube.com\/embed\/Elr_Cu06ehU?feature=oembed\" frameborder=\"0\" allow=\"autoplay; encrypted-media\" allowfullscreen><\/iframe><\/div>\n<p style=\"text-align: left;\">Historian Opiskelijain Liitolla on varsinaisten j\u00e4sentens\u00e4 lis\u00e4ksi my\u00f6s kannatusj\u00e4seni\u00e4, jotka vuosittaisen kannatusj\u00e4senmaksun (25,00 \u20ac) avulla tukevat\u00a0 Holia sen ty\u00f6ss\u00e4 Suomen historian opiskelijoiden hyv\u00e4ksi. Kaikki t\u00e4m\u00e4n p\u00e4\u00e4m\u00e4\u00e4r\u00e4n allekirjoittavat yksityis- ja oikeushenkil\u00f6t voivat liitty\u00e4 <em>kertaluontoiseksi<\/em>\u00a0tai\u00a0<em>toistaiseksi voimassa olevaksi\u00a0<\/em>kannatusj\u00e4seneksi. Maksu ei sido kannatusj\u00e4seni\u00e4 mihink\u00e4\u00e4n ja sen my\u00f6t\u00e4 Hol kiitoksena tarjoaa omia j\u00e4senetuja, joista on l\u00f6ydett\u00e4viss\u00e4 tarkemmin tietoa alempana.<\/p>\n<p>J\u00e4senyys molemmissa tapauksissa on aina kerrallaan yhden ajan voimassa alkaen ensimm\u00e4inen p\u00e4iv\u00e4 elokuuta (1.8.) ja p\u00e4\u00e4ttyen seuraavan vuoden hein\u00e4kuun viimeisen\u00e4 p\u00e4iv\u00e4n\u00e4 (31.7.). Hol l\u00e4hett\u00e4\u00e4 kaikille edellisen\u00e4 vuonna sek\u00e4 kertaluontoisiksi ett\u00e4 toistaiseksi voimassa oleville liittyneille kannatusj\u00e4senilleen hyviss\u00e4 ajoin touko-hein\u00e4kuussa j\u00e4senmaksut s\u00e4hk\u00f6postitse.\u00a0 Maksamalla j\u00e4senmaksun henkil\u00f6 vahvistaa kannatusj\u00e4senyytens\u00e4 aina vuodeksi eteenp\u00e4in. Maksamatta j\u00e4tt\u00e4neiden henkil\u00f6iden tiedot poistetaan kannatusj\u00e4sentietokannasta seuraavan yhdistyksen syyskokouksen yhteydess\u00e4.<\/p>\n<h2 style=\"text-align: left;\"><span style=\"color: #000000;\">Mitk\u00e4 ovat Holin kannatusj\u00e4senedut?<\/span><\/h2>\n<p>Hol tarjoaa kaikille kannatusj\u00e4senilleen kiitokseksi heid\u00e4n antamastaan rahallisesta tuesta seuraavia j\u00e4senetuja:<\/p>\n<ol>\n<li>Kaikille kannatusj\u00e4senille l\u00e4het\u00e4\u00e4n s\u00e4hk\u00f6isesti tiedotteita ja kutsuja Holin ymp\u00e4ri Suomea\u00a0\u00a0j\u00e4rjest\u00e4miin tapahtumiin. Kannatusj\u00e4senille l\u00e4het\u00e4\u00e4n my\u00f6s s\u00e4hk\u00f6isesti yhdistyksen vuosikertomus.<\/li>\n<li>\u00a0Kaikille kannatusj\u00e4senille l\u00e4hetet\u00e4\u00e4n joko s\u00e4hk\u00f6isesti tai postitse Holin oma j\u00e4senlehti Holkki\u00a0\u00a0kahdesti vuodessa.<\/li>\n<li>Hol tarjoaa kaikille kannatusj\u00e4senilleen julkaisutilaa sen yll\u00e4pit\u00e4mill\u00e4 eri media-alustoilla, johon kuuluvat yhdistyksen nettisivujen kautta toimiva Hol-blogi ja kahdesti vuodessa ilmestyv\u00e4 j\u00e4senlehti Holkki. Samalla Hol tarjoaa my\u00f6s julkaisuille n\u00e4kyvyytt\u00e4 omien somekanaviensa (Facebookin, Instagramin ja Twitterin) kautta\n<p>Media-alustoilla olevien julkaisujen pit\u00e4\u00e4 olla historia-aiheisia ja sanomaltaan yhdistyksen toimintaperiaatteiden mukaisua. Kaikki julkaisuja koskevat yhteydenotot voi l\u00e4hett\u00e4\u00e4 Holi tiedotusvastaavalle (tiedottaja[at]hol.fi), jonka kanssa voi sopia julkaisupaikasta, -tavasta ja -ajankohdasta.<\/li>\n<li>\u00a0Kannatusj\u00e4senen suostumukselle h\u00e4nen nimens\u00e4 julkaistaan kiitoksena Holin nettisivuilla kannatusj\u00e4senlistassa ja j\u00e4senlehti Holkin sivuilla.<\/li>\n<li>Kaikki kannatusj\u00e4senmaksun maksaneet ovat turvanneet historian oppiaineelle ja sen opiskelijoille paremman tulavaisuuden tukemalla sen etujen ajajaa Suomessa.<\/li>\n<\/ol>\n<h2 style=\"text-align: left;\"><span style=\"color: #000000;\">Miten voin liitty\u00e4 kannatusj\u00e4seneksi?\u00a0<\/span><\/h2>\n<p style=\"text-align: left;\"><p class=\"wpcf7-contact-form-not-found\"><strong>Virhe:<\/strong> Yhteydenottolomaketta ei l\u00f6ytynyt.<\/p><\/p>\n","protected":false},"excerpt":{"rendered":"<p>Historian Opiskelijain Liitolla on varsinaisten j\u00e4sentens\u00e4 lis\u00e4ksi my\u00f6s kannatusj\u00e4seni\u00e4, jotka vuosittaisen kannatusj\u00e4senmaksun (25,00 \u20ac) avulla tukevat\u00a0 Holia sen ty\u00f6ss\u00e4 Suomen historian opiskelijoiden hyv\u00e4ksi. Kaikki t\u00e4m\u00e4n p\u00e4\u00e4m\u00e4\u00e4r\u00e4n allekirjoittavat yksityis- ja oikeushenkil\u00f6t voivat liitty\u00e4 kertaluontoiseksi\u00a0tai\u00a0toistaiseksi voimassa olevaksi\u00a0kannatusj\u00e4seneksi. Maksu ei sido kannatusj\u00e4seni\u00e4 mihink\u00e4\u00e4n ja sen my\u00f6t\u00e4 Hol kiitoksena tarjoaa omia j\u00e4senetuja, joista on l\u00f6ydett\u00e4viss\u00e4 tarkemmin tietoa alempana. J\u00e4senyys &hellip; <\/p>\n<p><a class=\"more-link btn\" href=\"https:\/\/hol.fi\/?page_id=106\">Jatka lukemista<\/a><\/p>\n","protected":false},"author":1,"featured_media":2855,"parent":0,"menu_order":2,"comment_status":"closed","ping_status":"closed","template":"","meta":{"footnotes":""},"_links":{"self":[{"href":"https:\/\/hol.fi\/index.php?rest_route=\/wp\/v2\/pages\/106"}],"collection":[{"href":"https:\/\/hol.fi\/index.php?rest_route=\/wp\/v2\/pages"}],"about":[{"href":"https:\/\/hol.fi\/index.php?rest_route=\/wp\/v2\/types\/page"}],"author":[{"embeddable":true,"href":"https:\/\/hol.fi\/index.php?rest_route=\/wp\/v2\/users\/1"}],"replies":[{"embeddable":true,"href":"https:\/\/hol.fi\/index.php?rest_route=%2Fwp%2Fv2%2Fcomments&post=106"}],"version-history":[{"count":31,"href":"https:\/\/hol.fi\/index.php?rest_route=\/wp\/v2\/pages\/106\/revisions"}],"predecessor-version":[{"id":2976,"href":"https:\/\/hol.fi\/index.php?rest_route=\/wp\/v2\/pages\/106\/revisions\/2976"}],"wp:featuredmedia":[{"embeddable":true,"href":"https:\/\/hol.fi\/index.php?rest_route=\/wp\/v2\/media\/2855"}],"wp:attachment":[{"href":"https:\/\/hol.fi\/index.php?rest_route=%2Fwp%2Fv2%2Fmedia&parent=106"}],"curies":[{"name":"wp","href":"https:\/\/api.w.org\/{rel}","templated":true}]}}