{"id":132,"date":"2013-04-15T19:52:14","date_gmt":"2013-04-15T16:52:14","guid":{"rendered":"http:\/\/historianopiskelijainliitto.com\/?page_id=132"},"modified":"2026-03-04T18:21:39","modified_gmt":"2026-03-04T16:21:39","slug":"hallitus-2013-2014","status":"publish","type":"page","link":"https:\/\/hol.fi\/?page_id=132","title":{"rendered":"Hallitus kaudella 2026"},"content":{"rendered":"<h3 style=\"text-align: center;\"><strong>Holin puheenjohtaja: Timi V\u00e4h\u00e4sarja (<\/strong><strong>Tiima ry<\/strong><strong>)<\/strong><\/h3>\n<p style=\"text-align: center;\">Yhteystiedot: pj [at] hol.fi tai tvahasar22 [at] student.oulu.fi<\/p>\n<hr \/>\n<h3 style=\"text-align: center;\"><strong>Holin varapuheenjohtaja: Tuomo Koljonen (Kronos ry)<\/strong><\/h3>\n<p style=\"text-align: center;\">Yhteystiedot: tuomo.koljonen [at] helsinki.fi<\/p>\n<hr \/>\n<h3 style=\"text-align: center;\"><strong>Holin sihteeri: <\/strong><strong>Pauliina Jaakola (Tiima ry<\/strong><strong>)<\/strong><\/h3>\n<p style=\"text-align: center;\">Yhteystiedot: pjaakola21 [at]\u00a0student.oulu.fi<\/p>\n<hr \/>\n<h3 style=\"text-align: center;\"><strong>Holin taloudenhoitaja: Joni Riihim\u00e4ki (<\/strong><strong>Tiima ry<\/strong><strong>)<\/strong><\/h3>\n<p style=\"text-align: center;\">Yhteystiedot: joni.riihimaki [at] student.oulu.fi<\/p>\n<hr \/>\n<h3 style=\"text-align: center;\">Holin nettisivuvastaava: Ruusu Markus (Tiima ry)<\/h3>\n<p style=\"text-align: center;\">Yhteystiedot: ruusu.markus [at] student.oulu.fi<\/p>\n<hr \/>\n<h3 style=\"text-align: center;\"><strong>Holin tiedottaja: <\/strong><strong>Pauliina Jaakola (Tiima ry<\/strong><strong>)<\/strong><\/h3>\n<p style=\"text-align: center;\">\u00a0 Yhteystiedot: tiedottaja [at] hol.fi tai pjaakola21 [at]\u00a0student.oulu.fi<\/p>\n<hr \/>\n<h3 style=\"text-align: center;\">Holin opiskelijaedustaja Historian yst\u00e4v\u00e4in liitossa: <strong>Tuomo Koljonen (Kronos ry)<\/strong><\/h3>\n<p style=\"text-align: center;\">Yhteystiedot: tuomo.koljonen [at] helsinki.fi<\/p>\n<hr \/>\n<h3 style=\"text-align: center;\"><strong>Holin opiskelijaedustaja Historioitsijat ilman rajoja -yhdistyksess\u00e4: Elli Kivivuori (Tosine ry)<\/strong><\/h3>\n<p style=\"text-align: center;\">Yhteystiedot: elilkivi [at] student.oulu.fi<\/p>\n<hr \/>\n<h3 style=\"text-align: center;\"><strong>Holin edunvalvontavastaava: Kaisla Kontkanen (P-klubi ry)<br \/>\n<\/strong><\/h3>\n<p style=\"text-align: center;\">Yhteystiedot: kaisla.a.kontkanen [at] utu.fi<\/p>\n<hr \/>\n<h3 style=\"text-align: center;\"><strong>Holin yhdenvertaisuusvastaava: Susi Lepist\u00f6 (Kritiikki ry)<br \/>\n<\/strong><\/h3>\n<p style=\"text-align: center;\"><span style=\"text-align: center;\">Yhteystiedot: sklepi [at] utu.fi<\/span><\/p>\n<hr \/>\n<h3 style=\"text-align: center;\"><strong>Holin hallituksen j\u00e4sen: Emmi Nikumatti (Patina ry)<\/strong><\/h3>\n<p style=\"text-align: center;\">Yhteystiedot: emmi.nikumatti [at] tuni.fi<\/p>\n<hr \/>\n<h3 style=\"text-align: center;\">Holin hallituksen j\u00e4sen: Lucas Kuronen (Varnitsa ry)<\/h3>\n<p style=\"text-align: center;\">Yhteystiedot: lucakuro [at] uef.fi<\/p>\n<hr \/>\n<h3 style=\"text-align: center;\">Holin hallituksen j\u00e4sen: Emil Olofsson (Kleio rf)<\/h3>\n<p style=\"text-align: center;\">Yhteystiedot: emil.olofsson [at] abo.fi<\/p>\n<hr \/>\n<h3 style=\"text-align: center;\">Holin hallituksen j\u00e4sen: Mirjam Lillhannus (Historicus rf)<\/h3>\n<p style=\"text-align: center;\">Yhteystiedot: mirjam.lillhannus [at] helsinki.fi<\/p>\n<p style=\"text-align: center;\"><strong>PS. Seuraa Holia somessa, niin sinulta ei j\u00e4\u00e4 v\u00e4list\u00e4 uusimmat k\u00e4\u00e4nteet!<\/strong><\/p>\n<p style=\"text-align: center;\"><a href=\"https:\/\/www.facebook.com\/HOLry\/\"><img loading=\"lazy\" decoding=\"async\" class=\"alignnone size-full wp-image-2338\" src=\"http:\/\/hol.fi\/wp-content\/uploads\/2018\/01\/fb-art-e1516396174944.png\" alt=\"\" width=\"100\" height=\"100\" \/><\/a><a href=\"https:\/\/www.instagram.com\/historianopiskelijainliitto\/?hl=fi\"><img loading=\"lazy\" decoding=\"async\" class=\"alignnone size-full wp-image-1966\" src=\"http:\/\/hol.fi\/wp-content\/uploads\/2016\/11\/Instagram_logo_2016.svg_-e1479931084536.png\" alt=\"\" width=\"100\" height=\"100\" \/><\/a><\/p>\n","protected":false},"excerpt":{"rendered":"<p>Holin puheenjohtaja: Timi V\u00e4h\u00e4sarja (Tiima ry) Yhteystiedot: pj [at] hol.fi tai tvahasar22 [at] student.oulu.fi Holin varapuheenjohtaja: Tuomo Koljonen (Kronos ry) Yhteystiedot: tuomo.koljonen [at] helsinki.fi Holin sihteeri: Pauliina Jaakola (Tiima ry) Yhteystiedot: pjaakola21 [at]\u00a0student.oulu.fi Holin taloudenhoitaja: Joni Riihim\u00e4ki (Tiima ry) Yhteystiedot: joni.riihimaki [at] student.oulu.fi Holin nettisivuvastaava: Ruusu Markus (Tiima ry) Yhteystiedot: ruusu.markus [at] student.oulu.fi Holin tiedottaja: &hellip; <\/p>\n<p><a class=\"more-link btn\" href=\"https:\/\/hol.fi\/?page_id=132\">Jatka lukemista<\/a><\/p>\n","protected":false},"author":1,"featured_media":0,"parent":59,"menu_order":2,"comment_status":"closed","ping_status":"closed","template":"","meta":{"footnotes":""},"_links":{"self":[{"href":"https:\/\/hol.fi\/index.php?rest_route=\/wp\/v2\/pages\/132"}],"collection":[{"href":"https:\/\/hol.fi\/index.php?rest_route=\/wp\/v2\/pages"}],"about":[{"href":"https:\/\/hol.fi\/index.php?rest_route=\/wp\/v2\/types\/page"}],"author":[{"embeddable":true,"href":"https:\/\/hol.fi\/index.php?rest_route=\/wp\/v2\/users\/1"}],"replies":[{"embeddable":true,"href":"https:\/\/hol.fi\/index.php?rest_route=%2Fwp%2Fv2%2Fcomments&post=132"}],"version-history":[{"count":258,"href":"https:\/\/hol.fi\/index.php?rest_route=\/wp\/v2\/pages\/132\/revisions"}],"predecessor-version":[{"id":44743,"href":"https:\/\/hol.fi\/index.php?rest_route=\/wp\/v2\/pages\/132\/revisions\/44743"}],"up":[{"embeddable":true,"href":"https:\/\/hol.fi\/index.php?rest_route=\/wp\/v2\/pages\/59"}],"wp:attachment":[{"href":"https:\/\/hol.fi\/index.php?rest_route=%2Fwp%2Fv2%2Fmedia&parent=132"}],"curies":[{"name":"wp","href":"https:\/\/api.w.org\/{rel}","templated":true}]}}