{"id":163,"date":"2013-04-15T20:15:06","date_gmt":"2013-04-15T17:15:06","guid":{"rendered":"http:\/\/historianopiskelijainliitto.com\/?page_id=163"},"modified":"2017-09-19T18:35:11","modified_gmt":"2017-09-19T15:35:11","slug":"ita-suomen-yliopisto","status":"publish","type":"page","link":"https:\/\/hol.fi\/?page_id=163","title":{"rendered":"It\u00e4-Suomen yliopisto"},"content":{"rendered":"<p style=\"text-align: justify;\" align=\"JUSTIFY\"><span style=\"color: #000000;\"><a href=\"http:\/\/hol.fi\/wp-content\/uploads\/2013\/04\/Metria-Joensuu.jpg\"><img loading=\"lazy\" decoding=\"async\" class=\"alignright\" alt=\"Metria\" src=\"http:\/\/hol.fi\/wp-content\/uploads\/2013\/04\/Metria-Joensuu-300x195.jpg\" width=\"300\" height=\"195\" \/><\/a>It\u00e4-Suomen yliopiston Historia- ja maantieteiden laitoksella voi opiskella p\u00e4\u00e4aineena: <\/span><\/p>\n<ul style=\"text-align: justify;\">\n<li><span style=\"color: #000000;\"><strong>Suomen historiaa<\/strong><\/span><\/li>\n<li><span style=\"color: #000000;\"><strong>Yleist\u00e4 historiaa<\/strong><\/span><\/li>\n<\/ul>\n<p style=\"text-align: justify;\"><span style=\"color: #000000;\">Maisterin tutkinnon voi suorittaa kokonaan englanniksi <i>Border Crossings: Global and Local Societies in Transition<\/i> ja <i>Environment, Natural Resources and Climate Change<\/i> -maisteriohjelmissa. Laitos koordinoi monitieteist\u00e4, kansainv\u00e4list\u00e4 <i>Karelia, Russia and the Baltia Area<\/i> -ohjelmaa sek\u00e4 seuraavia sivuainekokonaisuuksia: aineenopettajan yhteiskuntatieteellinen opintokokonaisuus, arkistoalan opinnot, arkeologian perusopinnot\u00a0ja Ven\u00e4j\u00e4- ja rajatutkimuksen opinnot. <\/span><\/p>\n<p style=\"text-align: justify;\"><span style=\"color: #000000;\">Historian tutkimus painottuu eurooppalaisen yhteiskuntakehityksen ja\u00a0kulttuurin sek\u00e4\u00a0luonnonresurssien k\u00e4yt\u00f6n tarkasteluun aina J\u00e4\u00e4meren\u00a0rannoilta\u00a0It\u00e4merelle. Keskeisi\u00e4 historiallisen tutkimuksen osaamisen alueitamme ovat:<\/span><\/p>\n<ul>\n<li style=\"text-align: justify;\"><span style=\"color: #000000;\">rajat ja raja-alueet<\/span><\/li>\n<li style=\"text-align: justify;\"><span style=\"color: #000000;\">eurooppalainen valtionmuodostus<\/span><\/li>\n<li style=\"text-align: justify;\"><span style=\"color: #000000;\">koulutuksen historia<\/span><\/li>\n<li style=\"text-align: justify;\"><span style=\"color: #000000;\">terveys ja hyvinvointi<\/span><\/li>\n<\/ul>\n<p style=\"text-align: justify;\"><span style=\"color: #000000;\">Laitoksella k\u00e4y vuosittain useita vierailevia luennoijia pit\u00e4m\u00e4ss\u00e4 opintojaksoja omista erikoisalueistaan. Syvent\u00e4viss\u00e4 opinnoissa on valittavissa useita eri opintokokonaisuuksia, kuten esimerkiksi liikuntahistoriaa, Afrikan historiaa, sotahistoriaa ja Neuvostoliiton historiaa.<\/span><\/p>\n<p style=\"text-align: justify;\" align=\"JUSTIFY\"><span style=\"color: #000000;\">Lis\u00e4tietoa:<\/span> <a href=\"http:\/\/www.uef.fi\/fi\/web\/geohistoria\/home\" target=\"_blank\">Historia- ja maantieteiden laitos<\/a><\/p>\n<p><span style=\"color: #000000;\">\u00a0\u00a0 <\/span><\/p>\n","protected":false},"excerpt":{"rendered":"<p>It\u00e4-Suomen yliopiston Historia- ja maantieteiden laitoksella voi opiskella p\u00e4\u00e4aineena: Suomen historiaa Yleist\u00e4 historiaa Maisterin tutkinnon voi suorittaa kokonaan englanniksi Border Crossings: Global and Local Societies in Transition ja Environment, Natural Resources and Climate Change -maisteriohjelmissa. Laitos koordinoi monitieteist\u00e4, kansainv\u00e4list\u00e4 Karelia, Russia and the Baltia Area -ohjelmaa sek\u00e4 seuraavia sivuainekokonaisuuksia: aineenopettajan yhteiskuntatieteellinen opintokokonaisuus, arkistoalan opinnot, arkeologian &hellip; <\/p>\n<p><a class=\"more-link btn\" href=\"https:\/\/hol.fi\/?page_id=163\">Jatka lukemista<\/a><\/p>\n","protected":false},"author":1,"featured_media":0,"parent":62,"menu_order":0,"comment_status":"closed","ping_status":"closed","template":"","meta":{"footnotes":""},"_links":{"self":[{"href":"https:\/\/hol.fi\/index.php?rest_route=\/wp\/v2\/pages\/163"}],"collection":[{"href":"https:\/\/hol.fi\/index.php?rest_route=\/wp\/v2\/pages"}],"about":[{"href":"https:\/\/hol.fi\/index.php?rest_route=\/wp\/v2\/types\/page"}],"author":[{"embeddable":true,"href":"https:\/\/hol.fi\/index.php?rest_route=\/wp\/v2\/users\/1"}],"replies":[{"embeddable":true,"href":"https:\/\/hol.fi\/index.php?rest_route=%2Fwp%2Fv2%2Fcomments&post=163"}],"version-history":[{"count":14,"href":"https:\/\/hol.fi\/index.php?rest_route=\/wp\/v2\/pages\/163\/revisions"}],"predecessor-version":[{"id":2238,"href":"https:\/\/hol.fi\/index.php?rest_route=\/wp\/v2\/pages\/163\/revisions\/2238"}],"up":[{"embeddable":true,"href":"https:\/\/hol.fi\/index.php?rest_route=\/wp\/v2\/pages\/62"}],"wp:attachment":[{"href":"https:\/\/hol.fi\/index.php?rest_route=%2Fwp%2Fv2%2Fmedia&parent=163"}],"curies":[{"name":"wp","href":"https:\/\/api.w.org\/{rel}","templated":true}]}}