{"id":1649,"date":"2015-02-02T16:05:46","date_gmt":"2015-02-02T14:05:46","guid":{"rendered":"http:\/\/hol.fi\/?page_id=1649"},"modified":"2019-10-11T12:35:57","modified_gmt":"2019-10-11T09:35:57","slug":"kevatseminaari-helsingissa-7-3-2015","status":"publish","type":"page","link":"https:\/\/hol.fi\/?page_id=1649","title":{"rendered":"Kev\u00e4tseminaari Helsingiss\u00e4 7.3.2015"},"content":{"rendered":"<p>&#8221;Aikamme suuria kysymyksi\u00e4 ei p\u00e4\u00e4tet\u00e4 puheilla ja enemmist\u00f6p\u00e4\u00e4t\u00f6ksill\u00e4&#8230; vaan raudalla ja verell\u00e4&#8221;<\/p>\n<p>&#8221;Vahvat tekev\u00e4t mink\u00e4 voivat ja heikot k\u00e4rsiv\u00e4t mink\u00e4 joutuvat.&#8221;<\/p>\n<p>&#8221;Jokainen todellinen poliittinen teoria edellytt\u00e4\u00e4 ihmisen olevan paha.&#8221;<\/p>\n<p>VALHEITA. Niit\u00e4 meille jaeltiin! Valheita ja petoksia. Saksalaiset kiipe\u00e4m\u00e4ss\u00e4 Berliinin muurin yli ilon kyyneleet virraten, Jeltsin seisomassa tankin p\u00e4\u00e4ll\u00e4 kuin ylv\u00e4s puhveli ja EU-arkkitehdit lupaamassa rauhaa ja vakautta. Historian piti p\u00e4\u00e4tty\u00e4 liberaalin demokratian voitoksi. Mutta toisin k\u00e4vi.Yhdysvalloissa on rotumellakoita ja Ven\u00e4j\u00e4 k\u00e4y sotaa rajoillaan. 60-luku ei loppunut.<\/p>\n<p>Unohdimme, ett\u00e4 kansainv\u00e4linen oikeus ei ole verta eik\u00e4 rautaa vahvempi. Eurooppa diskuteeraa, kun Putinin pienet vihre\u00e4t miehet k\u00e4velev\u00e4t rajojen yli. Suurvallat ovat keskuudessamme halusimme sit\u00e4 tai emme. T\u00e4m\u00e4 oli suurin valhein&nbsp;kaikista ja sen me kerroimme itsellemme. Halusimme unohtaa menneen maailman, joka tosiasiassa ajoi meist\u00e4 ohi. Valta ja v\u00e4kivalta m\u00e4\u00e4r\u00e4\u00e4v\u00e4t tulevaisuuden tahdin.<\/p>\n<p>Nyt on tullut tilinteon hetki. Historian opiskelijain liitto kutsuu 7. maaliskuuta koolle suurseminaarin, jossa valtapolitiikasta puhuvat Ohto Rintala, Tiina Airaksinen, Inka Nokso-Koivisto ja Hanna Kuusi. Jos emme voi muuttaa maailmaa, niin voimme v\u00e4hint\u00e4\u00e4n ymm\u00e4rt\u00e4\u00e4 sit\u00e4.<\/p>\n<p>Seminaari alkaa lauantaina 7.3. klo 11.00 Tieteiden talolla osoitteessa Kirkkokatu 6. Suuret ja mahtavat meiningit jatkuvat 18.30 sitseill\u00e4 Satakuntalaisen osakunnan tiloissa osoitteessa Lapinrinne 1 A 8. Samaan aikaan sitsien kanssa j\u00e4rjestet\u00e4\u00e4n kaikille avoin illanvietto Uuden ylioppilastalon viidenness\u00e4 kerroksessa humanistiklusterilla. Sitsien jatkot alkavat samassa tilassa kello 23.00. Sitseille ilmoittaudutaan e-lomakkeella, joka jaetaan my\u00f6hemmin Facebook-tapahtumaan. Sitsit kustantavat 13e\/11e.<\/p>\n<p>Sitsien Facebook-tapahtuma:<br \/>\n<a href=\"https:\/\/www.facebook.com\/events\/1541675316083326\/\" rel=\"nofollow\">https:\/\/www.facebook.com\/<wbr>events\/1541675316083326\/<\/a><\/p>\n<p>Oheistoiminnan Facebook-tapahtuma<br \/>\n<a href=\"https:\/\/www.facebook.com\/events\/1397023637275219\/\" rel=\"nofollow\">https:\/\/www.facebook.com\/<wbr>events\/1397023637275219\/<\/a><\/p>\n<p>Majoitus: Ilmoittautuminen majoitukseen hoidetaan oman ainej\u00e4rjest\u00f6n Hol-vastaavan kautta. Viimeinen p\u00e4iv\u00e4m\u00e4\u00e4r\u00e4 majoitukseen ilmoittautumiselle on 25.2. Majoitus la\u2013su-y\u00f6lt\u00e4 kustantaa 20 euroa\/hl\u00f6.<\/p>\n<p>Liiton vuosikokous j\u00e4rjestet\u00e4\u00e4n Uuden ylioppilastalon kolmannessa kerroksessa Marx-huoneessa sunnuntaina 8.3. klo 12.00.<\/p>\n<p>SEMINAARIN PUHUJAT &amp; AIKATAULU<\/p>\n<p>11.00 \/ Alkusanat<\/p>\n<p>11.15 \/\/ Tiina Airaksinen: &#8221;Kiinan matka keskusvallasta suurvallaksi&#8221;<\/p>\n<p>12.00 \/\/ Ohto Rintala: &#8221;Ulkoministeri\u00f6n vuosien 1942\u20131945 sodanj\u00e4lkeinen suunnittelu ja Yhdysvaltain nousu globaaliksi suurvallaksi toisen maailmansodan aikana&#8221;<\/p>\n<p>12.45 \/ Historiallisen yhdistyksen gradupalkinto<\/p>\n<p>13.15 \/ Lounastauko<\/p>\n<p>15.00 \/\/ Inka Nokso-Koivisto: &#8221;Ptolemaios vai Koraani?<br \/>\nUskonnon roolista islamilaisen keskiajan maantieteess\u00e4&#8221;<\/p>\n<p>16.00 \/\/ Hanna Kuusi: &#8221;Kylm\u00e4\u00e4 sotaa keitti\u00f6ll\u00e4 \u2013 The Kitchen Debate 1959&#8221;<\/p>\n<p>&nbsp;<\/p>\n<p>YHTEISTY\u00d6SS\u00c4<\/p>\n<p><em id=\"__mceDel\">Yhteiskunta-alan korkeakoulutetut ry<br \/>\n<a href=\"http:\/\/l.facebook.com\/l.php?u=http%3A%2F%2Fwww.yhteiskunta-ala.fi%2F&amp;h=OAQHTvbrJ&amp;enc=AZPowr8y55KRTQRRGpFMTQxUxou3l9v1BRcSQucwcCq76C2qHcsy3qULOvdFiH_Qqd4&amp;s=1\" target=\"_blank\" rel=\"nofollow noopener noreferrer\">http:\/\/<wbr>www.yhteiskunta-ala.fi\/<\/a><\/em><\/p>\n<p><em id=\"__mceDel\"><br \/>\n<\/em><em id=\"__mceDel\">SPECIA<br \/>\n<a href=\"http:\/\/l.facebook.com\/l.php?u=http%3A%2F%2Fwww.specia.fi%2F&amp;h=5AQF70vgk&amp;enc=AZPtKLQwML0Dw2Pufw6wGTSTMjJMZW0aJKT5_IB0YvQXQf6l_oIyk0ltyncEYT9Wido&amp;s=1\" target=\"_blank\" rel=\"nofollow noopener noreferrer\">http:\/\/www.specia.fi\/<\/a><\/em><\/p>\n","protected":false},"excerpt":{"rendered":"<p>&#8221;Aikamme suuria kysymyksi\u00e4 ei p\u00e4\u00e4tet\u00e4 puheilla ja enemmist\u00f6p\u00e4\u00e4t\u00f6ksill\u00e4&#8230; vaan raudalla ja verell\u00e4&#8221; &#8221;Vahvat tekev\u00e4t mink\u00e4 voivat ja heikot k\u00e4rsiv\u00e4t mink\u00e4 joutuvat.&#8221; &#8221;Jokainen todellinen poliittinen teoria edellytt\u00e4\u00e4 ihmisen olevan paha.&#8221; VALHEITA. Niit\u00e4 meille jaeltiin! Valheita ja petoksia. Saksalaiset kiipe\u00e4m\u00e4ss\u00e4 Berliinin muurin yli ilon kyyneleet virraten, Jeltsin seisomassa tankin p\u00e4\u00e4ll\u00e4 kuin ylv\u00e4s puhveli ja EU-arkkitehdit lupaamassa rauhaa &hellip; <\/p>\n<p><a class=\"more-link btn\" href=\"https:\/\/hol.fi\/?page_id=1649\">Jatka lukemista<\/a><\/p>\n","protected":false},"author":1,"featured_media":0,"parent":3132,"menu_order":9,"comment_status":"open","ping_status":"closed","template":"","meta":{"footnotes":""},"_links":{"self":[{"href":"https:\/\/hol.fi\/index.php?rest_route=\/wp\/v2\/pages\/1649"}],"collection":[{"href":"https:\/\/hol.fi\/index.php?rest_route=\/wp\/v2\/pages"}],"about":[{"href":"https:\/\/hol.fi\/index.php?rest_route=\/wp\/v2\/types\/page"}],"author":[{"embeddable":true,"href":"https:\/\/hol.fi\/index.php?rest_route=\/wp\/v2\/users\/1"}],"replies":[{"embeddable":true,"href":"https:\/\/hol.fi\/index.php?rest_route=%2Fwp%2Fv2%2Fcomments&post=1649"}],"version-history":[{"count":6,"href":"https:\/\/hol.fi\/index.php?rest_route=\/wp\/v2\/pages\/1649\/revisions"}],"predecessor-version":[{"id":3219,"href":"https:\/\/hol.fi\/index.php?rest_route=\/wp\/v2\/pages\/1649\/revisions\/3219"}],"up":[{"embeddable":true,"href":"https:\/\/hol.fi\/index.php?rest_route=\/wp\/v2\/pages\/3132"}],"wp:attachment":[{"href":"https:\/\/hol.fi\/index.php?rest_route=%2Fwp%2Fv2%2Fmedia&parent=1649"}],"curies":[{"name":"wp","href":"https:\/\/api.w.org\/{rel}","templated":true}]}}