{"id":1673,"date":"2015-04-10T23:54:35","date_gmt":"2015-04-10T20:54:35","guid":{"rendered":"http:\/\/hol.fi\/?page_id=1673"},"modified":"2019-10-11T12:34:48","modified_gmt":"2019-10-11T09:34:48","slug":"syysseminaari-joensuussa-2015","status":"publish","type":"page","link":"https:\/\/hol.fi\/?page_id=1673","title":{"rendered":"Syysseminaari Oulussa 26.11.2016"},"content":{"rendered":"<p style=\"text-align: center;\"><a href=\"http:\/\/hol.fi\/wp-content\/uploads\/2016\/11\/aasian-historia-oulu-2016.jpg\"><img loading=\"lazy\" decoding=\"async\" class=\" wp-image-1961 aligncenter\" alt=\"aasian historia, oulu 2016\" src=\"http:\/\/hol.fi\/wp-content\/uploads\/2016\/11\/aasian-historia-oulu-2016.jpg\" width=\"1600\" height=\"1131\" srcset=\"https:\/\/hol.fi\/wp-content\/uploads\/2016\/11\/aasian-historia-oulu-2016.jpg 1600w, https:\/\/hol.fi\/wp-content\/uploads\/2016\/11\/aasian-historia-oulu-2016-300x212.jpg 300w\" sizes=\"(max-width: 1600px) 100vw, 1600px\" \/><\/a><\/p>\n<p><strong>Tervetuloa Historian opiskelijoiden liiton syysseminaariin Ouluun 25.-26.11.2016!<\/strong><\/p>\n<p>Aasian valtavan rikkaasta kulttuurien moninaisuudesta l\u00f6ytyy lukemattomia syventymisen aiheita historioitsijalle. Tule kuuntelemaan t\u00e4st\u00e4 pintaraapaisun verran Ouluun ja innostu Aasian historiasta!<\/p>\n<p>Kinkerit alkavat jo perjantaina klo 16.00 saunaillan ja vapaaehtoisen, joskin palkinnollisen, kaupunkisuunnistuksen merkeiss\u00e4. \u00c4lk\u00e4\u00e4 kuitenkaan viihtyk\u00f6 liian pitk\u00e4\u00e4n sill\u00e4 varsinainen seminaari alkaa lauantaina klo 11.00 Oulun Yliopistolla Tellus &#8211; Innovation Arenan tiloissa. Linkki perjantain ohjelmaan ois t\u00e4ss\u00e4:<\/p>\n<p>https:\/\/www.facebook.com\/events\/352573218422669\/<\/p>\n<p>Seminaarin aikataulu ja puhujat<\/p>\n<p>11.00-11.05 Hol-vastaava Kimmo M\u00e4kel\u00e4: Aloitussanat<br \/>\n11.00-12.00 Olavi F\u00e4lt ( Yokohama kulttuurien kohtaamispisteen\u00e4 1860- ja 1870-luvuilla)<br \/>\n12.00-13.00 Lounas<br \/>\n13.00-14.00 Joni Partanen ( Hiroshiman ja Nagasakin atomipommeista syntynyt s\u00e4teilytutkimus 1945-2015.)<br \/>\n14.00-14.05 Hol ry:n hallitus: Holin terveiset<br \/>\n14.05-14.30 Ritva Kylli ( Aasia lautasella \u2013 uudenlaisia kulutustottumuksia 1700-luvun Euroopassa)<br \/>\n14.30-15.00 Kahvitauko<br \/>\n15.00-16.00 Erkki Urpilainen (Juche)<\/p>\n<p>Aamulla ja iltap\u00e4iv\u00e4ll\u00e4 Tiima ry tarjoaa vieraille kahvit, teet ja purtavat. Seminaarin aikana on my\u00f6s mahdollista ostaa uusimman praavda-lehden sek\u00e4 Tiiman sukupuolineutraalin mieskalenterin combo naurettavan edulliseen kuuden (6) euron hintaan! Tarjous on ainutkertainen. Eik\u00e4 t\u00e4ss\u00e4 viel\u00e4 kaikki: Historian opiskelijoiden liitto tarjoaa j\u00e4senilleen my\u00f6s ilmaisen Hol-lehden.<\/p>\n<p>Seminaari loppuu klo 16.00. Iltaohjelma alkaa Aasian monimuotoisuus &#8211; sitsien ja sitsaamattomille lupsakoiden oheisaktiviteettien merkeiss\u00e4 V\u00e4livainion tukikohdassa klo 19.00. Sitseilt\u00e4 my\u00f6h\u00e4styneit\u00e4 rankaistaan ankarammin kuin ket\u00e4\u00e4n koskaan. Ilta-ohjelman tapahtumasivut l\u00f6yd\u00e4t seuraavasta linkist\u00e4:<\/p>\n<p>https:\/\/www.facebook.com\/events\/971336782993107\/<\/p>\n<p>Ei-sitsaajien tapahtuma t\u00e4ss\u00e4:<br \/>\nhttps:\/\/www.facebook.com\/events\/1438650456152161\/<\/p>\n<p>Hotellimajoitus sit\u00e4 tarvitseville on j\u00e4rjestetty Forenom-hotelliin (Rautatienkatu 9). Majoituksen hinta on 65 \u20ac kahdesta y\u00f6st\u00e4 ja se tapahtuu kahden hengen huoneissa.<br \/>\nIlmoittautuminen hotellimajoitukseen ja sitseille tapahtuu samalla lomakkeella ja ilmoittautuminen p\u00e4\u00e4ttyy keskiviikkona 9.11. klo 25.59.<\/p>\n<p>Linkki: https:\/\/goo.gl\/forms\/RwYkVAxeEVKHVIKw1<\/p>\n<p>Hotelli ja\/tai sitsit maksetaan samalla kertaa Tiima ry:n tilille:<\/p>\n<p>Danske Bank, FI72 8000 1001 5327 13<\/p>\n<p>Viiteviestiksi ehdottomasti oma nimi! Talousvastaava my\u00f6s kiitt\u00e4\u00e4, kun ilmoitat, mist\u00e4 maksat. Eli jos aiot maksaa kavereitasi, kerro menev\u00e4tk\u00f6 he hotelliin tai sitseille.<\/p>\n<p>J\u00e4ik\u00f6 mit\u00e4\u00e4n selv\u00e4\u00e4? Kysymyksiisi vastataan pikimiten seuraavasta s\u00e4hk\u00f6postista: tiima.seminaari@gmail.com<\/p>\n<p>Tiima ry:n puolesta toivomme suuria delegaatioita eri puolilta Suomea!<\/p>\n<p>&nbsp;<\/p>\n<p><em>Yhteisty\u00f6ss\u00e4:&nbsp;<\/em><\/p>\n<p><a href=\"http:\/\/hol.fi\/wp-content\/uploads\/2016\/11\/Y_logo_musta_oranssi_rgb_1000px.jpg\"><img loading=\"lazy\" decoding=\"async\" class=\" wp-image-1962 alignleft\" alt=\"Y_logo_musta_oranssi_rgb_1000px\" src=\"http:\/\/hol.fi\/wp-content\/uploads\/2016\/11\/Y_logo_musta_oranssi_rgb_1000px.jpg\" width=\"216\" height=\"166\"><\/a><\/p>\n","protected":false},"excerpt":{"rendered":"<p>Tervetuloa Historian opiskelijoiden liiton syysseminaariin Ouluun 25.-26.11.2016! Aasian valtavan rikkaasta kulttuurien moninaisuudesta l\u00f6ytyy lukemattomia syventymisen aiheita historioitsijalle. Tule kuuntelemaan t\u00e4st\u00e4 pintaraapaisun verran Ouluun ja innostu Aasian historiasta! Kinkerit alkavat jo perjantaina klo 16.00 saunaillan ja vapaaehtoisen, joskin palkinnollisen, kaupunkisuunnistuksen merkeiss\u00e4. \u00c4lk\u00e4\u00e4 kuitenkaan viihtyk\u00f6 liian pitk\u00e4\u00e4n sill\u00e4 varsinainen seminaari alkaa lauantaina klo 11.00 Oulun Yliopistolla Tellus &hellip; <\/p>\n<p><a class=\"more-link btn\" href=\"https:\/\/hol.fi\/?page_id=1673\">Jatka lukemista<\/a><\/p>\n","protected":false},"author":1,"featured_media":0,"parent":3132,"menu_order":6,"comment_status":"open","ping_status":"closed","template":"","meta":{"footnotes":""},"_links":{"self":[{"href":"https:\/\/hol.fi\/index.php?rest_route=\/wp\/v2\/pages\/1673"}],"collection":[{"href":"https:\/\/hol.fi\/index.php?rest_route=\/wp\/v2\/pages"}],"about":[{"href":"https:\/\/hol.fi\/index.php?rest_route=\/wp\/v2\/types\/page"}],"author":[{"embeddable":true,"href":"https:\/\/hol.fi\/index.php?rest_route=\/wp\/v2\/users\/1"}],"replies":[{"embeddable":true,"href":"https:\/\/hol.fi\/index.php?rest_route=%2Fwp%2Fv2%2Fcomments&post=1673"}],"version-history":[{"count":12,"href":"https:\/\/hol.fi\/index.php?rest_route=\/wp\/v2\/pages\/1673\/revisions"}],"predecessor-version":[{"id":3216,"href":"https:\/\/hol.fi\/index.php?rest_route=\/wp\/v2\/pages\/1673\/revisions\/3216"}],"up":[{"embeddable":true,"href":"https:\/\/hol.fi\/index.php?rest_route=\/wp\/v2\/pages\/3132"}],"wp:attachment":[{"href":"https:\/\/hol.fi\/index.php?rest_route=%2Fwp%2Fv2%2Fmedia&parent=1673"}],"curies":[{"name":"wp","href":"https:\/\/api.w.org\/{rel}","templated":true}]}}