{"id":168,"date":"2013-04-15T20:17:23","date_gmt":"2013-04-15T17:17:23","guid":{"rendered":"http:\/\/historianopiskelijainliitto.com\/?page_id=168"},"modified":"2021-02-09T13:21:31","modified_gmt":"2021-02-09T11:21:31","slug":"jyvaskylan-yliopisto","status":"publish","type":"page","link":"https:\/\/hol.fi\/?page_id=168","title":{"rendered":"Jyv\u00e4skyl\u00e4n yliopisto"},"content":{"rendered":"<p style=\"text-align: justify;\"><a href=\"http:\/\/hol.fi\/wp-content\/uploads\/2013\/04\/Historica-Jyv\u00e4skyl\u00e4.jpg\"><img loading=\"lazy\" decoding=\"async\" class=\"alignright\" src=\"http:\/\/hol.fi\/wp-content\/uploads\/2013\/04\/Historica-Jyv\u00e4skyl\u00e4-300x225.jpg\" alt=\"\" width=\"240\" height=\"180\" \/><\/a><span style=\"color: #000000;\">Jyv\u00e4skyl\u00e4n Yliopistossa historiaa opetetaan Historian ja etnologian laitoksella eli Helassa. Helassa voit lukea p\u00e4\u00e4aineenasi:<\/span><\/p>\n<ul style=\"text-align: justify;\">\n<li><strong><span style=\"color: #000000;\"> Suomen historiaa <\/span><\/strong><\/li>\n<li><strong><span style=\"color: #000000;\">Yleist\u00e4 historiaa<\/span><\/strong><\/li>\n<li><strong><span style=\"color: #000000;\">Taloushistoriaa<\/span><\/strong><\/li>\n<\/ul>\n<p style=\"text-align: justify;\"><span style=\"color: #000000;\">Voit my\u00f6s tehd\u00e4 alemman korkeakoulututkinnon j\u00e4lkeen maisteritutkinnon <strong>arkistonhallinnan<\/strong> maisteriohjelmassa. <\/span><\/p>\n<p style=\"text-align: justify;\"><span style=\"color: #000000;\">Helassa on mahdollista suorittaa kandidaatin, maisterin ja tohtorin tutkinnot historian ja KUMUn (kulttuurit ja yhteis\u00f6t muuttuvassa maailmassa) oppiaineissa. Laitos tarjoaa monipuolisen, analyyttisyytt\u00e4 ja tiedon kriittist\u00e4 arviointia painottavan koulutuksen, joka mahdollistaa perinteisen opettajan ja tutkijan urien lis\u00e4ksi sijoittumisen hyvinkin erilaisiin ammatteihin.<\/span><\/p>\n<p style=\"text-align: justify;\"><span style=\"color: #000000;\">Historian ja etnologian laitoksella annettava opetus liittyy yksik\u00f6ss\u00e4 teht\u00e4v\u00e4\u00e4n tutkimukseen, jota j\u00e4sent\u00e4\u00e4 kahdeksan tutkimuskeskittym\u00e4\u00e4. Keskittymiss\u00e4 tutkitaan muun muassa arkiel\u00e4m\u00e4n historiaa ja kansankulttuurin eri puolia, sukupuolen merkityst\u00e4 yksil\u00f6iden ja yhteis\u00f6jen toiminnassa, terveyteen ja hyvinvointiin liittyvi\u00e4 kysymyksi\u00e4, poliittisten kulttuurien ja etnisten v\u00e4hemmist\u00f6jen sopeutumista sek\u00e4 k\u00f6yhyyteen ja kehitykseen liittyvi\u00e4 ongelmia ja niiden ratkaisuja. Ajallisesti laitoksella teht\u00e4v\u00e4 tutkimus ulottuu keskiajalta nykyaikaan. Helasta on mahdollista tilata my\u00f6s tutkimus jonkin yrityksen tai yhteis\u00f6n historiasta.<\/span><\/p>\n<p style=\"text-align: justify;\"><span style=\"color: #000000;\">Laitoksen tutkimuskeskittym\u00e4t ovat:<\/span><\/p>\n<ul>\n<li><a href=\"https:\/\/www.jyu.fi\/hytk\/fi\/laitokset\/hela\/tutkimus\/keskittymat\/childhood-and-education\">Childhood and Education (CE)<\/a><\/li>\n<li><a title=\"\" href=\"https:\/\/www.jyu.fi\/hytk\/fi\/laitokset\/hela\/tutkimus\/keskittymat\/early-modern-morals\" target=\"_self\" rel=\"noopener noreferrer\">Early Modern Morals<\/a><\/li>\n<li><a title=\"\" href=\"https:\/\/www.jyu.fi\/hytk\/fi\/laitokset\/hela\/tutkimus\/keskittymat\/jgeb\" target=\"_self\" rel=\"noopener noreferrer\">Talous- ja liiketoimintahistoria sek\u00e4 strategiatutkimus<\/a><\/li>\n<li><a title=\"\" href=\"https:\/\/www.jyu.fi\/hytk\/fi\/laitokset\/hela\/tutkimus\/keskittymat\/poliittisten-kulttuurien-vertaileva-tutkimus\" target=\"_self\" rel=\"noopener noreferrer\">Poliittisten kulttuurien vertaileva tutkimus<\/a><\/li>\n<li><a title=\"\" href=\"https:\/\/www.jyu.fi\/hytk\/fi\/laitokset\/hela\/tutkimus\/keskittymat\/sukupuolentutkimus\" target=\"_self\" rel=\"noopener noreferrer\">Sukupuolentutkimus<\/a><\/li>\n<li><a title=\"\" href=\"https:\/\/www.jyu.fi\/hytk\/fi\/laitokset\/hela\/tutkimus\/keskittymat\/poverty-and-development\" target=\"_self\" rel=\"noopener noreferrer\">K\u00f6yhyys ja kehitys<\/a><\/li>\n<li><a title=\"\" href=\"https:\/\/www.jyu.fi\/hytk\/fi\/laitokset\/hela\/tutkimus\/keskittymat\/terveys-ja-hyvinvointi\" target=\"_self\" rel=\"noopener noreferrer\">Terveys ja hyvinvointi<\/a><\/li>\n<li><a title=\"\" href=\"https:\/\/www.jyu.fi\/hytk\/fi\/laitokset\/hela\/tutkimus\/keskittymat\/postwar-studies\" target=\"_self\" rel=\"noopener noreferrer\">Postwar studies<\/a><\/li>\n<li><a title=\"\" href=\"https:\/\/www.jyu.fi\/hytk\/fi\/laitokset\/hela\/tutkimus\/keskittymat\/mobility\" target=\"_self\" rel=\"noopener noreferrer\">Mobility, Networks &amp; Modernity<\/a><\/li>\n<\/ul>\n<p><span style=\"color: #000000;\">Lis\u00e4tietoa: <a href=\"https:\/\/www.jyu.fi\/hytk\/fi\/laitokset\/hela\" target=\"_blank\" rel=\"noopener noreferrer\">Historian ja etnologian laitos<\/a><\/span><\/p>\n<p><span style=\"font-family: Times New Roman,serif;\"><span style=\"font-size: medium;\"><span style=\"font-family: Times New Roman,serif;\"><span style=\"font-size: medium;\">\u00a0<\/span><\/span><\/span><\/span><\/p>\n","protected":false},"excerpt":{"rendered":"<p>Jyv\u00e4skyl\u00e4n Yliopistossa historiaa opetetaan Historian ja etnologian laitoksella eli Helassa. Helassa voit lukea p\u00e4\u00e4aineenasi: Suomen historiaa Yleist\u00e4 historiaa Taloushistoriaa Voit my\u00f6s tehd\u00e4 alemman korkeakoulututkinnon j\u00e4lkeen maisteritutkinnon arkistonhallinnan maisteriohjelmassa. Helassa on mahdollista suorittaa kandidaatin, maisterin ja tohtorin tutkinnot historian ja KUMUn (kulttuurit ja yhteis\u00f6t muuttuvassa maailmassa) oppiaineissa. Laitos tarjoaa monipuolisen, analyyttisyytt\u00e4 ja tiedon kriittist\u00e4 arviointia painottavan &hellip; <\/p>\n<p><a class=\"more-link btn\" href=\"https:\/\/hol.fi\/?page_id=168\">Jatka lukemista<\/a><\/p>\n","protected":false},"author":1,"featured_media":0,"parent":62,"menu_order":0,"comment_status":"closed","ping_status":"closed","template":"","meta":{"footnotes":""},"_links":{"self":[{"href":"https:\/\/hol.fi\/index.php?rest_route=\/wp\/v2\/pages\/168"}],"collection":[{"href":"https:\/\/hol.fi\/index.php?rest_route=\/wp\/v2\/pages"}],"about":[{"href":"https:\/\/hol.fi\/index.php?rest_route=\/wp\/v2\/types\/page"}],"author":[{"embeddable":true,"href":"https:\/\/hol.fi\/index.php?rest_route=\/wp\/v2\/users\/1"}],"replies":[{"embeddable":true,"href":"https:\/\/hol.fi\/index.php?rest_route=%2Fwp%2Fv2%2Fcomments&post=168"}],"version-history":[{"count":13,"href":"https:\/\/hol.fi\/index.php?rest_route=\/wp\/v2\/pages\/168\/revisions"}],"predecessor-version":[{"id":44091,"href":"https:\/\/hol.fi\/index.php?rest_route=\/wp\/v2\/pages\/168\/revisions\/44091"}],"up":[{"embeddable":true,"href":"https:\/\/hol.fi\/index.php?rest_route=\/wp\/v2\/pages\/62"}],"wp:attachment":[{"href":"https:\/\/hol.fi\/index.php?rest_route=%2Fwp%2Fv2%2Fmedia&parent=168"}],"curies":[{"name":"wp","href":"https:\/\/api.w.org\/{rel}","templated":true}]}}