{"id":172,"date":"2013-04-15T20:18:52","date_gmt":"2013-04-15T17:18:52","guid":{"rendered":"http:\/\/historianopiskelijainliitto.com\/?page_id=172"},"modified":"2023-02-09T16:53:20","modified_gmt":"2023-02-09T14:53:20","slug":"oulun-yliopisto","status":"publish","type":"page","link":"https:\/\/hol.fi\/?page_id=172","title":{"rendered":"Oulun yliopisto"},"content":{"rendered":"<p style=\"text-align: justify;\"><span style=\"color: #000000;\">Oulun yliopistossa historiaa tieteenalana <a href=\"http:\/\/hol.fi\/wp-content\/uploads\/2013\/04\/oulu.jpg\"><span style=\"color: #000000;\"><img loading=\"lazy\" decoding=\"async\" class=\"alignright\" src=\"http:\/\/hol.fi\/wp-content\/uploads\/2013\/04\/oulu-300x225.jpg\" alt=\"\" width=\"300\" height=\"225\" \/><\/span><\/a>on voinut opiskella vuodesta 1966 l\u00e4htien. Historian oppiaine kuuluu yhdess\u00e4 aate-ja oppihistorian kanssa historiatieteiden ryhm\u00e4\u00e4n. <strong>Suomessa tieteiden ja aatteiden historiaa voi p\u00e4\u00e4aineena opiskella vain Oulun yliopistossa.<\/strong> P\u00e4\u00e4aineita ovat siis:<\/span><\/p>\n<ul>\n<li><span style=\"color: #000000;\"><strong>Historia<\/strong><\/span><\/li>\n<li><span style=\"color: #000000;\"><strong>Tieteiden ja aatteiden historia<\/strong><\/span><\/li>\n<\/ul>\n<p style=\"text-align: justify;\"><span style=\"color: #000000;\">Sivuaineina historiatieteiss\u00e4 ovat kulttuuriantropologia, elokuvatutkimus, filosofia, museologia sek\u00e4 Scandinavian studies.<br \/>\n<\/span><\/p>\n<p style=\"text-align: justify;\"><span style=\"color: #000000;\">Historiatieteiss\u00e4 tutkitaan ihmisen toimintaa ja ajattelua kokonaisuudessaan. Toisin sanoen historiatiede tutkii koko mennytt\u00e4 maailmaa. Tutkimuksen painopisteit\u00e4 ovat kulttuurinen ja kansainv\u00e4linen vuorovaikutus, ymp\u00e4rist\u00f6- ja terveyshistoria sek\u00e4 arktinen ja pohjoinen historia.<\/span><\/p>\n<p style=\"text-align: justify;\"><span style=\"color: #000000;\">Historian opiskelijoille kiinnostavia ohjelmia ovat tiedeviestinn\u00e4n, historiakulttuurin ja filosofian maisteriohjelma sek\u00e4 arkistoalan suuntautumisvaihtoehto. Historiatieteet mahdollistavat my\u00f6s aineopettajan p\u00e4tevyyden hankkimisen sek\u00e4 historian oppiaineen ett\u00e4 aate- ja oppihistorian opiskelijoille.<\/span><\/p>\n<p style=\"text-align: justify;\"><span style=\"color: #000000;\">Historian tutkimuskeskittymi\u00e4 ovat:<\/span><\/p>\n<ul>\n<li><span style=\"color: #000000;\">transkulttuuriset kohtaamiset<br \/>\n<\/span><\/li>\n<li><span style=\"color: #000000;\">historia- ja muistipolitiikat<br \/>\n<\/span><\/li>\n<li><span style=\"color: #000000;\">kolonialistinen l\u00e4\u00e4ketiede<\/span><\/li>\n<li><span style=\"color: #000000;\">tietoverkostot ja kehitysyhteisty\u00f6<br \/>\n<\/span><\/li>\n<li><span style=\"color: #000000;\">ymp\u00e4rist\u00f6historia<br \/>\n<\/span><\/li>\n<li><span style=\"color: #000000;\">arktisen alueen terveys ja hyvinvointi<\/span><\/li>\n<li>pohjoismainen lapsuuden ja nuoruuden historia<\/li>\n<li>pakkomuutto ja maahanmuuton kysymykset<\/li>\n<\/ul>\n<p>Tieteiden ja aatteiden historiassa on nimens\u00e4 mukaisesti kaksi p\u00e4\u00e4suuntausta. Aatteiden historia tutkii menneisyyden ihmisten uskomuksia, toiveita ja pelkoja \u2013 sit\u00e4, millaiseksi he ovat mielt\u00e4neet yhteiskuntansa, luonnon ja ihmisluonnon. Aatteiden historian tutkimuskentt\u00e4\u00e4n kuuluvat my\u00f6s erilaiset ideologiat, k\u00e4sitteet ja \u201d-ismit\u201d, kuten liberalismi, sosialismi ja nationalismi.<\/p>\n<p>Tieteiden ja aatteiden historian tutkimuksessa painottuvat l\u00e4\u00e4ketieteen, mielenterveyden ja ihmistieteiden historia. Vahvasti aatehistoriaan liittyvi\u00e4 tutkimuskohteita ovat puolestaan valistus ja sen perint\u00f6 sek\u00e4 poliittinen ajattelu konservatismista anarkismiin. My\u00f6s historianfilosofia ja historiakulttuuri ovat mielenkiinnon kohteena Oulussa. Niihin sis\u00e4ltyy my\u00f6s tutkimus historian l\u00e4sn\u00e4olosta arkip\u00e4iv\u00e4ss\u00e4mme ja uusissa medioissa.<\/p>\n<p><span style=\"color: #000000;\">Lis\u00e4tietoa: <a href=\"http:\/\/www.oulu.fi\/aatejaoppihistoria\/\" target=\"_blank\" rel=\"noopener\">Aate- ja oppihistorian sivut<\/a> ja <a href=\"http:\/\/www.oulu.fi\/historia\/\" target=\"_blank\" rel=\"noopener\">historian oppiaineen sivut<\/a><\/span><\/p>\n","protected":false},"excerpt":{"rendered":"<p>Oulun yliopistossa historiaa tieteenalana on voinut opiskella vuodesta 1966 l\u00e4htien. Historian oppiaine kuuluu yhdess\u00e4 aate-ja oppihistorian kanssa historiatieteiden ryhm\u00e4\u00e4n. Suomessa tieteiden ja aatteiden historiaa voi p\u00e4\u00e4aineena opiskella vain Oulun yliopistossa. P\u00e4\u00e4aineita ovat siis: Historia Tieteiden ja aatteiden historia Sivuaineina historiatieteiss\u00e4 ovat kulttuuriantropologia, elokuvatutkimus, filosofia, museologia sek\u00e4 Scandinavian studies. Historiatieteiss\u00e4 tutkitaan ihmisen toimintaa ja ajattelua kokonaisuudessaan. &hellip; <\/p>\n<p><a class=\"more-link btn\" href=\"https:\/\/hol.fi\/?page_id=172\">Jatka lukemista<\/a><\/p>\n","protected":false},"author":1,"featured_media":0,"parent":62,"menu_order":0,"comment_status":"closed","ping_status":"closed","template":"","meta":{"footnotes":""},"_links":{"self":[{"href":"https:\/\/hol.fi\/index.php?rest_route=\/wp\/v2\/pages\/172"}],"collection":[{"href":"https:\/\/hol.fi\/index.php?rest_route=\/wp\/v2\/pages"}],"about":[{"href":"https:\/\/hol.fi\/index.php?rest_route=\/wp\/v2\/types\/page"}],"author":[{"embeddable":true,"href":"https:\/\/hol.fi\/index.php?rest_route=\/wp\/v2\/users\/1"}],"replies":[{"embeddable":true,"href":"https:\/\/hol.fi\/index.php?rest_route=%2Fwp%2Fv2%2Fcomments&post=172"}],"version-history":[{"count":14,"href":"https:\/\/hol.fi\/index.php?rest_route=\/wp\/v2\/pages\/172\/revisions"}],"predecessor-version":[{"id":44376,"href":"https:\/\/hol.fi\/index.php?rest_route=\/wp\/v2\/pages\/172\/revisions\/44376"}],"up":[{"embeddable":true,"href":"https:\/\/hol.fi\/index.php?rest_route=\/wp\/v2\/pages\/62"}],"wp:attachment":[{"href":"https:\/\/hol.fi\/index.php?rest_route=%2Fwp%2Fv2%2Fmedia&parent=172"}],"curies":[{"name":"wp","href":"https:\/\/api.w.org\/{rel}","templated":true}]}}