{"id":1755,"date":"2016-08-18T08:34:29","date_gmt":"2016-08-18T05:34:29","guid":{"rendered":"http:\/\/hol.fi\/?page_id=1755"},"modified":"2019-10-11T12:35:28","modified_gmt":"2019-10-11T09:35:28","slug":"syysseminaari-joensuussa-14-11-2015","status":"publish","type":"page","link":"https:\/\/hol.fi\/?page_id=1755","title":{"rendered":"Syysseminaari Joensuussa 14.11.2015"},"content":{"rendered":"<h2>Karjalasta kajahtaa! &#8211; Historian opiskelijain liiton syysseminaari Joensuussa 14.11.2015<\/h2>\n<p>&nbsp;<\/p>\n<p><span style=\"color: #000000;\">Historian Opiskelijain Liiton syysseminaari: \u201dKarjalasta kajahtaa!\u201d j\u00e4rjestettiin lauantaina 14.11. Joensuun yliopiston Futura-rakennuksessa. Seminaarissa k\u00e4siteltiin rajaseudun historiaa nelj\u00e4n seminaaripuhujan voimin. <\/span><\/p>\n<p><span style=\"color: #000000;\">Seminaarin alkusanat lausuttiin kello 11 aamulla, jonka j\u00e4lkeen luennoinnin aloitti emeritusprofessori Tapio H\u00e4mynen aiheella \u201dOrtodoksis-karjalainen v\u00e4hemmist\u00f6 rajalla\u201d. Seuraavaksi \u00e4\u00e4neen p\u00e4\u00e4si professori Jukka Korpela, aiheenaan \u201dOnko P\u00e4hkin\u00e4saaren raja kulttuuriraja?\u201d, jossa k\u00e4siteltiin aiheensa mukaisesti P\u00e4hkin\u00e4saaren rajaa ja sen todellisuutta. Kahden luennon j\u00e4lkeen pidettiin tunnin mittainen lounastauko, jonka j\u00e4lkeen jatkettiin luentoja. Professori Kimmo Katajala luennoi aiheesta \u201dViipurin historialliset kerrostumat ja muistot\u201d, jossa k\u00e4ytiin l\u00e4pi Viipurin kaupungin historiaa ja etenkin sen n\u00e4kymist\u00e4 arkkitehtuurissa. Viimeisimp\u00e4n\u00e4 seminaarissa luennoi dosentti Ismo Bj\u00f6rn, aiheenaan \u201dSortavalan kaksi huvilaa\u201d, jossa k\u00e4ytiin l\u00e4pi kahden alueella sijaitsevan huvilan ja niiden omistajien historiaa &nbsp;Seminaari p\u00e4\u00e4ttyi noin kello 16 ja osallistujat siirtyiv\u00e4t valmistautumaan iltaohjelmaan. <\/span><\/p>\n<p><span style=\"color: #000000;\">Seminaarin j\u00e4lkeen ohjelmassa olivat \u201dViva Karelia!\u201d \u2013sitsit tai vaihtoehtona \u201dEvakot!\u201d \u2013oheistoimintaa kulttuurikahvila Laiturissa, jonne sitsiv\u00e4kikin saapui jatkoille sitsiohjelman p\u00e4\u00e4tytty\u00e4. Laiturista ihmiset jakautuivat omille teilleen joko Joensuun y\u00f6el\u00e4m\u00e4\u00e4n tai nukkumaan. Sunnuntaina j\u00e4rjestettiin viel\u00e4 brunssi ja Hol ry:n hallituksen kokous Sukuksen kokoustiloissa. <\/span><\/p>\n<p>&nbsp;<\/p>\n<p>Tapahtuma:<\/p>\n<p>Tervetuloa Historian Opiskelijain Liiton syysseminaariin Joensuuhun 14-15.11! Seminaari j\u00e4rjestet\u00e4\u00e4n It\u00e4-Suomen yliopiston Futura-rakennuksen F100 salissa. Osoite on Yliopistokatu 7 80130 Joensuu<\/p>\n<p>Seminaarin ohjelma:<\/p>\n<p>Lauantai<br \/>\nKello<br \/>\n10.00 Ovet aukeavat<br \/>\n11.00 alkusanat + Emeritusprofessori Tapio H\u00e4mynen: \u201dOrtodoksis-karjalainen v\u00e4hemmist\u00f6 rajalla.\u201d<br \/>\n12.00 Professori Jukka Korpela: \u201dOnko P\u00e4hkin\u00e4saaren raja kulttuuriraja?\u201d<br \/>\n13.00 RUOKATAUKO<br \/>\n14.00 Professori Kimmo Katajala: \u201dViipurin historialliset kerrostumat ja muistot.\u201d<br \/>\n15.00 Dosentti Ismo Bj\u00f6rn: \u201dSortavalan kaksi huvilaa\u201d<br \/>\n16.00 Seminaari p\u00e4\u00e4ttyy.<\/p>\n<p>ILTAOHJELMA<br \/>\nSitsaajat huomio!<br \/>\n19.00 Sitsit alkavat<br \/>\n23.00 Jatkot<br \/>\nEi-sitsaajat huomio!<br \/>\n19.00 Oheistoiminta alkaa<\/p>\n<p>Sunnuntai<br \/>\n10.00 Brunssi<br \/>\n12.00 Historian Opiskelijain Liiton kokous<\/p>\n<p>Sunnuntain brunssi ja HOL-kokous j\u00e4rjestet\u00e4\u00e4n Suvaksen kokoustiloissa, aivan hotellimajoitusta vastap\u00e4\u00e4t\u00e4 osoitteessa Suvantokatu 6.<\/p>\n<p>Ruokailu tapahtuu yliopistolla Carelia-rakennuksessa sijaitsevassa ravintolassa.<\/p>\n<p>Seminaarin j\u00e4lkeen on tietenkin juhlimisen aika, jolloin l\u00e4hdet\u00e4\u00e4n sitsaamaan! Oheistoimintaa on my\u00f6s tarjolla ei-sitsaajille.<\/p>\n<p>Sitsien tapahtumakutsu:<br \/>\n<a href=\"https:\/\/www.facebook.com\/events\/603222283150545\/\" rel=\"nofollow\">https:\/\/www.facebook.com\/<wbr>events\/603222283150545\/<\/a><\/p>\n<p>Oheistoiminnan\/jatkojen tapahtumakutsu<br \/>\n<a href=\"https:\/\/www.facebook.com\/events\/525869614229385\/\" rel=\"nofollow\">https:\/\/www.facebook.com\/<wbr>events\/525869614229385\/<\/a><\/p>\n<p>Majoitus tapahtuu hotelli Green Starissa ja se tulee kustantamaan y\u00f6lt\u00e4 ~20\u20ac\/henkil\u00f6. T\u00e4st\u00e4kin tulee pian tarkempaa infoa!<\/p>\n<p>Tervetuloa!<\/p>\n","protected":false},"excerpt":{"rendered":"<p>Karjalasta kajahtaa! &#8211; Historian opiskelijain liiton syysseminaari Joensuussa 14.11.2015 &nbsp; Historian Opiskelijain Liiton syysseminaari: \u201dKarjalasta kajahtaa!\u201d j\u00e4rjestettiin lauantaina 14.11. Joensuun yliopiston Futura-rakennuksessa. Seminaarissa k\u00e4siteltiin rajaseudun historiaa nelj\u00e4n seminaaripuhujan voimin. Seminaarin alkusanat lausuttiin kello 11 aamulla, jonka j\u00e4lkeen luennoinnin aloitti emeritusprofessori Tapio H\u00e4mynen aiheella \u201dOrtodoksis-karjalainen v\u00e4hemmist\u00f6 rajalla\u201d. Seuraavaksi \u00e4\u00e4neen p\u00e4\u00e4si professori Jukka Korpela, aiheenaan \u201dOnko P\u00e4hkin\u00e4saaren &hellip; <\/p>\n<p><a class=\"more-link btn\" href=\"https:\/\/hol.fi\/?page_id=1755\">Jatka lukemista<\/a><\/p>\n","protected":false},"author":1,"featured_media":0,"parent":3132,"menu_order":8,"comment_status":"open","ping_status":"closed","template":"","meta":{"footnotes":""},"_links":{"self":[{"href":"https:\/\/hol.fi\/index.php?rest_route=\/wp\/v2\/pages\/1755"}],"collection":[{"href":"https:\/\/hol.fi\/index.php?rest_route=\/wp\/v2\/pages"}],"about":[{"href":"https:\/\/hol.fi\/index.php?rest_route=\/wp\/v2\/types\/page"}],"author":[{"embeddable":true,"href":"https:\/\/hol.fi\/index.php?rest_route=\/wp\/v2\/users\/1"}],"replies":[{"embeddable":true,"href":"https:\/\/hol.fi\/index.php?rest_route=%2Fwp%2Fv2%2Fcomments&post=1755"}],"version-history":[{"count":6,"href":"https:\/\/hol.fi\/index.php?rest_route=\/wp\/v2\/pages\/1755\/revisions"}],"predecessor-version":[{"id":3218,"href":"https:\/\/hol.fi\/index.php?rest_route=\/wp\/v2\/pages\/1755\/revisions\/3218"}],"up":[{"embeddable":true,"href":"https:\/\/hol.fi\/index.php?rest_route=\/wp\/v2\/pages\/3132"}],"wp:attachment":[{"href":"https:\/\/hol.fi\/index.php?rest_route=%2Fwp%2Fv2%2Fmedia&parent=1755"}],"curies":[{"name":"wp","href":"https:\/\/api.w.org\/{rel}","templated":true}]}}