{"id":1757,"date":"2016-08-18T08:36:36","date_gmt":"2016-08-18T05:36:36","guid":{"rendered":"http:\/\/hol.fi\/?page_id=1757"},"modified":"2019-10-11T12:35:04","modified_gmt":"2019-10-11T09:35:04","slug":"kevatseminaari-tampereella-12-3-2016","status":"publish","type":"page","link":"https:\/\/hol.fi\/?page_id=1757","title":{"rendered":"Kev\u00e4tseminaari Tampereella 12.3.2016"},"content":{"rendered":"<h2>Kulttuurien kohtaaminen &#8211; HOL-seminaari Tampereella 12.3.2016<\/h2>\n<p>Tampereen kev\u00e4tseminaari oli suuri menestys niin osanottajam\u00e4\u00e4r\u00e4n kuin tunnelmankin osalta. Ajankohtainen aihe ja mielenkiintoiset vieraat saivat salin \u00e4\u00e4ri\u00e4\u00e4n my\u00f6ten t\u00e4yteen. Suuri kiitos niin j\u00e4rjest\u00e4jille kuin osanottajillekin!<\/p>\n<p><a href=\"http:\/\/hol.fi\/wp-content\/uploads\/2016\/08\/Tampereen-semma-kev\u00e4t-2016-1-e1471762962187.jpg\"><img loading=\"lazy\" decoding=\"async\" class=\" wp-image-1800 alignnone\" alt=\"Tampereen semma kev\u00e4t 2016 (1)\" src=\"http:\/\/hol.fi\/wp-content\/uploads\/2016\/08\/Tampereen-semma-kev\u00e4t-2016-1-e1471762962187.jpg\" width=\"529\" height=\"529\" srcset=\"https:\/\/hol.fi\/wp-content\/uploads\/2016\/08\/Tampereen-semma-kev\u00e4t-2016-1-e1471762962187.jpg 2448w, https:\/\/hol.fi\/wp-content\/uploads\/2016\/08\/Tampereen-semma-kev\u00e4t-2016-1-e1471762962187-150x150.jpg 150w, https:\/\/hol.fi\/wp-content\/uploads\/2016\/08\/Tampereen-semma-kev\u00e4t-2016-1-e1471762962187-300x300.jpg 300w\" sizes=\"(max-width: 529px) 100vw, 529px\" \/><\/a><\/p>\n<p><a href=\"http:\/\/hol.fi\/wp-content\/uploads\/2016\/08\/Tampereen-semma-kev\u00e4t-2016-8.jpg\"><img loading=\"lazy\" decoding=\"async\" class=\" wp-image-1807 alignnone\" alt=\"Tampereen semma kev\u00e4t 2016 (8)\" src=\"http:\/\/hol.fi\/wp-content\/uploads\/2016\/08\/Tampereen-semma-kev\u00e4t-2016-8.jpg\" width=\"529\" height=\"529\" srcset=\"https:\/\/hol.fi\/wp-content\/uploads\/2016\/08\/Tampereen-semma-kev\u00e4t-2016-8.jpg 2448w, https:\/\/hol.fi\/wp-content\/uploads\/2016\/08\/Tampereen-semma-kev\u00e4t-2016-8-150x150.jpg 150w, https:\/\/hol.fi\/wp-content\/uploads\/2016\/08\/Tampereen-semma-kev\u00e4t-2016-8-300x300.jpg 300w, https:\/\/hol.fi\/wp-content\/uploads\/2016\/08\/Tampereen-semma-kev\u00e4t-2016-8-120x120.jpg 120w\" sizes=\"(max-width: 529px) 100vw, 529px\" \/><\/a><\/p>\n<address>&nbsp;Kuvat: Essi Turvala<\/address>\n<p>&nbsp;<\/p>\n<p>Tapahtuman kuvaus:<\/p>\n<p>&#8221;Suvakki. Rasisti. M\u00e4d\u00e4tt\u00e4j\u00e4.<\/p>\n<p>Oletko kyll\u00e4stynyt maahanmuuttokeskustelun tasoon? Kaipaako julkinen keskustelu mielest\u00e4si historiallista substanssia? Vai etk\u00f6 tied\u00e4, mit\u00e4 koko jutusta pit\u00e4isi edes ajatella?<\/p>\n<p>Ei h\u00e4t\u00e4\u00e4 \u2013 Historian Opiskelijain Liiton kev\u00e4tseminaari 2016 teemalla Kulttuurien kohtaaminen on juuri sinua varten. Tampereen yliopiston historianopiskelijat Patina ry tarjoaa sinulle ainutlaatuisen tilaisuuden p\u00e4\u00e4st\u00e4 sivist\u00e4m\u00e4\u00e4n itse\u00e4si alan asiantuntijoiden mielenkiintoisten esitelmien parissa. Scientia potentia est \u2013 tieto on valtaa, my\u00f6s t\u00e4n\u00e4 mutun luvattuna aikakautena.<\/p>\n<p>Eik\u00e4 t\u00e4ss\u00e4 viel\u00e4 kaikki \u2013 my\u00f6s sinulla on mahdollisuus saada \u00e4\u00e4nesi kuuluviin. Seminaari p\u00e4\u00e4ttyy nimitt\u00e4in paneeliin, johon on kiinnitetty nimi\u00e4 aivan politiikan huipulta saakka. Paneelissa, jonka aihe on &#8221;Ajankohtaisia kysymyksi\u00e4 maahanmuutosta&#8221;, voit sin\u00e4kin saada halutessasi \u00e4\u00e4nesi kuuluviin, tai v\u00e4hint\u00e4\u00e4n p\u00e4\u00e4st\u00e4 seuraamaan v\u00e4rik\u00e4st\u00e4 debattia. Antaa sanan s\u00e4il\u00e4n kalista!<\/p>\n<p>Jos kaikki t\u00e4m\u00e4 ei viel\u00e4 saanut sinua varaamaan matkalippua Tampereelle, tee se heti. HOL-seminaari on paitsi ratkaisu sinua askarruttaviin p\u00e4iv\u00e4npolttaviin poliittisiin kysymyksiin, mutta my\u00f6s mahdollisuus tutustua historianopiskelijoihin ymp\u00e4ri Suomen, sek\u00e4 tietenkin Suomen Manchesterin teollisromanttiseen kaupunkiin. Patina ry on j\u00e4rjest\u00e4nyt iloksesi my\u00f6s iltaohjelmaa, jossa p\u00e4\u00e4set jatkamaan kiihke\u00e4\u00e4 yhteiskunnallista keskustelua ja viimeist\u00e4\u00e4n nyt aloittamaan ankaran verkostoitumisen humanistitovereidesi kanssa.<\/p>\n<p>Seminaari on kaikille avoin ja maksuton. Tervetuloa!<\/p>\n<p>ELI:<\/p>\n<p>MIK\u00c4: HOL-seminaari Tampereella<br \/>\nMILLOIN: 12.3. klo 10.45-16, paneeli klo 15-16<br \/>\nMISS\u00c4: Yliopiston p\u00e4\u00e4talon luentosali d11<\/p>\n<p>SEMINAARI:<\/p>\n<p>10.45 Seminaarin avaus, Patina ry:n alkusanat<\/p>\n<p>11.00-11.45: Pekka Masonen, FT, Tampereen yliopisto: &#8221;Alastomat japanilaiset ja l\u00e4nsimainen katse. Esimerkki kulttuurien kohtaamisen tutkimuksen asenteellisista ongelmista&#8221;<\/p>\n<p>12.00-12.45: Aleksi Huhta, tohtoriopiskelija, Turun yliopisto: &#8221;Uhreja vai osallisia? Suomalaiset ja rasismin historia&#8221;<\/p>\n<p>Lounastauko ravintola Juveneksessa<\/p>\n<p>14.00-14.45: Miikka Tamminen, FT, Tampereen yliopisto: &#8221;Saraseenej\u00e4, hagareenej\u00e4 vai pakanoita? Keskiaikaisia viholliskuvia islaminuskoisista&#8221;<\/p>\n<p>15.00-16.00: Paneeli<\/p>\n<p>PANEELI: &#8221;Ajankohtaisia kysymyksi\u00e4 maahanmuutosta&#8221;<\/p>\n<p>Sanna Marin, kansanedustaja (sd)<\/p>\n<p>Mikko Lahtinen, filosofi ja politiikan tutkija<\/p>\n<p>Tiina Palovuori, Pirkanmaan PS-Nuorten puheenjohtaja, Perussuomalaisten Nuorten j\u00e4rjest\u00f6- ja viestint\u00e4sihteeri ja PS-Nuorten tuleva toinen varapuheenjohtaja (2016), biotekniikan opiskelija<\/p>\n<p>Ali-Reza Abdali, Kangasalan kunnanvaltuutettu (kok)<\/p>\n<p>Juha Karjalainen, Oulun ja Kainuun Perussuomalaiset Nuoret ry:n toiminnanjohtaja ja hallituksen j\u00e4sen sek\u00e4 Perussuomalaiset Nuoret ry:n hallituksen varaj\u00e4sen, historianopiskelija<\/p>\n<p>Paneelin vet\u00e4j\u00e4: historianopiskelija Tiina Heikkil\u00e4 Patina ry:st\u00e4.&#8221;<\/p>\n<p><a href=\"http:\/\/hol.fi\/wp-content\/uploads\/2016\/08\/Tampereen-semma-kev\u00e4t-2016-juliste.jpg\"><img loading=\"lazy\" decoding=\"async\" class=\"alignnone size-full wp-image-1813\" alt=\"Tampereen semma, kev\u00e4t 2016 juliste\" src=\"http:\/\/hol.fi\/wp-content\/uploads\/2016\/08\/Tampereen-semma-kev\u00e4t-2016-juliste.jpg\" width=\"595\" height=\"842\" srcset=\"https:\/\/hol.fi\/wp-content\/uploads\/2016\/08\/Tampereen-semma-kev\u00e4t-2016-juliste.jpg 595w, https:\/\/hol.fi\/wp-content\/uploads\/2016\/08\/Tampereen-semma-kev\u00e4t-2016-juliste-211x300.jpg 211w\" sizes=\"(max-width: 595px) 100vw, 595px\" \/><\/a><\/p>\n","protected":false},"excerpt":{"rendered":"<p>Kulttuurien kohtaaminen &#8211; HOL-seminaari Tampereella 12.3.2016 Tampereen kev\u00e4tseminaari oli suuri menestys niin osanottajam\u00e4\u00e4r\u00e4n kuin tunnelmankin osalta. Ajankohtainen aihe ja mielenkiintoiset vieraat saivat salin \u00e4\u00e4ri\u00e4\u00e4n my\u00f6ten t\u00e4yteen. Suuri kiitos niin j\u00e4rjest\u00e4jille kuin osanottajillekin! &nbsp;Kuvat: Essi Turvala &nbsp; Tapahtuman kuvaus: &#8221;Suvakki. Rasisti. M\u00e4d\u00e4tt\u00e4j\u00e4. Oletko kyll\u00e4stynyt maahanmuuttokeskustelun tasoon? Kaipaako julkinen keskustelu mielest\u00e4si historiallista substanssia? Vai etk\u00f6 tied\u00e4, mit\u00e4 &hellip; <\/p>\n<p><a class=\"more-link btn\" href=\"https:\/\/hol.fi\/?page_id=1757\">Jatka lukemista<\/a><\/p>\n","protected":false},"author":1,"featured_media":0,"parent":3132,"menu_order":7,"comment_status":"open","ping_status":"closed","template":"","meta":{"footnotes":""},"_links":{"self":[{"href":"https:\/\/hol.fi\/index.php?rest_route=\/wp\/v2\/pages\/1757"}],"collection":[{"href":"https:\/\/hol.fi\/index.php?rest_route=\/wp\/v2\/pages"}],"about":[{"href":"https:\/\/hol.fi\/index.php?rest_route=\/wp\/v2\/types\/page"}],"author":[{"embeddable":true,"href":"https:\/\/hol.fi\/index.php?rest_route=\/wp\/v2\/users\/1"}],"replies":[{"embeddable":true,"href":"https:\/\/hol.fi\/index.php?rest_route=%2Fwp%2Fv2%2Fcomments&post=1757"}],"version-history":[{"count":11,"href":"https:\/\/hol.fi\/index.php?rest_route=\/wp\/v2\/pages\/1757\/revisions"}],"predecessor-version":[{"id":3217,"href":"https:\/\/hol.fi\/index.php?rest_route=\/wp\/v2\/pages\/1757\/revisions\/3217"}],"up":[{"embeddable":true,"href":"https:\/\/hol.fi\/index.php?rest_route=\/wp\/v2\/pages\/3132"}],"wp:attachment":[{"href":"https:\/\/hol.fi\/index.php?rest_route=%2Fwp%2Fv2%2Fmedia&parent=1757"}],"curies":[{"name":"wp","href":"https:\/\/api.w.org\/{rel}","templated":true}]}}