{"id":181,"date":"2013-04-15T20:21:49","date_gmt":"2013-04-15T17:21:49","guid":{"rendered":"http:\/\/historianopiskelijainliitto.com\/?page_id=181"},"modified":"2025-02-26T17:48:50","modified_gmt":"2025-02-26T15:48:50","slug":"turun-yliopisto","status":"publish","type":"page","link":"https:\/\/hol.fi\/?page_id=181","title":{"rendered":"Turun yliopisto"},"content":{"rendered":"<p style=\"text-align: justify;\"><strong><a href=\"http:\/\/hol.fi\/wp-content\/uploads\/2013\/04\/Historian-oppiaineet-Turun-yliopistossa.jpg\"><img loading=\"lazy\" decoding=\"async\" class=\"alignright size-medium wp-image-1224\" src=\"http:\/\/hol.fi\/wp-content\/uploads\/2013\/04\/Historian-oppiaineet-Turun-yliopistossa-300x223.jpg\" alt=\"\" width=\"300\" height=\"223\" srcset=\"https:\/\/hol.fi\/wp-content\/uploads\/2013\/04\/Historian-oppiaineet-Turun-yliopistossa-300x223.jpg 300w, https:\/\/hol.fi\/wp-content\/uploads\/2013\/04\/Historian-oppiaineet-Turun-yliopistossa.jpg 413w\" sizes=\"(max-width: 300px) 100vw, 300px\" \/><\/a><\/strong><span style=\"color: #000000;\">Turun yliopistossa voi opiskella Historian, kulttuurin ja taiteiden tutkimuksen laitoksella p\u00e4\u00e4aineena:<\/span><\/p>\n<ul>\n<li style=\"list-style-type: none;\">\n<ul>\n<li><strong><span style=\"color: #000000;\">Kulttuurihistoriaa<\/span><\/strong><\/li>\n<li><strong><span style=\"color: #000000;\">Euroopan ja maailman historiaa<\/span><\/strong><\/li>\n<li><strong><span style=\"color: #000000;\">Suomen historiaa<\/span><\/strong><\/li>\n<\/ul>\n<\/li>\n<\/ul>\n<p><span style=\"color: #000000;\">Yhteiskuntatieteellisess\u00e4 tiedekunnassa voi taas opiskella p\u00e4\u00e4aineena:<\/span><\/p>\n<ul>\n<li><strong>Poliittista historiaa<\/strong><\/li>\n<\/ul>\n<p><span style=\"color: #000000;\"><a href=\"http:\/\/www.utu.fi\/fi\/yksikot\/hum\/yksikot\/kulttuurihistoria\/Sivut\/home.aspx\" target=\"_blank\" rel=\"noopener\">Kulttuurihistoria<\/a><\/span><\/p>\n<p><span style=\"color: #000000;\"><strong>Kulttuurihistoriaa voi opiskella p\u00e4\u00e4aineena ainoastaan Suomen Turussa.<\/strong> Kulttuurihistorian tutkimuksen vahvuusalueita ovat tutkittavan aikakauden suhteen keskiaika ja uuden ajan alku sek\u00e4 ajanjakso 1800-luvun lopulta nykyp\u00e4iv\u00e4\u00e4n. Temaattisia vahvuusalueita ovat populaari- ja mediakulttuurin tutkimus, tilan, ymp\u00e4rist\u00f6n ja aineellisen kulttuurin tutkimus sek\u00e4 sukupuolihistoria. T\u00e4rke\u00e4 vahvuusalue on my\u00f6s oman tieteenalan perusteiden tutkimus. Vahvuusalueisiin sis\u00e4ltyvi\u00e4 ja niist\u00e4 osin kehittyvi\u00e4 painotuksia ovat tiedon ja ajattelun, kokemuksen ja tunteiden historia. Opinnoissa on paljon valinnaisuutta ja mahdollisuuksia erikoistua jonkin tietyn kulttuurihistorian osa-alueen opiskeluun. Jo perusopinnoissa voi aloittaa erikoistumisen esimerkiksi jonkin maan, teeman tai aikakauden kulttuurihistoriaan.<\/span><\/p>\n<p style=\"text-align: justify;\"><a href=\"http:\/\/www.utu.fi\/fi\/yksikot\/hum\/yksikot\/yleinenhistoria\/Sivut\/home.aspx\" target=\"_blank\" rel=\"noopener\">Euroopan ja maailman historia<\/a><\/p>\n<p style=\"text-align: justify;\"><span style=\"color: #000000;\">Euroopan ja maailman historian tutkimuksen kentt\u00e4 on ajallisesti ja maantieteellisesti rajaamaton, joten opiskelija voi keskitty\u00e4 h\u00e4nt\u00e4 kiinnostaviin aikakausiin ja alueisiin. Oppiaineen erityisosaaminen painottuu uuteen ja uusimpaan aikaan, ja samalla pyrimme ymm\u00e4rt\u00e4m\u00e4\u00e4n ja selitt\u00e4m\u00e4\u00e4n usein nykyhetkeen asti ulottuvia ilmi\u00f6it\u00e4 ja prosesseja. Erityisen\u00e4 vahvuutenamme on monipuolinen Euroopan ja Pohjois-Amerikan historian tuntemus, joka auttaa ymm\u00e4rt\u00e4m\u00e4\u00e4n eurooppalaisen maailman suhdetta muihin kulttuureihin ja globalisoitumiseen. My\u00f6s suomalaisten liikkuvuus maailmalla sek\u00e4 heid\u00e4n roolinsa kansainv\u00e4lisiss\u00e4 ja ylirajaisissa prosesseissa sek\u00e4 ymp\u00e4rist\u00f6historia ovat yleisen historian keskeisi\u00e4 tutkimusteemoja.<\/span><\/p>\n<p style=\"text-align: justify;\"><a href=\"http:\/\/www.utu.fi\/fi\/yksikot\/hum\/yksikot\/suomenhistoria\/Sivut\/home.aspx\" target=\"_blank\" rel=\"noopener\">Suomen historia<\/a><\/p>\n<p style=\"text-align: justify;\"><span style=\"color: #000000;\">Suomen historian uusimmissa hankkeissa tutkitaan teknologian ja sukupuolen suhdetta sek\u00e4 talousel\u00e4m\u00e4n verkostoja ja sosiaalista p\u00e4\u00e4omaa. Oppiaineen vahvuuksia tutkimuspuolella ovat Suomen vanhempi historia, ymp\u00e4rist\u00f6historia ja sukupuolihistoria. Ajankohtaista tietoa tutkimuksesta, opetuksesta ja ty\u00f6llistymismahdollisuuksista l\u00f6yd\u00e4t n\u00e4iden sivujen lis\u00e4ksi oppiaineen omasta Histofriikki-lehdest\u00e4.<\/span><\/p>\n<p style=\"text-align: justify;\"><a href=\"http:\/\/www.utu.fi\/fi\/yksikot\/soc\/yksikot\/poliittinenhistoria\/Sivut\/home.aspx\" target=\"_blank\" rel=\"noopener\">Poliittinen historia<\/a><\/p>\n<p style=\"text-align: justify;\"><span style=\"color: #000000;\">Poliittinen historia eroaa perinteisest\u00e4 historian tutkimuksesta siin\u00e4, ett\u00e4 sen p\u00e4\u00e4paino on suuntautunut l\u00e4helle nykyhetke\u00e4. Tarkoituksena on oppia ymm\u00e4rt\u00e4m\u00e4\u00e4n ja j\u00e4sent\u00e4m\u00e4\u00e4n nykyp\u00e4iv\u00e4\u00e4 sen historiallisen kontekstien kautta. Tutkimuskohteina voivat toimia esimerkiksi poliittiset instituutiot, poliitikot, kansalaisyhteiskunta ja media. Poliittinen historia on onnistunut vastaamaan 2000-luvun haasteisiin ja oppiaine on suosittu.<br \/>\n<\/span><\/p>\n<p style=\"text-align: justify;\"><span style=\"color: #000000;\">Turun poliittisen historian perinteisin\u00e4 vahvuuksina ovat olleet Suomen sis\u00e4- ja ulkopolitiikka. Uusia aluevaltauksia ovat olleet Juhani Myllyn johdolla toteutettu Eduskunnan 100-vuotisprojekti ja Eduskuntatutkimuksen laitos, Ville Pernaan Median ja politiikan suhteisiin liittyv\u00e4t hankkeet, M\u00fchlhahnin ja Dong Wangin johdossa ollut Kiina-tutkimus ja viimeisimp\u00e4n\u00e4 Louis Clerckin European Studies<\/span><\/p>\n<p style=\"text-align: justify;\"><span style=\"color: #000000;\">Poliittisen historian opiskelu edellytt\u00e4\u00e4 kyky\u00e4 toimia itsen\u00e4isesti ja oma-aloitteisesti, sill\u00e4 suurin osa opinnoista koostuu itsen\u00e4isest\u00e4 ty\u00f6skentelyst\u00e4. T\u00e4m\u00e4 ei tosin tarkoita, ett\u00e4 kaikesta tulisi selvit\u00e4 yksin, sill\u00e4 jokaisen opiskelija tekee henkil\u00f6kohtaisen opinto suunnitelman ja saa niin sanotun hops-ohjaajan, joka auttaa opiskelijaa ongelmatilanteiden ilmentyess\u00e4. <\/span><\/p>\n","protected":false},"excerpt":{"rendered":"<p>Turun yliopistossa voi opiskella Historian, kulttuurin ja taiteiden tutkimuksen laitoksella p\u00e4\u00e4aineena: Kulttuurihistoriaa Euroopan ja maailman historiaa Suomen historiaa Yhteiskuntatieteellisess\u00e4 tiedekunnassa voi taas opiskella p\u00e4\u00e4aineena: Poliittista historiaa Kulttuurihistoria Kulttuurihistoriaa voi opiskella p\u00e4\u00e4aineena ainoastaan Suomen Turussa. Kulttuurihistorian tutkimuksen vahvuusalueita ovat tutkittavan aikakauden suhteen keskiaika ja uuden ajan alku sek\u00e4 ajanjakso 1800-luvun lopulta nykyp\u00e4iv\u00e4\u00e4n. Temaattisia vahvuusalueita ovat populaari- &hellip; <\/p>\n<p><a class=\"more-link btn\" href=\"https:\/\/hol.fi\/?page_id=181\">Jatka lukemista<\/a><\/p>\n","protected":false},"author":1,"featured_media":0,"parent":62,"menu_order":0,"comment_status":"closed","ping_status":"closed","template":"","meta":{"footnotes":""},"_links":{"self":[{"href":"https:\/\/hol.fi\/index.php?rest_route=\/wp\/v2\/pages\/181"}],"collection":[{"href":"https:\/\/hol.fi\/index.php?rest_route=\/wp\/v2\/pages"}],"about":[{"href":"https:\/\/hol.fi\/index.php?rest_route=\/wp\/v2\/types\/page"}],"author":[{"embeddable":true,"href":"https:\/\/hol.fi\/index.php?rest_route=\/wp\/v2\/users\/1"}],"replies":[{"embeddable":true,"href":"https:\/\/hol.fi\/index.php?rest_route=%2Fwp%2Fv2%2Fcomments&post=181"}],"version-history":[{"count":16,"href":"https:\/\/hol.fi\/index.php?rest_route=\/wp\/v2\/pages\/181\/revisions"}],"predecessor-version":[{"id":44716,"href":"https:\/\/hol.fi\/index.php?rest_route=\/wp\/v2\/pages\/181\/revisions\/44716"}],"up":[{"embeddable":true,"href":"https:\/\/hol.fi\/index.php?rest_route=\/wp\/v2\/pages\/62"}],"wp:attachment":[{"href":"https:\/\/hol.fi\/index.php?rest_route=%2Fwp%2Fv2%2Fmedia&parent=181"}],"curies":[{"name":"wp","href":"https:\/\/api.w.org\/{rel}","templated":true}]}}