{"id":184,"date":"2013-04-15T20:22:25","date_gmt":"2013-04-15T17:22:25","guid":{"rendered":"http:\/\/historianopiskelijainliitto.com\/?page_id=184"},"modified":"2014-10-23T17:26:48","modified_gmt":"2014-10-23T14:26:48","slug":"abo-akademi","status":"publish","type":"page","link":"https:\/\/hol.fi\/?page_id=184","title":{"rendered":"\u00c5bo Akademi"},"content":{"rendered":"<p><b>Allm\u00e4n historia och nordisk historia<\/b><\/p>\n<p>Historie\u00e4mnet vid \u00c5bo Akademi best\u00e5r av tv\u00e5 inriktningar, allm\u00e4n historia (professor Holger Weiss) och nordisk historia (professor Nils Erik Villstrand). Totalt arbetar runt 20 personer med forskning, undervisning och administration inom historie\u00e4mnet Historikerna finns i flyglarna D och E p\u00e5 f\u00f6rsta v\u00e5ningen i Arken (Fabriksgatan 2, \u00c5bo). Byggnaden, uppf\u00f6rd 1914, har ursprungligen h\u00f6rt till en j\u00e4rnindustri fr\u00e5n 1800-talet, men inhyser nu historiker, etnologer, religionsvetare, konsthistoriker, musikvetare och folklorister.<\/p>\n<p>Vid \u00c5bo Akademis historie\u00e4mne kan man antingen v\u00e4lja allm\u00e4n eller nordisk historia som huvud\u00e4mne. Grund- och \u00e4mnesstudierna \u00e4r gemensamma f\u00f6r samtliga studerande. Valet av antingen allm\u00e4n eller nordisk historia b\u00f6r ske innan f\u00f6rdjupade studierna inleds, det vill s\u00e4ga inf\u00f6r det fj\u00e4rde studie\u00e5ret. Historiestudierna f\u00f6ljer tv\u00e5 olika inriktningsalternativ. Man kan bedriva studier i syfte att uppn\u00e5 forskarkompetens eller f\u00f6r att kunna verka inom yrkesomr\u00e5den relaterade till historia, s\u00e5som exempelvis arkiv och mus\u00e9er. F\u00f6r dem som v\u00e4ljer att bli \u00e4mnesl\u00e4rare i historia finns en specialkomponerad helhet, d\u00e4r studier i samh\u00e4llsvetenskap och pedagogik ing\u00e5r. Vi bedriver \u00e4ven studentutbyte med ett antal universitet i de nordiska l\u00e4nderna och \u00f6vriga Europa, inom ramen f\u00f6r Nordplus och Erasmus-programmen. Studenterna representeras av \u00e4mnesf\u00f6reningen Kleio.<\/p>\n","protected":false},"excerpt":{"rendered":"<p>Allm\u00e4n historia och nordisk historia Historie\u00e4mnet vid \u00c5bo Akademi best\u00e5r av tv\u00e5 inriktningar, allm\u00e4n historia (professor Holger Weiss) och nordisk historia (professor Nils Erik Villstrand). Totalt arbetar runt 20 personer med forskning, undervisning och administration inom historie\u00e4mnet Historikerna finns i flyglarna D och E p\u00e5 f\u00f6rsta v\u00e5ningen i Arken (Fabriksgatan 2, \u00c5bo). Byggnaden, uppf\u00f6rd 1914, &hellip; <\/p>\n<p><a class=\"more-link btn\" href=\"https:\/\/hol.fi\/?page_id=184\">Jatka lukemista<\/a><\/p>\n","protected":false},"author":1,"featured_media":0,"parent":62,"menu_order":0,"comment_status":"closed","ping_status":"closed","template":"","meta":{"footnotes":""},"_links":{"self":[{"href":"https:\/\/hol.fi\/index.php?rest_route=\/wp\/v2\/pages\/184"}],"collection":[{"href":"https:\/\/hol.fi\/index.php?rest_route=\/wp\/v2\/pages"}],"about":[{"href":"https:\/\/hol.fi\/index.php?rest_route=\/wp\/v2\/types\/page"}],"author":[{"embeddable":true,"href":"https:\/\/hol.fi\/index.php?rest_route=\/wp\/v2\/users\/1"}],"replies":[{"embeddable":true,"href":"https:\/\/hol.fi\/index.php?rest_route=%2Fwp%2Fv2%2Fcomments&post=184"}],"version-history":[{"count":6,"href":"https:\/\/hol.fi\/index.php?rest_route=\/wp\/v2\/pages\/184\/revisions"}],"predecessor-version":[{"id":1239,"href":"https:\/\/hol.fi\/index.php?rest_route=\/wp\/v2\/pages\/184\/revisions\/1239"}],"up":[{"embeddable":true,"href":"https:\/\/hol.fi\/index.php?rest_route=\/wp\/v2\/pages\/62"}],"wp:attachment":[{"href":"https:\/\/hol.fi\/index.php?rest_route=%2Fwp%2Fv2%2Fmedia&parent=184"}],"curies":[{"name":"wp","href":"https:\/\/api.w.org\/{rel}","templated":true}]}}