{"id":186,"date":"2013-04-15T20:22:40","date_gmt":"2013-04-15T17:22:40","guid":{"rendered":"http:\/\/historianopiskelijainliitto.com\/?page_id=186"},"modified":"2023-12-14T01:03:49","modified_gmt":"2023-12-13T23:03:49","slug":"tampereen-yliopisto","status":"publish","type":"page","link":"https:\/\/hol.fi\/?page_id=186","title":{"rendered":"Tampereen yliopisto"},"content":{"rendered":"<p style=\"text-align: justify;\"><span style=\"color: #000000;\">Tampereen yliopistolla voi yhteiskuntatieteiden tiedekunnassa opiskella p\u00e4\u00e4aineena:<\/span><\/p>\n<ul>\n<li><strong><span style=\"color: #000000;\">Historiaa<\/span><\/strong><\/li>\n<\/ul>\n<p style=\"text-align: justify;\">\u00a0<\/p>\n<p><strong>Maailman muuttaminen edellytt\u00e4\u00e4 maailman ymm\u00e4rt\u00e4mist\u00e4<\/strong><\/p>\n<p>Tampereen yliopistossa Historian tutkinto-ohjelman opetus ulottuu antiikin historiasta l\u00e4hihistoriaan. Opetus perustuu oppiaineessa teht\u00e4v\u00e4\u00e4n tutkimukseen, jossa korostuu yhteiskuntahistoriallinen n\u00e4k\u00f6kulma. Se tarkoittaa historiallisten ilmi\u00f6iden pitk\u00e4n aikav\u00e4lin tarkastelua sek\u00e4 vertailevaa ja k\u00e4sitteellist\u00e4 tutkimusta, joka korostaa historiantutkimuksen yhteiskunnallista relevanssia, kriittisyytt\u00e4 suhteessa omaan aikaansa sek\u00e4 historiallisen ajattelun omaksumista.<\/p>\n<p>Tutkimuksen tekemisen harjoittelu on keskeinen historiallisen ajattelun oppimisen tapa. Opetus alkaa perehtymisell\u00e4 historiantutkimuksen ja -kirjoituksen k\u00e4sitteisiin ja jatkuu tieteellisell\u00e4 harjoittelulla eli menetelm\u00e4opinnoilla ja niiden soveltamisella. Tutkimuksen tekoa harjoitellaan erityisesti kandidaatti- ja graduseminaariopetuksessa. Tutkinto-ohjelma muodostaa akateemisen yhteis\u00f6n, jonka j\u00e4seni\u00e4 my\u00f6s opiskelijat ovat. Historian opinnot suoritettuaan opiskelija pystyy erittelem\u00e4\u00e4n ja arvioimaan monimutkaisia yhteiskunnallisia ja kulttuurisia ilmi\u00f6it\u00e4. Opintojen aikana karttunutta historiallisen ajattelun taitoaan opiskelija osaa k\u00e4ytt\u00e4\u00e4 nykyisyyden ymm\u00e4rt\u00e4misen ja tulevaisuuden vaihtoehtojen puntaroinnin v\u00e4lineen\u00e4. Samalla opiskelija saa v\u00e4lineit\u00e4 oman maailmankuvansa tarkasteluun.<\/p>\n<p>Historian tutkinto-ohjelma kouluttaa sek\u00e4 julkiselle ett\u00e4 yksityiselle sektorille asiantuntijoita, jotka kykenev\u00e4t tarkastelemaan yhteiskunnan kehityst\u00e4 pitk\u00e4ll\u00e4 aikav\u00e4lill\u00e4 sek\u00e4 osaavat hahmottaa laajoja kokonaisuuksia ja ilmi\u00f6iden v\u00e4lisi\u00e4 yhteyksi\u00e4.<\/p>\n<p>Tampereella historian oppiaineen yhteydess\u00e4 toimii <a href=\"https:\/\/research.tuni.fi\/hex-fi\/\" target=\"_blank\" rel=\"noopener\">Suomen Akatemian Kokemuksen historian huippuyksikk\u00f6 HEX<\/a>. <span style=\"color: #000000;\"><b>Lis\u00e4tietoa:<\/b> <a href=\"https:\/\/www.tuni.fi\/fi\/tutustu-meihin\/historia\" target=\"_blank\" rel=\"noopener\">Historian oppiaineen sivut<\/a> <\/span><\/p>\n<p style=\"text-align: justify;\"><span style=\"color: #000000;\">\u00a0<\/span><\/p>\n<p style=\"text-align: justify;\">\u00a0<\/p>\n","protected":false},"excerpt":{"rendered":"<p>Tampereen yliopistolla voi yhteiskuntatieteiden tiedekunnassa opiskella p\u00e4\u00e4aineena: Historiaa \u00a0 Maailman muuttaminen edellytt\u00e4\u00e4 maailman ymm\u00e4rt\u00e4mist\u00e4 Tampereen yliopistossa Historian tutkinto-ohjelman opetus ulottuu antiikin historiasta l\u00e4hihistoriaan. Opetus perustuu oppiaineessa teht\u00e4v\u00e4\u00e4n tutkimukseen, jossa korostuu yhteiskuntahistoriallinen n\u00e4k\u00f6kulma. Se tarkoittaa historiallisten ilmi\u00f6iden pitk\u00e4n aikav\u00e4lin tarkastelua sek\u00e4 vertailevaa ja k\u00e4sitteellist\u00e4 tutkimusta, joka korostaa historiantutkimuksen yhteiskunnallista relevanssia, kriittisyytt\u00e4 suhteessa omaan aikaansa sek\u00e4 historiallisen &hellip; <\/p>\n<p><a class=\"more-link btn\" href=\"https:\/\/hol.fi\/?page_id=186\">Jatka lukemista<\/a><\/p>\n","protected":false},"author":1,"featured_media":0,"parent":62,"menu_order":0,"comment_status":"closed","ping_status":"closed","template":"","meta":{"footnotes":""},"_links":{"self":[{"href":"https:\/\/hol.fi\/index.php?rest_route=\/wp\/v2\/pages\/186"}],"collection":[{"href":"https:\/\/hol.fi\/index.php?rest_route=\/wp\/v2\/pages"}],"about":[{"href":"https:\/\/hol.fi\/index.php?rest_route=\/wp\/v2\/types\/page"}],"author":[{"embeddable":true,"href":"https:\/\/hol.fi\/index.php?rest_route=\/wp\/v2\/users\/1"}],"replies":[{"embeddable":true,"href":"https:\/\/hol.fi\/index.php?rest_route=%2Fwp%2Fv2%2Fcomments&post=186"}],"version-history":[{"count":8,"href":"https:\/\/hol.fi\/index.php?rest_route=\/wp\/v2\/pages\/186\/revisions"}],"predecessor-version":[{"id":44492,"href":"https:\/\/hol.fi\/index.php?rest_route=\/wp\/v2\/pages\/186\/revisions\/44492"}],"up":[{"embeddable":true,"href":"https:\/\/hol.fi\/index.php?rest_route=\/wp\/v2\/pages\/62"}],"wp:attachment":[{"href":"https:\/\/hol.fi\/index.php?rest_route=%2Fwp%2Fv2%2Fmedia&parent=186"}],"curies":[{"name":"wp","href":"https:\/\/api.w.org\/{rel}","templated":true}]}}