{"id":188,"date":"2013-04-15T20:23:24","date_gmt":"2013-04-15T17:23:24","guid":{"rendered":"http:\/\/historianopiskelijainliitto.com\/?page_id=188"},"modified":"2023-12-13T19:31:50","modified_gmt":"2023-12-13T17:31:50","slug":"ammattiliitot","status":"publish","type":"page","link":"https:\/\/hol.fi\/?page_id=188","title":{"rendered":"Ammattiliitot"},"content":{"rendered":"<p><b>Akavan Erityisalat<\/b><\/p>\n<p><span style=\"font-weight: 400;\">Me ammattij\u00e4rjest\u00f6t Specia, TAKU ja MAL kuulumme kattoj\u00e4rjest\u00f6 Akavan Erityisaloihin ja sit\u00e4 kautta keskusj\u00e4rjest\u00f6 Akavaan. <\/span><span style=\"font-weight: 400;\">Akavan Erityisalat on monialainen ammattiliitto ja palveluj\u00e4rjest\u00f6, johon kuuluu j\u00e4senyhdistysten kautta yli 27 000 j\u00e4sent\u00e4.<\/span><\/p>\n<p><span style=\"font-weight: 400;\">Liittyess\u00e4si johonkin meist\u00e4, saat samalla kaikki Akavan Erityisalojen tarjoamat palvelut ja edut, kuten lakipalvelut, ty\u00f6suhdeneuvonnan sek\u00e4 urapalvelut ja monipuolisia koulutuksia. Akavan Erityisalat tarjoaa ty\u00f6markkinaedunvalvontaa, eli neuvottelee esimerkiksi ty\u00f6ehtosopimuksista sek\u00e4 pit\u00e4\u00e4 j\u00e4senten etuja esill\u00e4 julkisessa keskustelussa.<\/span><\/p>\n<p><span style=\"font-weight: 400;\">Suosittelemme, ett\u00e4 liityt my\u00f6s Erityiskoulutettujen ty\u00f6tt\u00f6myyskassa Erkoon, joka tarjoaa ansiosidonnaisen ty\u00f6tt\u00f6myysturvan sen varalta, ett\u00e4 ty\u00f6el\u00e4m\u00e4ss\u00e4 kohtaat ty\u00f6tt\u00f6myysjaksoja. Erkoon voit liitty\u00e4 t\u00f6it\u00e4 tehdess\u00e4si ja ansiosidonnaiseen ty\u00f6tt\u00f6myysturvaan oikeuttavan ty\u00f6ss\u00e4oloehtoa voit kerrytt\u00e4\u00e4 jo opiskeluaikana esimerkiksi kes\u00e4t\u00f6ill\u00e4 tai osa-aikaisilla t\u00f6ill\u00e4, joiden ei tarvitse olla oman alan t\u00f6it\u00e4.<\/span><\/p>\n<hr \/>\n<h4 style=\"text-align: left;\"><span style=\"color: #990000;\"><a href=\"https:\/\/specia.fi\/\" target=\"_blank\" rel=\"noopener noreferrer\">SPECIA \u2013 Asiantuntijat ja esihenkil\u00f6t ry<\/a><\/span><\/h4>\n<p><em>Kun kes\u00e4ty\u00f6n tai ensimm\u00e4isen harjoittelupaikan osalta her\u00e4\u00e4 kysymyksi\u00e4 ty\u00f6el\u00e4m\u00e4\u00e4n<\/em><br \/>\n<em>liittyen, kannattaa silloin viimeist\u00e4\u00e4n liitty\u00e4 ammattij\u00e4rjest\u00f6\u00f6n. Ammattij\u00e4rjest\u00f6st\u00e4 saat<\/em><br \/>\n<em>tuen ja turvan urapolkusi eri k\u00e4\u00e4nteisiin jo ensimm\u00e4isen askeleen kohdalla!<\/em><\/p>\n<p><strong>Mik\u00e4 on Specia?<\/strong><\/p>\n<p>Specia on asiantuntijoiden ja esihenkil\u00f6iden sek\u00e4 FM- ja KM- asiantuntijakoulutuksissa<br \/>\nopiskelevien oma ammattij\u00e4rjest\u00f6. Edist\u00e4mme j\u00e4sentemme osaamista ja palkkausta sek\u00e4<br \/>\nneuvottelemme reiluista ty\u00f6ehdoista. Edunvalvonnassa t\u00e4rkeit\u00e4 teemoja ovat esimerkiksi<br \/>\nty\u00f6el\u00e4m\u00e4n tasa-arvo, ty\u00f6el\u00e4m\u00e4n joustojen lis\u00e4\u00e4minen sek\u00e4 jatkuvan oppimisen<br \/>\nmahdollisuuksien turvaaminen.<\/p>\n<p>Speciaan kuuluu noin 1000 opiskelijaj\u00e4sent\u00e4, jotka tulevat p\u00e4\u00e4s\u00e4\u00e4nt\u00f6isesti yliopistojen<br \/>\nhumanistisesta sek\u00e4 kasvatustieteellisest\u00e4 tiedekunnasta. Specian opiskelijaj\u00e4senet<br \/>\nvalmistuvat asiantuntijauralle eli he ty\u00f6llistyv\u00e4t moniosaajina muun muassa erilaisiin<br \/>\nsuunnittelu- ja kehitt\u00e4misteht\u00e4viin, projekteihin sek\u00e4 hallinnon kent\u00e4lle. Tyypillisi\u00e4<br \/>\nty\u00f6nimikkeit\u00e4 ovat asiantuntija, suunnittelija, p\u00e4\u00e4llikk\u00f6, koordinaattori ja johtaja.<\/p>\n<p>Specia tekee aktiivista yhteisty\u00f6t\u00e4 historian opiskelijoiden sek\u00e4 kasvatustieteilij\u00f6iden<br \/>\nainej\u00e4rjest\u00f6jen kanssa, tuottaa tietoa specialaisten alojen ty\u00f6tilanteesta, palkkauksesta sek\u00e4 tarjoaa henkil\u00f6kohtaista apua ty\u00f6nhakuun.<\/p>\n<p><strong>Liity j\u00e4seneksi!<\/strong><\/p>\n<p>Liittym\u00e4ll\u00e4 Specian j\u00e4seneksi jo opiskeluaikana saat k\u00e4ytt\u00f6\u00f6si kaikki Specian palvelut ja olet<br \/>\nmukana ajamassa humanistien ja kasvatustieteilij\u00f6iden etua koulutuspolitiikan sek\u00e4<br \/>\nty\u00f6markkinoiden kent\u00e4ll\u00e4.<\/p>\n<p>Opiskelijaj\u00e4senen j\u00e4senmaksu on 6 \u20ac\/ kk. Opiskelijat maksavat samaa summaa kuukausittain riippumatta opintojen ohessa tehdyn ty\u00f6n m\u00e4\u00e4r\u00e4st\u00e4 tai siit\u00e4, ty\u00f6skenteleek\u00f6 palkkaty\u00f6ss\u00e4 opintojen ohella. Kiinte\u00e4ll\u00e4 j\u00e4senmaksulla turvataan ty\u00f6tt\u00f6myyskassan ty\u00f6ss\u00e4oloehdon kertyminen, sill\u00e4 kaikki ty\u00f6skentelysi huomioidaan automaattisesti.<\/p>\n<p>Lue lis\u00e4\u00e4 palveluista, pyyd\u00e4 apua ty\u00f6nhakuun ja <a href=\"https:\/\/specia.fi\/palvelut\/opiskelijalle\/\">liity Specian j\u00e4seneksi<\/a>!<\/p>\n<p>K\u00e4y tykk\u00e4\u00e4m\u00e4ss\u00e4 meist\u00e4 my\u00f6s somessa @speciary!<\/p>\n<p><img loading=\"lazy\" decoding=\"async\" class=\" wp-image-44405 alignnone\" src=\"https:\/\/hol.fi\/wp-content\/uploads\/Banneri_hol-300x100.png\" alt=\"\" width=\"705\" height=\"235\" srcset=\"https:\/\/hol.fi\/wp-content\/uploads\/Banneri_hol-300x100.png 300w, https:\/\/hol.fi\/wp-content\/uploads\/Banneri_hol-768x256.png 768w, https:\/\/hol.fi\/wp-content\/uploads\/Banneri_hol-1536x512.png 1536w, https:\/\/hol.fi\/wp-content\/uploads\/Banneri_hol-750x250.png 750w, https:\/\/hol.fi\/wp-content\/uploads\/Banneri_hol.png 1560w\" sizes=\"(max-width: 705px) 100vw, 705px\" \/><\/p>\n<hr \/>\n<h4 style=\"text-align: left;\"><span style=\"color: #990000;\"><a href=\"http:\/\/www.taku.fi\/\" target=\"_blank\" rel=\"noopener noreferrer\">Taide- ja kulttuurialan ammattij\u00e4rjest\u00f6 TAKU ry<\/a><\/span><\/h4>\n<p><i><span style=\"font-weight: 400;\">TAKU on taide- ja kulttuurialalla ty\u00f6skentelevien ja opiskelevien ammattij\u00e4rjest\u00f6 ja n\u00e4iden alojen asiantuntija ty\u00f6el\u00e4m\u00e4n erityiskysymyksiss\u00e4. J\u00e4senist\u00f6mme on monipuolisesti koulutettua ja ty\u00f6skentelee laajasti erilaisissa teht\u00e4viss\u00e4, jotka kattavat taide- ja kulttuurialan koko kirjon.<\/span><\/i><\/p>\n<p><span style=\"font-weight: 400;\">TAKUn 3500:a j\u00e4senest\u00e4 noin kolmasosa ty\u00f6skentelee yksityissektorilla, jossa yleisi\u00e4 ty\u00f6nantajia ovat muun muassa erilaiset tapahtumatuotannon yritykset ja festivaaliorganisaatiot sek\u00e4 j\u00e4rjest\u00f6ala. Julkisella sektorilla takulaisia on t\u00f6iss\u00e4 valtion virastoissa, kunnallishallinnossa ja korkeakouluissa. Itsen\u00e4isen\u00e4 ammatinharjoittajana tai yritt\u00e4j\u00e4n\u00e4 toimiminen on viime aikoina ollut kasvussa my\u00f6s TAKUn j\u00e4senten keskuudessa, ja monet toimivatkin p\u00e4\u00e4ty\u00f6ns\u00e4 ohella taide- ja kulttuurialan freelancerina. J\u00e4sentemme yleisimpi\u00e4 tutkintonimikkeit\u00e4 ovat Filosofian maisteri FM, Humanististen tieteiden kandidaatti HuK, Taiteen maisteri TaM ja Kulttuurituottaja AMK.<\/span><\/p>\n<p><b>Liity, osallistu ja vaikuta!<\/b><\/p>\n<p><span style=\"font-weight: 400;\">TAKUn monimuotoisuus ja laaja-alainen ammattitaito on etu my\u00f6s j\u00e4senille, sill\u00e4 joukostamme l\u00f6ytyy yhteisty\u00f6kumppaneita ja verkostoja koko kulttuurikent\u00e4lle.<\/span><a href=\"http:\/\/www.taku.fi\/liity\"> <span style=\"font-weight: 400;\">Liity t\u00e4st\u00e4 j\u00e4seneksi aktiiviseen ja jatkuvasti kasvavaan yhteis\u00f6\u00f6mme!<\/span><\/a><span style=\"font-weight: 400;\"> Opiskelijoille tarjoamme oman palkkasuosituksen, kattavat verkostot ja harjoitteluoppaan. Valmistumisen kynnyksell\u00e4 voit hakea TAKUtukea opinn\u00e4ytety\u00f6h\u00f6si. Maksat 1,3% suuruista j\u00e4senmaksua vain, jos teet palkkaty\u00f6t\u00e4.\u00a0<\/span><\/p>\n<p><span style=\"font-weight: 400;\">Seuraa TAKUa somessa<\/span><\/p>\n<p><span style=\"font-weight: 400;\">Instagram <\/span><a href=\"https:\/\/www.instagram.com\/taku_ry\/\"><b>@taku_ry<\/b><\/a><\/p>\n<p><span style=\"font-weight: 400;\">Facebook<\/span> <a href=\"https:\/\/www.facebook.com\/taku.fi\"><b>taku.fi<\/b><\/a><\/p>\n<p><span style=\"font-weight: 400;\">Twitter<\/span> <a href=\"https:\/\/twitter.com\/TAKU_fi\"><b>@taku_fi<\/b><\/a><\/p>\n<p><img loading=\"lazy\" decoding=\"async\" class=\"alignnone size-full wp-image-44017\" src=\"https:\/\/hol.fi\/wp-content\/uploads\/TAKU_HOL-yhteistyon-banneri-2020.png\" alt=\"\" width=\"780\" height=\"260\" srcset=\"https:\/\/hol.fi\/wp-content\/uploads\/TAKU_HOL-yhteistyon-banneri-2020.png 780w, https:\/\/hol.fi\/wp-content\/uploads\/TAKU_HOL-yhteistyon-banneri-2020-300x100.png 300w, https:\/\/hol.fi\/wp-content\/uploads\/TAKU_HOL-yhteistyon-banneri-2020-768x256.png 768w, https:\/\/hol.fi\/wp-content\/uploads\/TAKU_HOL-yhteistyon-banneri-2020-750x250.png 750w\" sizes=\"(max-width: 780px) 100vw, 780px\" \/><\/p>\n<hr \/>\n<h4 style=\"text-align: left;\"><span style=\"color: #990000;\"><a href=\"http:\/\/www.museoalanammattiliitto.fi\/\">Museo- ja kulttuuriperint\u00f6alan ammattiliitto MAL ry<\/a><\/span><\/h4>\n<p><em>Museo- ja kulttuuriperint\u00f6alan ammattiliitto MAL ry on ammattij\u00e4rjest\u00f6 kaikille kulttuuriperint\u00f6alan opiskelijoille<\/em><br \/>\n<em>ja ammattilaisille. J\u00e4senyys kannattaa jo opiskeluaikana: p\u00e4\u00e4set kauttamme tutustumaan<\/em><br \/>\n<em>monipuolisesti kulttuuriperint\u00f6alan t\u00f6ihin ja ammattilaisiin, saat ty\u00f6el\u00e4m\u00e4\u00e4n koskevaa<\/em><br \/>\n<em>neuvontaa ja apua urasuunnitteluun sek\u00e4 voit osallistua varta vasten opiskelijoille<\/em><br \/>\n<em>r\u00e4\u00e4t\u00e4l\u00f6ityyn toimintaamme.<\/em><\/p>\n<p>Museo- ja kulttuuriperint\u00f6alan ammattiliitto on erikoistunut juuri museo- ja kulttuuriperint\u00f6alan teht\u00e4viss\u00e4<br \/>\nty\u00f6skentelevien ja alaa opiskelevien edunvalvontaan. Toiminnassamme keskeist\u00e4 on<br \/>\nmuseo- ja kulttuuriperint\u00f6alan arvostuksen ja reilun palkkauksen edist\u00e4minen sek\u00e4<br \/>\nammattilaisten ja opiskelijoiden neuvonta ja tuki. Meill\u00e4 on noin 1 700 j\u00e4sent\u00e4, joista<br \/>\nopiskelijoita on noin 200. Suuri osa j\u00e4senist\u00e4mme on opiskellut yliopistossa p\u00e4\u00e4aineenaan<br \/>\nhistorian, kulttuurin- tai taiteentutkimuksen oppialoja. Useimmat j\u00e4senemme ovat<br \/>\nopiskelleet my\u00f6s museologiaa joko osana tutkintoaan tai valmistumisensa j\u00e4lkeen.<\/p>\n<p>J\u00e4senemme ty\u00f6skentelev\u00e4t kulttuuriperint\u00f6alan asiantuntijateht\u00e4viss\u00e4 t\u00f6iss\u00e4, joilla on<br \/>\nvaikuttavuutta koko yhteiskunnan kannalta. Tyypillisi\u00e4 alamme nimikkeit\u00e4 ovat muun<br \/>\nmuassa tutkija, amanuenssi, opas, intendentti, kuraattori ja museonjohtaja. Suurin osa<br \/>\nj\u00e4senist\u00e4mme ty\u00f6skentelee kulttuurihistoriallisissa museoissa, taidemuseoissa sek\u00e4<br \/>\nluonnontieteellisiss\u00e4 museoissa, mutta my\u00f6s esimerkiksi kulttuuriperint\u00f6alan yhdistyksiss\u00e4<br \/>\nja s\u00e4\u00e4ti\u00f6iss\u00e4 sek\u00e4 erin\u00e4isiss\u00e4 viranomaisteht\u00e4viss\u00e4. My\u00f6s yritt\u00e4jyys on yleistynyt<br \/>\nkulttuuriperint\u00f6alalla.<\/p>\n<p><strong>Liity j\u00e4seneksi!<\/strong><\/p>\n<p>Liittym\u00e4ll\u00e4 Museo- ja kulttuuriperint\u00f6alan ammattiliittoon p\u00e4\u00e4set osaksi kulttuuriperint\u00f6alan osaajien yhteis\u00f6\u00e4.<br \/>\nMe tarjoamme opiskelijaj\u00e4senillemme monipuolisia koulutuksia ja uravalmennusta.<br \/>\nAnnamme henkil\u00f6kohtaista apua palkka- ja ty\u00f6sopimusasioissa, ty\u00f6el\u00e4m\u00e4n eri tilanteissa<br \/>\nsek\u00e4 valvomme j\u00e4sentemme oikeuksia ty\u00f6el\u00e4m\u00e4ss\u00e4 \u2013 opiskeluajan ty\u00f6harjoitteluista<br \/>\nl\u00e4htien. Opiskelijatoimintaamme kuuluvat my\u00f6s s\u00e4\u00e4nn\u00f6lliset opiskelijoiden webinaarit, ja<br \/>\nopiskelijaj\u00e4senemme voivat lis\u00e4ksi hakea apurahaa opinn\u00e4ytety\u00f6n tekoon!<\/p>\n<p>Opiskelijaj\u00e4senen\u00e4 olet vapautettu j\u00e4senmaksusta, kun et tee palkkat\u00f6it\u00e4. T\u00f6it\u00e4 tehdess\u00e4si<br \/>\nj\u00e4senmaksu on 1,15 % palkasta ja samalla voit kerrytt\u00e4\u00e4 ansiosidonnaista<br \/>\nty\u00f6tt\u00f6myysturvaasi. Huomaathan, ett\u00e4 j\u00e4senmaksua ei perit\u00e4 opintotuesta tai -lainasta eik\u00e4<br \/>\nasumistuesta.<\/p>\n<p><a href=\"https:\/\/museoalanammattiliitto.fi\/jasenyys\/\">Liity j\u00e4seneksi<\/a>\u00a0ja hy\u00f6dynn\u00e4 palveluitamme! Ota my\u00f6s somekanavamme @museoalan<br \/>\nseurantaan ja pysyt ajan tasalla toiminnastamme.<\/p>\n<p><img loading=\"lazy\" decoding=\"async\" class=\"alignnone size-full wp-image-44018\" src=\"https:\/\/hol.fi\/wp-content\/uploads\/Museoalan-ammattiliitto-banneri.png\" alt=\"\" width=\"780\" height=\"260\" srcset=\"https:\/\/hol.fi\/wp-content\/uploads\/Museoalan-ammattiliitto-banneri.png 780w, https:\/\/hol.fi\/wp-content\/uploads\/Museoalan-ammattiliitto-banneri-300x100.png 300w, https:\/\/hol.fi\/wp-content\/uploads\/Museoalan-ammattiliitto-banneri-768x256.png 768w, https:\/\/hol.fi\/wp-content\/uploads\/Museoalan-ammattiliitto-banneri-750x250.png 750w\" sizes=\"(max-width: 780px) 100vw, 780px\" \/><\/p>\n<hr \/>\n<h4><\/h4>\n<h4 style=\"text-align: left;\"><span style=\"color: #990000;\"><a href=\"http:\/\/www.viesti.fi\/\">Viestinn\u00e4n asiantuntijoiden ammattij\u00e4rjest\u00f6 Viesti<\/a><\/span><\/h4>\n<h1><a href=\"http:\/\/www.yhteiskunta-ala.fi\/\">Yhteiskunta-alan korkeakoulutetut YKA<\/a><\/h1>\n<p>Yhteiskunta-alan korkeakoulutetut toimii yhteiskunnallisella alalla ty\u00f6skentelevien, korkeakoulututkinnon suorittaneiden tai sit\u00e4 opiskelevien ammatillisena etuj\u00e4rjest\u00f6n\u00e4. Kasvavassa liitossamme on jo yli 12 000 j\u00e4sent\u00e4. J\u00e4senist\u00f6mme ty\u00f6skentelee laajasti eri sektoreilla asiantuntija- ja esimiesteht\u00e4viss\u00e4. Yleisimm\u00e4t tutkintonimikkeet ovat VTM, HTM ja YTM.<\/p>\n<p>Liitto valvoo j\u00e4sentens\u00e4 ammatillisia, taloudellisia ja sosiaalisia etuja ty\u00f6markkinoilla ja toimii j\u00e4sentens\u00e4 kumppanina ty\u00f6el\u00e4m\u00e4ss\u00e4 aina opintojen alusta el\u00e4kkeen p\u00e4\u00e4ttymiseen! Liiton tavoitteena on my\u00f6s vahvistaa j\u00e4senkuntansa ammattien arvostusta ja ammatillista identiteetti\u00e4 sek\u00e4 tuoda yhteen yhteiskuntaosaajia ymp\u00e4ri Suomen.<\/p>\n<h1 style=\"text-align: left;\"><span style=\"color: #800000;\"><a href=\"http:\/\/www.sool.fi\/\" target=\"_blank\" rel=\"noopener noreferrer\">Suomen opettajaksi opiskelevien Liitto SOOL<\/a><\/span><\/h1>\n<p style=\"text-align: left;\">Suomen Opettajaksi Opiskelevien Liitto SOOL ry on valtakunnallinen kaikkien opettajaksi opiskelevien edunvalvoja ja yhteisty\u00f6j\u00e4rjest\u00f6. Liiton tarkoituksena on edist\u00e4\u00e4 tulevien opetus- ja kasvatusalan ty\u00f6ntekij\u00f6iden yhteist\u00e4 toimintaa opettajankoulutuksen kehitt\u00e4miseksi.<\/p>\n","protected":false},"excerpt":{"rendered":"<p>Akavan Erityisalat Me ammattij\u00e4rjest\u00f6t Specia, TAKU ja MAL kuulumme kattoj\u00e4rjest\u00f6 Akavan Erityisaloihin ja sit\u00e4 kautta keskusj\u00e4rjest\u00f6 Akavaan. Akavan Erityisalat on monialainen ammattiliitto ja palveluj\u00e4rjest\u00f6, johon kuuluu j\u00e4senyhdistysten kautta yli 27 000 j\u00e4sent\u00e4. Liittyess\u00e4si johonkin meist\u00e4, saat samalla kaikki Akavan Erityisalojen tarjoamat palvelut ja edut, kuten lakipalvelut, ty\u00f6suhdeneuvonnan sek\u00e4 urapalvelut ja monipuolisia koulutuksia. Akavan Erityisalat tarjoaa &hellip; <\/p>\n<p><a class=\"more-link btn\" href=\"https:\/\/hol.fi\/?page_id=188\">Jatka lukemista<\/a><\/p>\n","protected":false},"author":1,"featured_media":0,"parent":64,"menu_order":0,"comment_status":"closed","ping_status":"closed","template":"","meta":{"footnotes":""},"_links":{"self":[{"href":"https:\/\/hol.fi\/index.php?rest_route=\/wp\/v2\/pages\/188"}],"collection":[{"href":"https:\/\/hol.fi\/index.php?rest_route=\/wp\/v2\/pages"}],"about":[{"href":"https:\/\/hol.fi\/index.php?rest_route=\/wp\/v2\/types\/page"}],"author":[{"embeddable":true,"href":"https:\/\/hol.fi\/index.php?rest_route=\/wp\/v2\/users\/1"}],"replies":[{"embeddable":true,"href":"https:\/\/hol.fi\/index.php?rest_route=%2Fwp%2Fv2%2Fcomments&post=188"}],"version-history":[{"count":42,"href":"https:\/\/hol.fi\/index.php?rest_route=\/wp\/v2\/pages\/188\/revisions"}],"predecessor-version":[{"id":44484,"href":"https:\/\/hol.fi\/index.php?rest_route=\/wp\/v2\/pages\/188\/revisions\/44484"}],"up":[{"embeddable":true,"href":"https:\/\/hol.fi\/index.php?rest_route=\/wp\/v2\/pages\/64"}],"wp:attachment":[{"href":"https:\/\/hol.fi\/index.php?rest_route=%2Fwp%2Fv2%2Fmedia&parent=188"}],"curies":[{"name":"wp","href":"https:\/\/api.w.org\/{rel}","templated":true}]}}