{"id":194,"date":"2013-04-15T20:24:48","date_gmt":"2013-04-15T17:24:48","guid":{"rendered":"http:\/\/historianopiskelijainliitto.com\/?page_id=194"},"modified":"2019-10-11T12:37:18","modified_gmt":"2019-10-11T09:37:18","slug":"tuleva-seminaari","status":"publish","type":"page","link":"https:\/\/hol.fi\/?page_id=194","title":{"rendered":"Syysseminaari Helsingiss\u00e4 2013"},"content":{"rendered":"<p style=\"text-align: center;\"><strong><span style=\"color: #990000;\">&nbsp;\u00c4\u00c4RIMM\u00c4INEN syysseminaari:<\/span><\/strong><\/p>\n<p style=\"text-align: center;\"><strong><span style=\"color: #990000;\">RADIKALISMI &amp; VALTAVIRTA<\/span><\/strong><\/p>\n<p><a href=\"http:\/\/hol.fi\/wp-content\/uploads\/2013\/04\/juliste_hol_nettiinFIX.jpg\"><img loading=\"lazy\" decoding=\"async\" class=\"alignright  wp-image-1297\" alt=\"\" src=\"http:\/\/hol.fi\/wp-content\/uploads\/2013\/04\/juliste_hol_nettiinFIX.jpg\" width=\"182\" height=\"257\" srcset=\"https:\/\/hol.fi\/wp-content\/uploads\/2013\/04\/juliste_hol_nettiinFIX.jpg 842w, https:\/\/hol.fi\/wp-content\/uploads\/2013\/04\/juliste_hol_nettiinFIX-212x300.jpg 212w, https:\/\/hol.fi\/wp-content\/uploads\/2013\/04\/juliste_hol_nettiinFIX-723x1024.jpg 723w\" sizes=\"(max-width: 182px) 100vw, 182px\" \/><\/a><\/p>\n<p style=\"text-align: left;\">Mit\u00e4 on \u00e4\u00e4rimm\u00e4inen ja miten siihen p\u00e4\u00e4dyt\u00e4\u00e4n? Historian Opiskelijain Liiton&nbsp;&nbsp;syyssseminaari tarkasteli \u00e4\u00e4rimm\u00e4isyyksi\u00e4 ja radikalismia aina suomalaisen terrorismin synnyst\u00e4 Lapuan liikkeeseen.&nbsp; Seminaari j\u00e4rjestettiin Helsingin yliopiston p\u00e4\u00e4rakennuksella 16.11.2013.<\/p>\n<h4 style=\"text-align: left;\"><span style=\"color: #990000;\">Seminaarip\u00e4iv\u00e4n ohjelma:<\/span><\/h4>\n<h4 style=\"text-align: left;\">10.00 Alkusanat<\/h4>\n<p style=\"text-align: left;\">10.15 <strong>&#8221;Terrorismi, \u00e4\u00e4riliikkeet ja niiden torjunta syyskuun 11. p\u00e4iv\u00e4n j\u00e4lkeisess\u00e4 Suomessa&#8221;<\/strong><em>, VTT Leena Malkki<\/em><\/p>\n<p style=\"text-align: left;\">11.00<strong> &#8221;Lapuanliike \u2013 suomalainen \u00e4\u00e4rioikeistoliike 1920- ja 1930-lukujen Euroopassa&#8221;<\/strong><em>, VTT Erkki Vasara<\/em><\/p>\n<p style=\"text-align: left;\">12.00 <strong>&#8221;Kulttuuriperinne \u00e4\u00e4rimm\u00e4isliikkeen\u00e4&nbsp;\u2013 suomenruotsalaisten kansallinen omakuva&#8221;,<\/strong> <em>FT Derek Fewster<\/em><\/p>\n<p style=\"text-align: left;\">12.45 Lounastauko<\/p>\n<p style=\"text-align: left;\">14.00 <strong>&#8221;Viipuri 1918 \u2013 ihmiskohtaloita piiritetyss\u00e4 kaupungissa&#8221;<\/strong><em>, FT Teemu Keskisarja<\/em><\/p>\n<p style=\"text-align: left;\">15.00 <strong>&#8221;Radicalizing matters: The Second Industrial Revolution and the emergence of Finnish terrorism&#8221;<\/strong><em>, Prof. Mats Fridlund<\/em><\/p>\n<div id=\"attachment_1355\" style=\"width: 300px\" class=\"wp-caption alignright\"><a href=\"http:\/\/hol.fi\/wp-content\/uploads\/2013\/04\/IMG_4225.jpg\"><img loading=\"lazy\" decoding=\"async\" aria-describedby=\"caption-attachment-1355\" class=\"size-medium wp-image-1355  \" alt=\"\u201dRadicalizing matters: The Second Industrial Revolution and the emergence of Finnish terrorism\u201d, Prof. Mats Fridlund\" src=\"http:\/\/hol.fi\/wp-content\/uploads\/2013\/04\/IMG_4225-300x200.jpg\" width=\"300\" height=\"200\" srcset=\"https:\/\/hol.fi\/wp-content\/uploads\/2013\/04\/IMG_4225-300x200.jpg 300w, https:\/\/hol.fi\/wp-content\/uploads\/2013\/04\/IMG_4225-1024x682.jpg 1024w\" sizes=\"(max-width: 300px) 100vw, 300px\" \/><\/a><p id=\"caption-attachment-1355\" class=\"wp-caption-text\">\u201dRadicalizing matters: The Second Industrial Revolution and the emergence of Finnish terrorism\u201d, Prof. Mats Fridlund. Kuva: Anna Niemi.<\/p><\/div>\n<p style=\"text-align: left;\">16.00<strong> Loppupaneeli aiheesta &#8221;Poliittinen radikalismi nykyp\u00e4iv\u00e4n Suomes<\/strong><\/p>\n<p style=\"text-align: left;\"><strong>sa&#8221;<\/strong>,<br \/>\n<em>Jari Hanskan vet\u00e4m\u00e4ss\u00e4 paneelissa keskustelivat Perussuomalaisten europarlamentaarikko Sampo Terho,Voima-lehden kolumnistina Veli It\u00e4l\u00e4inen tunnetuksi tullut anarkisti Antti Rautiainen, Kokoomusnuorten Saul Schubak ja Vihreiden Helsingin kaupunginvaltuuston varavaltuutettu Katri Korolainen.<\/em><\/p>\n<h4 style=\"text-align: left;\"><span style=\"color: #990000;\">Iltaohjelma:<\/span><\/h4>\n<p style=\"text-align: left;\">19.00 \u00c4\u00e4rimm\u00e4iset sitsit Alina-salissa Uudella ylioppilastalolla. Vaihtoehtoisena ohjelmana oli illanviettoa humanistiklusterissa Uudella ylioppilastalolla ja saunomista Uuden alasaunalla.<\/p>\n<p style=\"text-align: left;\">23.00&nbsp;\u00c4\u00e4rimm\u00e4iset sitsijatkot Alina-salissa. Jatkot olivat kaikille avoimet. My\u00f6s saunomismahdollisuuta k\u00e4yettiin aamun pikkutunneille asti.<\/p>\n<h4 style=\"text-align: left;\"><span style=\"color: #800000;\">Sunnuntaina 17.11.<\/span><\/h4>\n<p style=\"text-align: left;\">11.00 Brunssi Uudella ylioppilastalolla<\/p>\n<p style=\"text-align: left;\">12.00 Holin hallituksen kokous, huone Marx, 3 krs.<\/p>\n<h4 style=\"text-align: left;\"><span style=\"color: #800000;\">Seminaarin yhteisty\u00f6tahoina toimivat:<\/span><\/h4>\n<p style=\"text-align: left;\"><strong><span style=\"color: #990000;\"><a href=\"https:\/\/www.facebook.com\/akavanerityisalat\"><span style=\"color: #990000;\">Akavan erityisalat<\/span><\/a><\/span><\/strong>, <a href=\"https:\/\/www.facebook.com\/pages\/SPECIA-Asiantuntijat-ja-ylemm\u00e4t-toimihenkil\u00f6t-ry\/350297815035\"><strong><span style=\"color: #990000;\">Specia<\/span><\/strong><\/a> ja <a href=\"https:\/\/www.facebook.com\/Yhteiskuntaala\"><strong><span style=\"color: #990000;\">Yhteiskunta-alan korkeakoulutetut<\/span><\/strong><\/a><\/p>\n<p>&nbsp;<\/p>\n<p><a href=\"http:\/\/hol.fi\/wp-content\/uploads\/2013\/04\/IMG_4222.jpg\"><img loading=\"lazy\" decoding=\"async\" class=\"size-medium wp-image-1356 alignleft\" alt=\"Seminaariv\u00e4ke\u00e4. Kuva: Anna Niemi\" src=\"http:\/\/hol.fi\/wp-content\/uploads\/2013\/04\/IMG_4222-300x200.jpg\" width=\"300\" height=\"200\" srcset=\"https:\/\/hol.fi\/wp-content\/uploads\/2013\/04\/IMG_4222-300x200.jpg 300w, https:\/\/hol.fi\/wp-content\/uploads\/2013\/04\/IMG_4222-1024x682.jpg 1024w\" sizes=\"(max-width: 300px) 100vw, 300px\" \/><\/a><\/p>\n","protected":false},"excerpt":{"rendered":"<p>&nbsp;\u00c4\u00c4RIMM\u00c4INEN syysseminaari: RADIKALISMI &amp; VALTAVIRTA Mit\u00e4 on \u00e4\u00e4rimm\u00e4inen ja miten siihen p\u00e4\u00e4dyt\u00e4\u00e4n? Historian Opiskelijain Liiton&nbsp;&nbsp;syyssseminaari tarkasteli \u00e4\u00e4rimm\u00e4isyyksi\u00e4 ja radikalismia aina suomalaisen terrorismin synnyst\u00e4 Lapuan liikkeeseen.&nbsp; Seminaari j\u00e4rjestettiin Helsingin yliopiston p\u00e4\u00e4rakennuksella 16.11.2013. Seminaarip\u00e4iv\u00e4n ohjelma: 10.00 Alkusanat 10.15 &#8221;Terrorismi, \u00e4\u00e4riliikkeet ja niiden torjunta syyskuun 11. p\u00e4iv\u00e4n j\u00e4lkeisess\u00e4 Suomessa&#8221;, VTT Leena Malkki 11.00 &#8221;Lapuanliike \u2013 suomalainen \u00e4\u00e4rioikeistoliike 1920- &hellip; <\/p>\n<p><a class=\"more-link btn\" href=\"https:\/\/hol.fi\/?page_id=194\">Jatka lukemista<\/a><\/p>\n","protected":false},"author":1,"featured_media":0,"parent":3132,"menu_order":12,"comment_status":"closed","ping_status":"closed","template":"","meta":{"footnotes":""},"_links":{"self":[{"href":"https:\/\/hol.fi\/index.php?rest_route=\/wp\/v2\/pages\/194"}],"collection":[{"href":"https:\/\/hol.fi\/index.php?rest_route=\/wp\/v2\/pages"}],"about":[{"href":"https:\/\/hol.fi\/index.php?rest_route=\/wp\/v2\/types\/page"}],"author":[{"embeddable":true,"href":"https:\/\/hol.fi\/index.php?rest_route=\/wp\/v2\/users\/1"}],"replies":[{"embeddable":true,"href":"https:\/\/hol.fi\/index.php?rest_route=%2Fwp%2Fv2%2Fcomments&post=194"}],"version-history":[{"count":38,"href":"https:\/\/hol.fi\/index.php?rest_route=\/wp\/v2\/pages\/194\/revisions"}],"predecessor-version":[{"id":3221,"href":"https:\/\/hol.fi\/index.php?rest_route=\/wp\/v2\/pages\/194\/revisions\/3221"}],"up":[{"embeddable":true,"href":"https:\/\/hol.fi\/index.php?rest_route=\/wp\/v2\/pages\/3132"}],"wp:attachment":[{"href":"https:\/\/hol.fi\/index.php?rest_route=%2Fwp%2Fv2%2Fmedia&parent=194"}],"curies":[{"name":"wp","href":"https:\/\/api.w.org\/{rel}","templated":true}]}}