{"id":1970,"date":"2016-11-23T20:02:50","date_gmt":"2016-11-23T18:02:50","guid":{"rendered":"http:\/\/hol.fi\/?page_id=1970"},"modified":"2021-02-15T11:53:20","modified_gmt":"2021-02-15T09:53:20","slug":"historian-opiskelijain-liiton-avustus-kahden-tai-useamman-jasenjarjeston-yhteiseen-toimintaan","status":"publish","type":"page","link":"https:\/\/hol.fi\/?page_id=1970","title":{"rendered":"J\u00e4senedut j\u00e4senj\u00e4rjest\u00f6ille"},"content":{"rendered":"<p style=\"text-align: center;\"><img loading=\"lazy\" decoding=\"async\" class=\"aligncenter wp-image-2566\" src=\"http:\/\/hol.fi\/wp-content\/uploads\/2018\/03\/Hol-albumi-300x155.png\" alt=\"\" width=\"433\" height=\"225\" srcset=\"https:\/\/hol.fi\/wp-content\/uploads\/2018\/03\/Hol-albumi-300x155.png 300w, https:\/\/hol.fi\/wp-content\/uploads\/2018\/03\/Hol-albumi-768x397.png 768w, https:\/\/hol.fi\/wp-content\/uploads\/2018\/03\/Hol-albumi.png 1163w\" sizes=\"(max-width: 433px) 100vw, 433px\" \/><\/p>\n<p style=\"text-align: center;\">Hol haluaa kannustaa j\u00e4senj\u00e4rjest\u00f6j\u00e4 pit\u00e4m\u00e4\u00e4n yhteytt\u00e4 ja tutustumaan toisiinsa my\u00f6s seminaarien ulkopuolella. J\u00e4senj\u00e4rjest\u00f6jen v\u00e4lisen monipuolisemman yhteydenpidon lis\u00e4\u00e4miseksi j\u00e4senj\u00e4rjest\u00f6jen on mahdollista hakea tapahtuma-avustusta kahden tai useamman j\u00e4senj\u00e4rjest\u00f6n v\u00e4lisen tapahtuman j\u00e4rjest\u00e4miseen.<\/p>\n<h3 style=\"text-align: center;\"><b>Mik\u00e4 avustus?<\/b><\/h3>\n<p style=\"text-align: center;\">Holin hallitus my\u00f6nt\u00e4\u00e4 avustusta kahden tai useamman j\u00e4senj\u00e4rjest\u00f6n v\u00e4liseen yhteiseen toimintaan. Tasapuolisuuden nimiss\u00e4 tukea hakevien j\u00e4senj\u00e4rjest\u00f6jen on oltava eri kaupungeista.<\/p>\n<p style=\"text-align: center;\">Yhteinen toiminta voi tarkoittaa esimerkiksi j\u00e4senj\u00e4rjest\u00f6jen vierailuja toistensa luona, yhteisi\u00e4 illanviettoja tai ekskursioita, hallitustenv\u00e4lisi\u00e4 tapaamisia tai j\u00e4senj\u00e4rjest\u00f6jen edustajien vuosijuhlavierailuja.<\/p>\n<p style=\"text-align: center;\">Avustusta voi hakea esimerkiksi matkakuluihin tai j\u00e4rjest\u00e4miskuluihin. <strong>Yhteen tapahtumaan avustusta voi saada maksimissaan 200 euroa.<\/strong><\/p>\n<p style=\"text-align: center;\">Tuen my\u00f6nt\u00e4misest\u00e4 ja lopullisesta m\u00e4\u00e4r\u00e4st\u00e4 p\u00e4\u00e4tt\u00e4\u00e4 Holin hallitus tapauskohtaisesti hakemuksen perusteella.<\/p>\n<h3 style=\"text-align: center;\"><b>Miten tukea haetaan?<\/b><\/h3>\n<p>J\u00e4senj\u00e4rjest\u00f6t voivat hakea Holin avustusta kahden tai useamman j\u00e4senj\u00e4rjest\u00f6n yhteiseen toimintaan kirjallisella hakemuksella, joka toimitetaan Holin hallitukselle.<\/p>\n<p><strong>Hakemuksessa on oltava:<\/strong><\/p>\n<p>&#8211; \u00a0 \u00a0 \u00a0 \u00a0 \u00a0Suunnitelma miten ja milloin avustus on tarkoitus k\u00e4ytt\u00e4\u00e4<\/p>\n<p>&#8211;\u00a0\u00a0\u00a0\u00a0\u00a0\u00a0\u00a0\u00a0\u00a0 Haettava summa ja tarkka laskelma kuluista<\/p>\n<p>&#8211;\u00a0\u00a0\u00a0\u00a0\u00a0\u00a0\u00a0\u00a0\u00a0 Perustelut miten avustus lis\u00e4isi j\u00e4senj\u00e4rjest\u00f6jen v\u00e4list\u00e4 vuorovaikutusta<\/p>\n<p><a href=\"http:\/\/hol.fi\/wp-content\/uploads\/2013\/05\/ryhm\u00e4kuva.jpg\"><img loading=\"lazy\" decoding=\"async\" class=\"alignnone size-full wp-image-963\" src=\"http:\/\/hol.fi\/wp-content\/uploads\/2013\/05\/ryhm\u00e4kuva.jpg\" alt=\"ryhm\u00e4kuva\" width=\"945\" height=\"447\" srcset=\"https:\/\/hol.fi\/wp-content\/uploads\/2013\/05\/ryhm\u00e4kuva.jpg 945w, https:\/\/hol.fi\/wp-content\/uploads\/2013\/05\/ryhm\u00e4kuva-300x141.jpg 300w\" sizes=\"(max-width: 945px) 100vw, 945px\" \/><\/a><\/p>\n","protected":false},"excerpt":{"rendered":"<p>Hol haluaa kannustaa j\u00e4senj\u00e4rjest\u00f6j\u00e4 pit\u00e4m\u00e4\u00e4n yhteytt\u00e4 ja tutustumaan toisiinsa my\u00f6s seminaarien ulkopuolella. J\u00e4senj\u00e4rjest\u00f6jen v\u00e4lisen monipuolisemman yhteydenpidon lis\u00e4\u00e4miseksi j\u00e4senj\u00e4rjest\u00f6jen on mahdollista hakea tapahtuma-avustusta kahden tai useamman j\u00e4senj\u00e4rjest\u00f6n v\u00e4lisen tapahtuman j\u00e4rjest\u00e4miseen. Mik\u00e4 avustus? Holin hallitus my\u00f6nt\u00e4\u00e4 avustusta kahden tai useamman j\u00e4senj\u00e4rjest\u00f6n v\u00e4liseen yhteiseen toimintaan. Tasapuolisuuden nimiss\u00e4 tukea hakevien j\u00e4senj\u00e4rjest\u00f6jen on oltava eri kaupungeista. Yhteinen toiminta voi tarkoittaa &hellip; <\/p>\n<p><a class=\"more-link btn\" href=\"https:\/\/hol.fi\/?page_id=1970\">Jatka lukemista<\/a><\/p>\n","protected":false},"author":1,"featured_media":0,"parent":68,"menu_order":0,"comment_status":"closed","ping_status":"open","template":"","meta":{"footnotes":""},"_links":{"self":[{"href":"https:\/\/hol.fi\/index.php?rest_route=\/wp\/v2\/pages\/1970"}],"collection":[{"href":"https:\/\/hol.fi\/index.php?rest_route=\/wp\/v2\/pages"}],"about":[{"href":"https:\/\/hol.fi\/index.php?rest_route=\/wp\/v2\/types\/page"}],"author":[{"embeddable":true,"href":"https:\/\/hol.fi\/index.php?rest_route=\/wp\/v2\/users\/1"}],"replies":[{"embeddable":true,"href":"https:\/\/hol.fi\/index.php?rest_route=%2Fwp%2Fv2%2Fcomments&post=1970"}],"version-history":[{"count":15,"href":"https:\/\/hol.fi\/index.php?rest_route=\/wp\/v2\/pages\/1970\/revisions"}],"predecessor-version":[{"id":44096,"href":"https:\/\/hol.fi\/index.php?rest_route=\/wp\/v2\/pages\/1970\/revisions\/44096"}],"up":[{"embeddable":true,"href":"https:\/\/hol.fi\/index.php?rest_route=\/wp\/v2\/pages\/68"}],"wp:attachment":[{"href":"https:\/\/hol.fi\/index.php?rest_route=%2Fwp%2Fv2%2Fmedia&parent=1970"}],"curies":[{"name":"wp","href":"https:\/\/api.w.org\/{rel}","templated":true}]}}