{"id":1986,"date":"2016-11-23T21:15:13","date_gmt":"2016-11-23T19:15:13","guid":{"rendered":"http:\/\/hol.fi\/?page_id=1986"},"modified":"2021-03-26T16:01:41","modified_gmt":"2021-03-26T14:01:41","slug":"gradupalkinto","status":"publish","type":"page","link":"https:\/\/hol.fi\/?page_id=1986","title":{"rendered":"Gradupalkinto"},"content":{"rendered":"<p style=\"text-align: center;\"><img loading=\"lazy\" decoding=\"async\" class=\"alignleft\" src=\"http:\/\/historiallinenyhdistys.fi\/wp-content\/uploads\/2015\/02\/uusi-logo-90px.png\" alt=\"Historiallinen Yhdistys\" width=\"169\" height=\"169\" \/><img loading=\"lazy\" decoding=\"async\" class=\" wp-image-1128 alignright\" src=\"http:\/\/hol.fi\/wp-content\/uploads\/2013\/04\/HOL-banneri-120x90.jpg\" alt=\"\" width=\"110\" height=\"148\" \/><\/p>\n<p style=\"text-align: center;\"><b>Historian Opiskelijain Liiton ja Historiallisen Yhdistyksen gradupalkinto vuoden parhaalle historian gradulle<\/b><\/p>\n<p>Historiallinen Yhdistys ja Historian Opiskelijain Liitto jakavat vuosittain yhdess\u00e4 200 \u20ac arvoisen stipendin ja kunniakirjan aiemman lukuvuoden parhaalle historian pro gradu -tutkielmalle. Pohjaty\u00f6n valinnassa tekee Historiallinen Yhdistys, joka hankkii gradut Suomen yliopistojen historian laitoksilta ja suorittaa voittajaehdokkaiden esikarsinnan.<\/p>\n<p>Hol p\u00e4\u00e4see vaikuttamaan gradupalkinnon voittajaan valitsemalla vuosittain vaihtuvan historoitsijan, jolla on kunnia valita palkinnon saaja. Yleens\u00e4 valitsija tulee kev\u00e4tseminaarikaupungin yliopistosta.<\/p>\n<p>Palkinto jaetaan kev\u00e4isin Hol-seminaarin yhteydess\u00e4. Ensimm\u00e4isen kerran yhteinen palkinto jaettiin Joensuun seminaarissa kev\u00e4\u00e4ll\u00e4 2017.<\/p>\n<p style=\"text-align: center;\">Palkinnon aikaisemmat voittajat l\u00f6ytyv\u00e4t Historiallisen yhdistyksen <strong><a href=\"http:\/\/historiallinenyhdistys.fi\/\">nettisivuilta<\/a><\/strong>.<\/p>\n<p style=\"text-align: center;\"><img loading=\"lazy\" decoding=\"async\" class=\"size-full wp-image-2672 aligncenter\" src=\"http:\/\/hol.fi\/wp-content\/uploads\/2018\/09\/DSC_0144.jpg\" alt=\"\" width=\"4608\" height=\"3072\" srcset=\"https:\/\/hol.fi\/wp-content\/uploads\/2018\/09\/DSC_0144.jpg 4608w, https:\/\/hol.fi\/wp-content\/uploads\/2018\/09\/DSC_0144-300x200.jpg 300w, https:\/\/hol.fi\/wp-content\/uploads\/2018\/09\/DSC_0144-768x512.jpg 768w\" sizes=\"(max-width: 4608px) 100vw, 4608px\" \/><\/p>\n","protected":false},"excerpt":{"rendered":"<p>Historian Opiskelijain Liiton ja Historiallisen Yhdistyksen gradupalkinto vuoden parhaalle historian gradulle Historiallinen Yhdistys ja Historian Opiskelijain Liitto jakavat vuosittain yhdess\u00e4 200 \u20ac arvoisen stipendin ja kunniakirjan aiemman lukuvuoden parhaalle historian pro gradu -tutkielmalle. Pohjaty\u00f6n valinnassa tekee Historiallinen Yhdistys, joka hankkii gradut Suomen yliopistojen historian laitoksilta ja suorittaa voittajaehdokkaiden esikarsinnan. Hol p\u00e4\u00e4see vaikuttamaan gradupalkinnon voittajaan valitsemalla &hellip; <\/p>\n<p><a class=\"more-link btn\" href=\"https:\/\/hol.fi\/?page_id=1986\">Jatka lukemista<\/a><\/p>\n","protected":false},"author":1,"featured_media":0,"parent":54,"menu_order":7,"comment_status":"closed","ping_status":"open","template":"","meta":{"footnotes":""},"_links":{"self":[{"href":"https:\/\/hol.fi\/index.php?rest_route=\/wp\/v2\/pages\/1986"}],"collection":[{"href":"https:\/\/hol.fi\/index.php?rest_route=\/wp\/v2\/pages"}],"about":[{"href":"https:\/\/hol.fi\/index.php?rest_route=\/wp\/v2\/types\/page"}],"author":[{"embeddable":true,"href":"https:\/\/hol.fi\/index.php?rest_route=\/wp\/v2\/users\/1"}],"replies":[{"embeddable":true,"href":"https:\/\/hol.fi\/index.php?rest_route=%2Fwp%2Fv2%2Fcomments&post=1986"}],"version-history":[{"count":10,"href":"https:\/\/hol.fi\/index.php?rest_route=\/wp\/v2\/pages\/1986\/revisions"}],"predecessor-version":[{"id":44133,"href":"https:\/\/hol.fi\/index.php?rest_route=\/wp\/v2\/pages\/1986\/revisions\/44133"}],"up":[{"embeddable":true,"href":"https:\/\/hol.fi\/index.php?rest_route=\/wp\/v2\/pages\/54"}],"wp:attachment":[{"href":"https:\/\/hol.fi\/index.php?rest_route=%2Fwp%2Fv2%2Fmedia&parent=1986"}],"curies":[{"name":"wp","href":"https:\/\/api.w.org\/{rel}","templated":true}]}}