{"id":2116,"date":"2017-01-23T10:16:57","date_gmt":"2017-01-23T08:16:57","guid":{"rendered":"http:\/\/hol.fi\/?page_id=2116"},"modified":"2019-10-11T12:34:33","modified_gmt":"2019-10-11T09:34:33","slug":"kevatseminaari-joensuussa-18-3-2017","status":"publish","type":"page","link":"https:\/\/hol.fi\/?page_id=2116","title":{"rendered":"Kev\u00e4tseminaari Joensuussa 18.3.2017"},"content":{"rendered":"<p><img decoding=\"async\" alt=\"Henkil\u00f6n Susanna Koivistoinen kuva.\" src=\"https:\/\/scontent.fhel1-1.fna.fbcdn.net\/v\/t1.0-9\/16427221_10211220678300298_7075796799026483859_n.jpg?oh=cfd8d4b67cd6f0131b732c35ca012466&amp;oe=593E3B4F\"><\/p>\n<p>Varnitsa ry toivottaa teid\u00e4t tervetulleiksi Historian Opiskelijain Liiton kev\u00e4tseminaariin Joensuuhun 17.-19.3.!<\/p>\n<p>Suomi juhlii t\u00e4n\u00e4 vuonna itsen\u00e4isyyden satavuotisjuhlavuotta ja mik\u00e4p\u00e4 olisi parempi tapa kunnioittaa satavuotiaan Suomen historiaa, kuin seminaari Suomesta toisessa maailmansodassa, sodassa jossa Suomen itsen\u00e4isyys oli vaakalaudalla. Aiheesta on paikan p\u00e4\u00e4ll\u00e4 puhumassa niin sotahistorian asiantuntijoita kuin itse sodan kokeneita. Seminaarissa kuullaan Matti Kososelta luento vakojaakoulun naisista jatkosodassa sek\u00e4 Pasi Tuunaiselta luento maaston ja olosuhteiden hyv\u00e4ksik\u00e4yt\u00f6st\u00e4 talvisodassa. Sodan sukupolvi -paneelissa kokemuksistaan ovat kertomassa talvisodan jaloista evakkoon l\u00e4htenyt Hely Teittinen, rintamalottana toiminut Fanny M\u00f6nkk\u00f6nen, sotaveteraani Paavo Saviaro ja Joensuussa sodan aikana lapsena asunut Jorma Mikkonen.<\/p>\n<p>Seminaari j\u00e4rjestet\u00e4\u00e4n It\u00e4-Suomen yliopiston Agora rakennuksen AT100 salissa. Osoite on Yliopistokatu 2 80130 Joensuu. Tapahtumaan ovat tervetulleita kaikki historiasta kiinnostuneet!<\/p>\n<p>Seminaarin ohjelma:<\/p>\n<p>Lauantai 18.3.<br \/>\nklo 10:00 Ovet aukeavat + kahvitarjoilu<br \/>\nklo 11:00 Alkusanat + Pasi Tuunainen: Maaston ja olosuhteiden hyv\u00e4ksik\u00e4ytt\u00f6 talvisodassa<br \/>\nklo 12:00 Matti Kosonen: Agenttikoulun naiset<br \/>\nklo 13:00 RUOKATAUKO<br \/>\nKlo 14:00 Hol ry:n hallituksen terveiset + gradupalkinnon jako<br \/>\nklo 14:30 Sodan sukupolvi -paneeli: Sodan kokeneiden kertomuksia<br \/>\nklo 16:00 Seminaari p\u00e4\u00e4ttyy<\/p>\n<p>Seminaarin yhteydess\u00e4 jaetaan nyt my\u00f6s ensimm\u00e4ist\u00e4 kertaa Hol:n ja Historiallisen yhdistyksen yhteinen gradupalkinto. Gradupalkinnon tulee jakamaan Suomen historian professori Kimmo Katajala.<\/p>\n","protected":false},"excerpt":{"rendered":"<p>Varnitsa ry toivottaa teid\u00e4t tervetulleiksi Historian Opiskelijain Liiton kev\u00e4tseminaariin Joensuuhun 17.-19.3.! Suomi juhlii t\u00e4n\u00e4 vuonna itsen\u00e4isyyden satavuotisjuhlavuotta ja mik\u00e4p\u00e4 olisi parempi tapa kunnioittaa satavuotiaan Suomen historiaa, kuin seminaari Suomesta toisessa maailmansodassa, sodassa jossa Suomen itsen\u00e4isyys oli vaakalaudalla. Aiheesta on paikan p\u00e4\u00e4ll\u00e4 puhumassa niin sotahistorian asiantuntijoita kuin itse sodan kokeneita. Seminaarissa kuullaan Matti Kososelta luento vakojaakoulun &hellip; <\/p>\n<p><a class=\"more-link btn\" href=\"https:\/\/hol.fi\/?page_id=2116\">Jatka lukemista<\/a><\/p>\n","protected":false},"author":1,"featured_media":0,"parent":3132,"menu_order":5,"comment_status":"closed","ping_status":"closed","template":"","meta":{"footnotes":""},"_links":{"self":[{"href":"https:\/\/hol.fi\/index.php?rest_route=\/wp\/v2\/pages\/2116"}],"collection":[{"href":"https:\/\/hol.fi\/index.php?rest_route=\/wp\/v2\/pages"}],"about":[{"href":"https:\/\/hol.fi\/index.php?rest_route=\/wp\/v2\/types\/page"}],"author":[{"embeddable":true,"href":"https:\/\/hol.fi\/index.php?rest_route=\/wp\/v2\/users\/1"}],"replies":[{"embeddable":true,"href":"https:\/\/hol.fi\/index.php?rest_route=%2Fwp%2Fv2%2Fcomments&post=2116"}],"version-history":[{"count":9,"href":"https:\/\/hol.fi\/index.php?rest_route=\/wp\/v2\/pages\/2116\/revisions"}],"predecessor-version":[{"id":3215,"href":"https:\/\/hol.fi\/index.php?rest_route=\/wp\/v2\/pages\/2116\/revisions\/3215"}],"up":[{"embeddable":true,"href":"https:\/\/hol.fi\/index.php?rest_route=\/wp\/v2\/pages\/3132"}],"wp:attachment":[{"href":"https:\/\/hol.fi\/index.php?rest_route=%2Fwp%2Fv2%2Fmedia&parent=2116"}],"curies":[{"name":"wp","href":"https:\/\/api.w.org\/{rel}","templated":true}]}}