{"id":222,"date":"2013-04-16T14:30:01","date_gmt":"2013-04-16T11:30:01","guid":{"rendered":"http:\/\/historianopiskelijainliitto.com\/?page_id=222"},"modified":"2016-08-18T09:17:06","modified_gmt":"2016-08-18T06:17:06","slug":"uudet-haasteet","status":"publish","type":"page","link":"https:\/\/hol.fi\/?page_id=222","title":{"rendered":"Tutkija"},"content":{"rendered":"<p align=\"JUSTIFY\"><span style=\"color: #000000;\">Koulutukseltani olen sek\u00e4 tutkija ett\u00e4 IB-lukion historian ja yhteiskunta-aineiden aineopettaja. Suoritin historian opinnot Turun yliopistossa. P\u00e4\u00e4ainettani yleist\u00e4 historiaa vahvistin sisarhistoria-aineilla (Suomen historia, poliittinen historia ja kulttuurihistoria). Ter\u00e4stin osaamistani ja oppejani my\u00f6s kattavalla kurssitarjottimella yhteiskuntatieteit\u00e4 (valtio-oppi, sosiologia ja oikeustiede). Koska perusopintovaiheessa halusin keskitty\u00e4 l\u00e4hinn\u00e4 pikaiseen valmistumiseeni, en edes pohtinut vaihtoehtona, ett\u00e4 l\u00e4htisin ammentamaan oppeja vaihtoon. N\u00e4in j\u00e4lkik\u00e4teen ja monta kokemusta rikkaampana, ajatus tuntuu ironiselta. Halusin viel\u00e4 teroittaa akateemista hammastani, joten valmistumiseni j\u00e4lkeen ryhdyin kirjoittamaan lisensiaatinty\u00f6t\u00e4. Tutkimusprosessini ohessa ty\u00f6skentelin projektiluonteisissa teht\u00e4viss\u00e4, mm. luennoitsijana, kurssisuunnittelijana ja tiedekunnan webmasterina. Suunnittelin mm. Avoimelle yliopistolle verkko-opetusmateriaalia. Ajan j\u00e4lkeen, halusin tutkimukselleni voimakkaampaa draivia ja nostetta \u2013 eli siirt\u00e4\u00e4 kaiken muun sivuun ja keskitty\u00e4 yksinomaan tutkimusty\u00f6h\u00f6ni.<\/span><\/p>\n<p align=\"JUSTIFY\"><span style=\"color: #000000;\">En pelk\u00e4\u00e4 haasteita, p\u00e4invastoin. Firenzen kupeessa majaava European University Institute (EUI) tarjoaa Euroopan laadukkainta tohtorikoulutusta historian, oikeustieteen, sosiaalipolitiikan ja taloustieteen saroilla. Kuulin oppiahjosta kuin sattumalta ja p\u00e4\u00e4tin kokeilla siipieni kantoa. Oman v\u00e4it\u00f6skirjaprojektini EUI:ssa aloitin samana vuonna (2000), instituutin historian toisena suomalaisena historiantutkijana. Historianopintojeni ohella t\u00e4ydensin oppejani eriryisesti talous- ja oikeustieteen saroilla sek\u00e4 tietysti kieliopinnoilla (italia, ranska ja espanja). Firenzen vuoteni eiv\u00e4t koulineet ainoastaan historian ja kommunikaatiotaitojani vaan kasvoin my\u00f6s ihmisen\u00e4. Italialainen raskas ja hidas byrokratia opettivat minulle entist\u00e4kin pidemp\u00e4\u00e4 pinnaa ja k\u00e4rsiv\u00e4llisyytt\u00e4. Jatkuva matkalaukkuel\u00e4m\u00e4 ja vierailut Charles de Gaullen lentokent\u00e4ll\u00e4 p\u00e4ivittiv\u00e4t minusta pakostakin stressi\u00e4 siet\u00e4v\u00e4mm\u00e4n ja tilanteisiin nopeammin reagoivan ja sopeutuvamman henkil\u00f6n.<\/span><\/p>\n<p align=\"JUSTIFY\"><span style=\"color: #000000;\">Valmistuin vuonna 2005 filosofian tohtoriksi. Valmistumiseni j\u00e4lkeen olen ty\u00f6skennellyt erilaisissa ja erimittaisissa tutkimusprojekteissa. Olen mm. suunnitellut k\u00e4yt\u00e4nt\u00f6\u00e4 syleilev\u00e4\u00e4 kurssimateriaalia toiseuden (erityisesti maahanmuuttajataustaisten) kohtaamisesta sek\u00e4 koulussa ett\u00e4 ty\u00f6paikalla (kaksi erillist\u00e4 projektia). T\u00e4ll\u00e4 hetkell\u00e4 olen kirjoittamassa Suomen Akatemian rahoituksella post-doc tutkimusta. N\u00e4ytt\u00e4isi kuitenkin, ett\u00e4 alkuper\u00e4inen tutkimusideani on haarautunut kahdeksi sangen itsen\u00e4iseksi tutkimusprojektiksi. Eli hetken p\u00e4\u00e4st\u00e4 olisi valmistumassa kaksikin itsen\u00e4ist\u00e4 tutkimusteosta cv:t\u00e4ni komistamaan. Kuitenkin. Tutkimusty\u00f6ni ohessa olen miettinyt eri uravaihtoehtoja ja \u2013 mahdollisuuksia. Nyt haluaisin avata itselleni uuden urav\u00e4yl\u00e4n, siirty\u00e4 teoriasta konkretiaan (ja siin\u00e4 sivussa tehd\u00e4 tutkimusta l\u00e4hinn\u00e4 iltojen ilona p\u00f6yt\u00e4laatikkoon). Haluaisin jatkossa tarjota tieto-, taito- ja kokemusosaamistani k\u00e4yt\u00e4nn\u00f6nprojekteihin, todellisessa ty\u00f6el\u00e4m\u00e4ss\u00e4.<\/span><\/p>\n","protected":false},"excerpt":{"rendered":"<p>Koulutukseltani olen sek\u00e4 tutkija ett\u00e4 IB-lukion historian ja yhteiskunta-aineiden aineopettaja. Suoritin historian opinnot Turun yliopistossa. P\u00e4\u00e4ainettani yleist\u00e4 historiaa vahvistin sisarhistoria-aineilla (Suomen historia, poliittinen historia ja kulttuurihistoria). Ter\u00e4stin osaamistani ja oppejani my\u00f6s kattavalla kurssitarjottimella yhteiskuntatieteit\u00e4 (valtio-oppi, sosiologia ja oikeustiede). Koska perusopintovaiheessa halusin keskitty\u00e4 l\u00e4hinn\u00e4 pikaiseen valmistumiseeni, en edes pohtinut vaihtoehtona, ett\u00e4 l\u00e4htisin ammentamaan oppeja vaihtoon. N\u00e4in &hellip; <\/p>\n<p><a class=\"more-link btn\" href=\"https:\/\/hol.fi\/?page_id=222\">Jatka lukemista<\/a><\/p>\n","protected":false},"author":1,"featured_media":0,"parent":192,"menu_order":0,"comment_status":"closed","ping_status":"closed","template":"","meta":{"footnotes":""},"_links":{"self":[{"href":"https:\/\/hol.fi\/index.php?rest_route=\/wp\/v2\/pages\/222"}],"collection":[{"href":"https:\/\/hol.fi\/index.php?rest_route=\/wp\/v2\/pages"}],"about":[{"href":"https:\/\/hol.fi\/index.php?rest_route=\/wp\/v2\/types\/page"}],"author":[{"embeddable":true,"href":"https:\/\/hol.fi\/index.php?rest_route=\/wp\/v2\/users\/1"}],"replies":[{"embeddable":true,"href":"https:\/\/hol.fi\/index.php?rest_route=%2Fwp%2Fv2%2Fcomments&post=222"}],"version-history":[{"count":5,"href":"https:\/\/hol.fi\/index.php?rest_route=\/wp\/v2\/pages\/222\/revisions"}],"predecessor-version":[{"id":1780,"href":"https:\/\/hol.fi\/index.php?rest_route=\/wp\/v2\/pages\/222\/revisions\/1780"}],"up":[{"embeddable":true,"href":"https:\/\/hol.fi\/index.php?rest_route=\/wp\/v2\/pages\/192"}],"wp:attachment":[{"href":"https:\/\/hol.fi\/index.php?rest_route=%2Fwp%2Fv2%2Fmedia&parent=222"}],"curies":[{"name":"wp","href":"https:\/\/api.w.org\/{rel}","templated":true}]}}