{"id":2325,"date":"2018-01-19T21:34:32","date_gmt":"2018-01-19T19:34:32","guid":{"rendered":"http:\/\/hol.fi\/?page_id=2325"},"modified":"2025-02-18T17:37:47","modified_gmt":"2025-02-18T15:37:47","slug":"holin-hallituksen-kokousten-poytakirjat","status":"publish","type":"page","link":"https:\/\/hol.fi\/?page_id=2325","title":{"rendered":"Hallituksen kokousten p\u00f6yt\u00e4kirjat"},"content":{"rendered":"<p style=\"text-align: center;\"><img loading=\"lazy\" decoding=\"async\" class=\"wp-image-2551 alignleft\" src=\"http:\/\/hol.fi\/wp-content\/uploads\/2018\/03\/Otsikko-p\u00f6yt\u00e4kirja-300x194.jpg\" alt=\"\" width=\"349\" height=\"226\" \/><\/p>\n<p style=\"text-align: center;\">Jokaisesta Holin hallituksen kokouksesta on laadittu ja laaditaan vastaisuudessakin yhdistyinlain vaatima p\u00f6yt\u00e4kirja. Suurin osa n\u00e4ist\u00e4 vuosien varrella laadituista dokumenteista on paperillisessa muodossa tallennettuna yhdistyksen omaan arkistoon, jota s\u00e4ilytet\u00e4\u00e4n <em>Helsingin Yliopiston Ylioppilaskunnan <\/em>eli HYYn\u00a0arkistossa.<\/p>\n<p style=\"text-align: center;\">Kuitenkin vuodesta 2018 alkaen kaikki Holin hallituksen p\u00f6yt\u00e4kirjat ovat luottavissa digitaalisessa\u00a0muodossa netin v\u00e4lityksell\u00e4. P\u00f6yt\u00e4kirjat ovat l\u00f6ydett\u00e4viss\u00e4 yhdistyksen omalta<strong> <span style=\"color: #0000ff;\"><a style=\"color: #0000ff;\" href=\"https:\/\/drive.google.com\/drive\/folders\/11iuUbBEC4Q3ye9T8VM308OpB0WRTslnm?usp=sharing\">Google Drive-tililt\u00e4<\/a><\/span><\/strong>.\u00a0 Edellisten kokousten p\u00f6yt\u00e4kirjojen lis\u00e4ksi samalta tililt\u00e4 on my\u00f6s l\u00f6ydett\u00e4viss\u00e4 my\u00f6s\u00a0 yhdistyksen edellisien vuosien hallitusten kokousten p\u00f6yt\u00e4kirjoja, joita tallennetaan tasaiseen tahtiin tilille.<\/p>\n<p style=\"text-align: center;\">Holin hallituksen p\u00f6yt\u00e4kirjat antavat itsess\u00e4\u00e4n hyv\u00e4n ja realistisen kuvan yhdistyksen varsinaisesta toiminnasta siit\u00e4 kiinnostuneille, mink\u00e4 vuoksi Holin hallitus suositteleenkin niihin perehtymist\u00e4 ja toivottaakin kaikille niiden tuleville lukijoille\u00a0 antoisia lukuhetki\u00e4!<\/p>\n<h3 style=\"text-align: center;\"><a href=\"https:\/\/drive.google.com\/drive\/folders\/11iuUbBEC4Q3ye9T8VM308OpB0WRTslnm?usp=sharing\"><strong><span style=\"color: #0000ff;\">Hallituksen kokousten p\u00f6yt\u00e4kirjat<\/span><\/strong><\/a><\/h3>\n<p style=\"text-align: center;\"><strong>Hei, muista seurata Holia sen somekanavien kautta, niin et koskaa missaa mit\u00e4\u00e4n liiton huikeista tapahtumista! \ud83d\ude42<\/strong><\/p>\n<p style=\"text-align: center;\"><a href=\"https:\/\/www.facebook.com\/HOLry\/\"><img loading=\"lazy\" decoding=\"async\" class=\"alignnone size-full wp-image-2338\" src=\"http:\/\/hol.fi\/wp-content\/uploads\/2018\/01\/fb-art-e1516396174944.png\" alt=\"\" width=\"100\" height=\"100\" \/><\/a><a href=\"https:\/\/www.instagram.com\/historianopiskelijainliitto\/?hl=fi\"><img loading=\"lazy\" decoding=\"async\" class=\"alignnone size-full wp-image-1966\" src=\"http:\/\/hol.fi\/wp-content\/uploads\/2016\/11\/Instagram_logo_2016.svg_-e1479931084536.png\" alt=\"\" width=\"100\" height=\"100\" \/><\/a><\/p>\n<p><img loading=\"lazy\" decoding=\"async\" class=\" wp-image-2009 alignleft\" src=\"http:\/\/hol.fi\/wp-content\/uploads\/2016\/12\/IMG_20161125_231550-300x244.jpg\" alt=\"\" width=\"343\" height=\"280\" \/><img loading=\"lazy\" decoding=\"async\" class=\"wp-image-2543 alignleft\" src=\"http:\/\/hol.fi\/wp-content\/uploads\/2018\/02\/PhotoFunia-1519766152-300x225.gif\" alt=\"\" width=\"372\" height=\"280\" \/><\/p>\n","protected":false},"excerpt":{"rendered":"<p>Jokaisesta Holin hallituksen kokouksesta on laadittu ja laaditaan vastaisuudessakin yhdistyinlain vaatima p\u00f6yt\u00e4kirja. Suurin osa n\u00e4ist\u00e4 vuosien varrella laadituista dokumenteista on paperillisessa muodossa tallennettuna yhdistyksen omaan arkistoon, jota s\u00e4ilytet\u00e4\u00e4n Helsingin Yliopiston Ylioppilaskunnan eli HYYn\u00a0arkistossa. Kuitenkin vuodesta 2018 alkaen kaikki Holin hallituksen p\u00f6yt\u00e4kirjat ovat luottavissa digitaalisessa\u00a0muodossa netin v\u00e4lityksell\u00e4. P\u00f6yt\u00e4kirjat ovat l\u00f6ydett\u00e4viss\u00e4 yhdistyksen omalta Google Drive-tililt\u00e4.\u00a0 Edellisten kokousten &hellip; <\/p>\n<p><a class=\"more-link btn\" href=\"https:\/\/hol.fi\/?page_id=2325\">Jatka lukemista<\/a><\/p>\n","protected":false},"author":2,"featured_media":0,"parent":59,"menu_order":2,"comment_status":"closed","ping_status":"closed","template":"","meta":{"footnotes":""},"_links":{"self":[{"href":"https:\/\/hol.fi\/index.php?rest_route=\/wp\/v2\/pages\/2325"}],"collection":[{"href":"https:\/\/hol.fi\/index.php?rest_route=\/wp\/v2\/pages"}],"about":[{"href":"https:\/\/hol.fi\/index.php?rest_route=\/wp\/v2\/types\/page"}],"author":[{"embeddable":true,"href":"https:\/\/hol.fi\/index.php?rest_route=\/wp\/v2\/users\/2"}],"replies":[{"embeddable":true,"href":"https:\/\/hol.fi\/index.php?rest_route=%2Fwp%2Fv2%2Fcomments&post=2325"}],"version-history":[{"count":11,"href":"https:\/\/hol.fi\/index.php?rest_route=\/wp\/v2\/pages\/2325\/revisions"}],"predecessor-version":[{"id":44708,"href":"https:\/\/hol.fi\/index.php?rest_route=\/wp\/v2\/pages\/2325\/revisions\/44708"}],"up":[{"embeddable":true,"href":"https:\/\/hol.fi\/index.php?rest_route=\/wp\/v2\/pages\/59"}],"wp:attachment":[{"href":"https:\/\/hol.fi\/index.php?rest_route=%2Fwp%2Fv2%2Fmedia&parent=2325"}],"curies":[{"name":"wp","href":"https:\/\/api.w.org\/{rel}","templated":true}]}}