{"id":2333,"date":"2018-01-19T22:44:42","date_gmt":"2018-01-19T20:44:42","guid":{"rendered":"http:\/\/hol.fi\/?page_id=2333"},"modified":"2019-10-15T10:41:50","modified_gmt":"2019-10-15T07:41:50","slug":"kevatseminaari-jyvaskylassa-16-18-3-2018","status":"publish","type":"page","link":"https:\/\/hol.fi\/?page_id=2333","title":{"rendered":"Kev\u00e4tseminaari Jyv\u00e4skyl\u00e4ss\u00e4 16.-18.3.2018"},"content":{"rendered":"<p style=\"text-align: center;\">Historian opiskelijoiden liiton perinteinen kev\u00e4tseminaari tulee taas yht\u00e4 varmasti kuin Matti Nyk\u00e4nen m\u00e4kihyppytornista. Seminaarin teemana on alkoholi, jonka moninaiseen historiaan on mahdollisuus tutustua Jyv\u00e4skyl\u00e4ss\u00e4 16.-18.3. Seminaari alkaa perjantaina vapaamuotoisemmalla ohjelmalla ja jatkuu lauantaina luento-osuuden ja sitsien, sek\u00e4 illanvieton merkeiss\u00e4.<\/p>\n<p style=\"text-align: center;\"><strong><em>\u201dEn min\u00e4 ihan selvin p\u00e4in kompuroinut, vaan alkoholilla oli osuutta asiaan.\u201d<\/em><\/strong><br \/>\n<strong>Matti Nyk\u00e4nen<\/strong><\/p>\n<p style=\"text-align: center;\"><strong>Perjantain ohjelma alkaa klo 18.00<\/strong>&nbsp;Seminaarinm\u00e4en kampuksella Musica-rakennuksen Boomboxissa alustavasti vapaan illanvieton merkeiss\u00e4.&nbsp;<strong>Laua<\/strong><span class=\"text_exposed_show\"><strong>ntaina aloittelemme klo 10.00<\/strong>&nbsp;aamukahveilla Seminaarinm\u00e4ell\u00e4 Historica-rakennuksen kolmannessa kerroksessa. Seminaarin luennot pidet\u00e4\u00e4n salissa H320, ja niiden aikataulut sek\u00e4 aiheet tarkentuvat l\u00e4hip\u00e4ivin\u00e4.&nbsp;<\/span><\/p>\n<p style=\"text-align: center;\"><span class=\"text_exposed_show\"><br \/>\n<strong>Sitsit alkavat klo 18.00<\/strong>&nbsp;Historicalla H320-salissa. Sitsien teemana on seminaarin teemaa mukaillen&nbsp;<\/span><span class=\"text_exposed_show\"><em><strong>KIELTOLAKI&nbsp;<\/strong><\/em><\/span><span class=\"text_exposed_show\">Sitsaamisen lopetamme klo 22.00 menness\u00e4, jonka j\u00e4lkeen jatkamme iltaa anniskeluravintola Freetimess\u00e4. Jos sitsit eiv\u00e4t innosta, vaihtoehtoista ohjelmaa on tarjolla Boomboxissa.<\/span><\/p>\n<p style=\"text-align: center;\"><strong>Jos tarvitset majoitusta, ilmoittautumisaikaa on 12.2.-25.2.2018, muuten ilmoittautumiseen on aikaa 4.3.2018 saakka.&nbsp;<\/strong><\/p>\n<p style=\"text-align: center;\">Ilmoittautuminen suoritetaan t\u00e4m\u00e4n linkin takaa l\u00f6ytyv\u00e4n lomakkeen avulla:<\/p>\n<p style=\"text-align: center;\"><a href=\"https:\/\/docs.google.com\/forms\/d\/e\/1FAIpQLSdOlzB-icuzrChm_DN1_8ATjx205Sj1Gig7VpOamNVKh9Ngcw\/viewform\"><strong>ILMOITTAUTUMISLOMAKE KEV\u00c4TSEMINAARIIN 2018&nbsp;<\/strong><\/a><\/p>\n<p style=\"text-align: center;\">Lis\u00e4\u00e4 infoa kev\u00e4tseminaarista on saatavilla tapahtuman Facebook-sivuilta, jotka l\u00f6yt\u00e4v\u00e4t t\u00e4\u00e4lt\u00e4:<\/p>\n<p style=\"text-align: center;\"><a href=\"https:\/\/www.facebook.com\/events\/347384619111002\/\"><strong>KEV\u00c4TSAMINAARIN FACEBOOK-TAPAHTUMA<\/strong><\/a><\/p>\n<p>&nbsp;<\/p>\n<p style=\"text-align: center;\"><img loading=\"lazy\" decoding=\"async\" class=\"alignnone size-full wp-image-2449\" src=\"http:\/\/hol.fi\/wp-content\/uploads\/2018\/02\/Ohjelma.jpg\" alt=\"\" width=\"741\" height=\"398\" srcset=\"https:\/\/hol.fi\/wp-content\/uploads\/2018\/02\/Ohjelma.jpg 741w, https:\/\/hol.fi\/wp-content\/uploads\/2018\/02\/Ohjelma-300x161.jpg 300w\" sizes=\"(max-width: 741px) 100vw, 741px\" \/><\/p>\n<p style=\"text-align: center;\">\n","protected":false},"excerpt":{"rendered":"<p>Historian opiskelijoiden liiton perinteinen kev\u00e4tseminaari tulee taas yht\u00e4 varmasti kuin Matti Nyk\u00e4nen m\u00e4kihyppytornista. Seminaarin teemana on alkoholi, jonka moninaiseen historiaan on mahdollisuus tutustua Jyv\u00e4skyl\u00e4ss\u00e4 16.-18.3. Seminaari alkaa perjantaina vapaamuotoisemmalla ohjelmalla ja jatkuu lauantaina luento-osuuden ja sitsien, sek\u00e4 illanvieton merkeiss\u00e4. \u201dEn min\u00e4 ihan selvin p\u00e4in kompuroinut, vaan alkoholilla oli osuutta asiaan.\u201d Matti Nyk\u00e4nen Perjantain ohjelma alkaa &hellip; <\/p>\n<p><a class=\"more-link btn\" href=\"https:\/\/hol.fi\/?page_id=2333\">Jatka lukemista<\/a><\/p>\n","protected":false},"author":2,"featured_media":0,"parent":3132,"menu_order":3,"comment_status":"closed","ping_status":"closed","template":"","meta":{"footnotes":""},"_links":{"self":[{"href":"https:\/\/hol.fi\/index.php?rest_route=\/wp\/v2\/pages\/2333"}],"collection":[{"href":"https:\/\/hol.fi\/index.php?rest_route=\/wp\/v2\/pages"}],"about":[{"href":"https:\/\/hol.fi\/index.php?rest_route=\/wp\/v2\/types\/page"}],"author":[{"embeddable":true,"href":"https:\/\/hol.fi\/index.php?rest_route=\/wp\/v2\/users\/2"}],"replies":[{"embeddable":true,"href":"https:\/\/hol.fi\/index.php?rest_route=%2Fwp%2Fv2%2Fcomments&post=2333"}],"version-history":[{"count":4,"href":"https:\/\/hol.fi\/index.php?rest_route=\/wp\/v2\/pages\/2333\/revisions"}],"predecessor-version":[{"id":3224,"href":"https:\/\/hol.fi\/index.php?rest_route=\/wp\/v2\/pages\/2333\/revisions\/3224"}],"up":[{"embeddable":true,"href":"https:\/\/hol.fi\/index.php?rest_route=\/wp\/v2\/pages\/3132"}],"wp:attachment":[{"href":"https:\/\/hol.fi\/index.php?rest_route=%2Fwp%2Fv2%2Fmedia&parent=2333"}],"curies":[{"name":"wp","href":"https:\/\/api.w.org\/{rel}","templated":true}]}}