{"id":2405,"date":"2018-02-21T13:07:50","date_gmt":"2018-02-21T11:07:50","guid":{"rendered":"http:\/\/hol.fi\/?page_id=2405"},"modified":"2018-02-21T18:34:58","modified_gmt":"2018-02-21T16:34:58","slug":"hem","status":"publish","type":"page","link":"https:\/\/hol.fi\/?page_id=2405&lang=sv","title":{"rendered":"Startsida"},"content":{"rendered":"<p style=\"text-align: center;\">V\u00e4lkommen till\u00a0 hemsida av Historiestuderandenas F\u00f6rbund rf (HSF)!<\/p>\n<p style=\"text-align: center;\">H\u00e4r du kan hitta mycket information om v\u00e5ra f\u00f6reningen och\u00a0m\u00f6jligheter att studera historia vid ett universitet i Finland.\u00a0Vi har ocks\u00e5 samlat in mycket information om arbetslivet p\u00e5 v\u00e5r hemsida.<\/p>\n<p>&nbsp;<\/p>\n<p style=\"text-align: center;\"><img loading=\"lazy\" decoding=\"async\" class=\"aligncenter size-medium wp-image-2411\" src=\"http:\/\/hol.fi\/wp-content\/uploads\/2018\/02\/Hol-1-300x267.png\" alt=\"\" width=\"300\" height=\"267\" srcset=\"https:\/\/hol.fi\/wp-content\/uploads\/2018\/02\/Hol-1-300x267.png 300w, https:\/\/hol.fi\/wp-content\/uploads\/2018\/02\/Hol-1.png 567w\" sizes=\"(max-width: 300px) 100vw, 300px\" \/><\/p>\n","protected":false},"excerpt":{"rendered":"<p>V\u00e4lkommen till\u00a0 hemsida av Historiestuderandenas F\u00f6rbund rf (HSF)! H\u00e4r du kan hitta mycket information om v\u00e5ra f\u00f6reningen och\u00a0m\u00f6jligheter att studera historia vid ett universitet i Finland.\u00a0Vi har ocks\u00e5 samlat in mycket information om arbetslivet p\u00e5 v\u00e5r hemsida. &nbsp;<\/p>\n","protected":false},"author":2,"featured_media":427,"parent":0,"menu_order":0,"comment_status":"open","ping_status":"open","template":"","meta":{"footnotes":""},"_links":{"self":[{"href":"https:\/\/hol.fi\/index.php?rest_route=\/wp\/v2\/pages\/2405"}],"collection":[{"href":"https:\/\/hol.fi\/index.php?rest_route=\/wp\/v2\/pages"}],"about":[{"href":"https:\/\/hol.fi\/index.php?rest_route=\/wp\/v2\/types\/page"}],"author":[{"embeddable":true,"href":"https:\/\/hol.fi\/index.php?rest_route=\/wp\/v2\/users\/2"}],"replies":[{"embeddable":true,"href":"https:\/\/hol.fi\/index.php?rest_route=%2Fwp%2Fv2%2Fcomments&post=2405"}],"version-history":[{"count":2,"href":"https:\/\/hol.fi\/index.php?rest_route=\/wp\/v2\/pages\/2405\/revisions"}],"predecessor-version":[{"id":2412,"href":"https:\/\/hol.fi\/index.php?rest_route=\/wp\/v2\/pages\/2405\/revisions\/2412"}],"wp:featuredmedia":[{"embeddable":true,"href":"https:\/\/hol.fi\/index.php?rest_route=\/wp\/v2\/media\/427"}],"wp:attachment":[{"href":"https:\/\/hol.fi\/index.php?rest_route=%2Fwp%2Fv2%2Fmedia&parent=2405"}],"curies":[{"name":"wp","href":"https:\/\/api.w.org\/{rel}","templated":true}]}}