{"id":2478,"date":"2018-02-24T12:49:37","date_gmt":"2018-02-24T10:49:37","guid":{"rendered":"http:\/\/hol.fi\/?page_id=2478"},"modified":"2022-02-24T10:11:12","modified_gmt":"2022-02-24T08:11:12","slug":"kotisivu","status":"publish","type":"page","link":"https:\/\/hol.fi\/","title":{"rendered":"Tervetuloa Historian Opiskelijain Liiton kotisivuille!"},"content":{"rendered":"<p style=\"text-align: center;\">Nettisivujemme kautta p\u00e4\u00e4set tutustumaan yhdistyksemme<strong> <a href=\"http:\/\/hol.fi\/?page_id=54\">toimintaan<\/a><\/strong> ja lukemaan mielenkiintoisia alaa koskevia <a href=\"http:\/\/hol.fi\/?page_id=2475\"><strong>artikkeleita<\/strong><\/a>.&nbsp; Sivuiltamme saat my\u00f6s tietoa koskien<strong> <a href=\"http:\/\/hol.fi\/?page_id=62\">historian opiskelua<\/a> <\/strong>yliopistoissa ymp\u00e4ri Suomea ja my\u00f6s infoa koskien opiskelujen j\u00e4lkeist\u00e4<strong><a href=\"http:\/\/hol.fi\/?page_id=64\"> ty\u00f6el\u00e4m\u00e4\u00e4<\/a><\/strong>. Olemme my\u00f6s koonnet erikseen sivuston, jossa kerromme kaikille Suomen yliopistojen historian oppiaineiden opiskelijoille kuuluvista&nbsp;<a href=\"http:\/\/hol.fi\/?page_id=68\"><strong>j\u00e4seneduistamme.<\/strong>&nbsp;<\/a><\/p>\n<p style=\"text-align: center;\">Liiton hallitus ja sen j\u00e4senet vastaavat ilomielin kaikkiin yhteydenottoihin ja kysymyksiin, mitk\u00e4 l\u00e4hetet\u00e4\u00e4n heille s\u00e4hk\u00f6postitse. Tarkemmat yhteystietomme ovat l\u00f6ydett\u00e4viss\u00e4 t\u00e4\u00e4lt\u00e4:<\/p>\n<p style=\"text-align: center;\"><a href=\"http:\/\/hol.fi\/?page_id=82\"><strong>Yhdistyksen yhteystiedot <\/strong><\/a>tai&nbsp;<a href=\"http:\/\/hol.fi\/?page_id=132\"><strong>Hallituksen j\u00e4senten suorat yhteystiedot<\/strong><\/a><\/p>\n<p style=\"text-align: center;\">N\u00e4hk\u00e4\u00e4mme kaikki Holin tapahtumissa!<\/p>\n<p><\/p>\n<p style=\"text-align: center;\">Yst\u00e4v\u00e4llisin terveisin,<\/p>\n<p style=\"text-align: center;\"><em>Historian Opiskelijain Liiton hallitus<\/em><\/p>\n<p><\/p>\n<p><iframe loading=\"lazy\" title=\"Mik\u00e4 on Hol? Nelj\u00e4 kysymyst\u00e4 ja vastausta Historian Opiskelijain Liitosta.\" width=\"750\" height=\"422\" src=\"https:\/\/www.youtube.com\/embed\/n0t-qvQ039c?feature=oembed\" frameborder=\"0\" allow=\"accelerometer; autoplay; clipboard-write; encrypted-media; gyroscope; picture-in-picture; web-share\" referrerpolicy=\"strict-origin-when-cross-origin\" allowfullscreen><\/iframe><\/p>\n\n\n<p><\/p>\n","protected":false},"excerpt":{"rendered":"<p>Nettisivujemme kautta p\u00e4\u00e4set tutustumaan yhdistyksemme toimintaan ja lukemaan mielenkiintoisia alaa koskevia artikkeleita.&nbsp; Sivuiltamme saat my\u00f6s tietoa koskien historian opiskelua yliopistoissa ymp\u00e4ri Suomea ja my\u00f6s infoa koskien opiskelujen j\u00e4lkeist\u00e4 ty\u00f6el\u00e4m\u00e4\u00e4. Olemme my\u00f6s koonnet erikseen sivuston, jossa kerromme kaikille Suomen yliopistojen historian oppiaineiden opiskelijoille kuuluvista&nbsp;j\u00e4seneduistamme.&nbsp; Liiton hallitus ja sen j\u00e4senet vastaavat ilomielin kaikkiin yhteydenottoihin ja kysymyksiin, mitk\u00e4 &hellip; <\/p>\n<p><a class=\"more-link btn\" href=\"https:\/\/hol.fi\/\">Jatka lukemista<\/a><\/p>\n","protected":false},"author":1,"featured_media":0,"parent":0,"menu_order":1,"comment_status":"closed","ping_status":"closed","template":"","meta":{"footnotes":""},"_links":{"self":[{"href":"https:\/\/hol.fi\/index.php?rest_route=\/wp\/v2\/pages\/2478"}],"collection":[{"href":"https:\/\/hol.fi\/index.php?rest_route=\/wp\/v2\/pages"}],"about":[{"href":"https:\/\/hol.fi\/index.php?rest_route=\/wp\/v2\/types\/page"}],"author":[{"embeddable":true,"href":"https:\/\/hol.fi\/index.php?rest_route=\/wp\/v2\/users\/1"}],"replies":[{"embeddable":true,"href":"https:\/\/hol.fi\/index.php?rest_route=%2Fwp%2Fv2%2Fcomments&post=2478"}],"version-history":[{"count":15,"href":"https:\/\/hol.fi\/index.php?rest_route=\/wp\/v2\/pages\/2478\/revisions"}],"predecessor-version":[{"id":44388,"href":"https:\/\/hol.fi\/index.php?rest_route=\/wp\/v2\/pages\/2478\/revisions\/44388"}],"wp:attachment":[{"href":"https:\/\/hol.fi\/index.php?rest_route=%2Fwp%2Fv2%2Fmedia&parent=2478"}],"curies":[{"name":"wp","href":"https:\/\/api.w.org\/{rel}","templated":true}]}}