{"id":2482,"date":"2018-02-24T12:58:49","date_gmt":"2018-02-24T10:58:49","guid":{"rendered":"http:\/\/hol.fi\/?page_id=2482"},"modified":"2020-04-16T20:45:58","modified_gmt":"2020-04-16T17:45:58","slug":"hemsida","status":"publish","type":"page","link":"https:\/\/hol.fi\/?page_id=2482&lang=sv","title":{"rendered":"V\u00e4lkommen till Historiestuderandenas f\u00f6rbunds hemsida!"},"content":{"rendered":"<p style=\"text-align: center;\">Genom v\u00e5r hemsida kan du bekanta dig med v\u00e5r f\u00f6renings verksamhet och l\u00e4sa intressanta artiklar inom omr\u00e5det. P\u00e5 v\u00e5r sida hittar du ocks\u00e5 information om studier av historia vid universitet i Finland samt information om efterstudier. Vi har ocks\u00e5 samlat information om medlemsf\u00f6rm\u00e5ner som alla historiestuderandena vid universitet i Finland har r\u00e4tt till.<\/p>\n<p style=\"text-align: center;\">F\u00f6rbunds styrelse svarar g\u00e4rna p\u00e5 alla fr\u00e5gor och anda kommentarer som e-postas till oss. V\u00e5r detaljerade kontaktinformation finns h\u00e4r:<\/p>\n<p style=\"text-align: center;\">F\u00f6rbunds kontaktinformation eller F\u00f6rbunds styrelsemedlemmarnas direkta kontaktuppgifter<\/p>\n<p style=\"text-align: center;\">Vi ses p\u00e5 Hsfs evenemangen!<\/p>\n<p style=\"text-align: center;\">\nMed v\u00e4nliga h\u00e4lsningar,<\/p>\n<p style=\"text-align: center;\">Historiestuderandenas F\u00f6rbunds styrelse<\/p>\n<p><img loading=\"lazy\" decoding=\"async\" class=\" wp-image-2411 aligncenter\" src=\"http:\/\/hol.fi\/wp-content\/uploads\/2018\/02\/Hol-1.png\" alt=\"\" width=\"418\" height=\"372\" srcset=\"https:\/\/hol.fi\/wp-content\/uploads\/2018\/02\/Hol-1.png 567w, https:\/\/hol.fi\/wp-content\/uploads\/2018\/02\/Hol-1-300x267.png 300w\" sizes=\"(max-width: 418px) 100vw, 418px\" \/><\/p>\n","protected":false},"excerpt":{"rendered":"<p>Genom v\u00e5r hemsida kan du bekanta dig med v\u00e5r f\u00f6renings verksamhet och l\u00e4sa intressanta artiklar inom omr\u00e5det. P\u00e5 v\u00e5r sida hittar du ocks\u00e5 information om studier av historia vid universitet i Finland samt information om efterstudier. Vi har ocks\u00e5 samlat information om medlemsf\u00f6rm\u00e5ner som alla historiestuderandena vid universitet i Finland har r\u00e4tt till. F\u00f6rbunds styrelse &hellip; <\/p>\n<p><a class=\"more-link btn\" href=\"https:\/\/hol.fi\/?page_id=2482&#038;lang=sv\">Jatka lukemista<\/a><\/p>\n","protected":false},"author":1,"featured_media":0,"parent":0,"menu_order":1,"comment_status":"closed","ping_status":"closed","template":"","meta":{"footnotes":""},"_links":{"self":[{"href":"https:\/\/hol.fi\/index.php?rest_route=\/wp\/v2\/pages\/2482"}],"collection":[{"href":"https:\/\/hol.fi\/index.php?rest_route=\/wp\/v2\/pages"}],"about":[{"href":"https:\/\/hol.fi\/index.php?rest_route=\/wp\/v2\/types\/page"}],"author":[{"embeddable":true,"href":"https:\/\/hol.fi\/index.php?rest_route=\/wp\/v2\/users\/1"}],"replies":[{"embeddable":true,"href":"https:\/\/hol.fi\/index.php?rest_route=%2Fwp%2Fv2%2Fcomments&post=2482"}],"version-history":[{"count":2,"href":"https:\/\/hol.fi\/index.php?rest_route=\/wp\/v2\/pages\/2482\/revisions"}],"predecessor-version":[{"id":4355,"href":"https:\/\/hol.fi\/index.php?rest_route=\/wp\/v2\/pages\/2482\/revisions\/4355"}],"wp:attachment":[{"href":"https:\/\/hol.fi\/index.php?rest_route=%2Fwp%2Fv2%2Fmedia&parent=2482"}],"curies":[{"name":"wp","href":"https:\/\/api.w.org\/{rel}","templated":true}]}}