{"id":2497,"date":"2018-02-25T20:17:35","date_gmt":"2018-02-25T18:17:35","guid":{"rendered":"http:\/\/hol.fi\/?page_id=2497"},"modified":"2018-02-25T20:17:35","modified_gmt":"2018-02-25T18:17:35","slug":"hsfs-styrelsearbete","status":"publish","type":"page","link":"https:\/\/hol.fi\/?page_id=2497&lang=sv","title":{"rendered":"HSFs styrelsearbete"},"content":{"rendered":"<p style=\"text-align: center;\"><img loading=\"lazy\" decoding=\"async\" class=\"alignnone size-full wp-image-2461\" src=\"http:\/\/hol.fi\/wp-content\/uploads\/2018\/02\/cropped-Kansi-II.jpg\" alt=\"\" width=\"1170\" height=\"250\" srcset=\"https:\/\/hol.fi\/wp-content\/uploads\/2018\/02\/cropped-Kansi-II.jpg 1170w, https:\/\/hol.fi\/wp-content\/uploads\/2018\/02\/cropped-Kansi-II-300x64.jpg 300w, https:\/\/hol.fi\/wp-content\/uploads\/2018\/02\/cropped-Kansi-II-768x164.jpg 768w\" sizes=\"(max-width: 1170px) 100vw, 1170px\" \/><\/p>\n<p>Varje \u00e5r, vid unionens \u00e5rsm\u00f6te, v\u00e4ljs en ny regering till f\u00f6reningen, som best\u00e5r av f\u00f6retr\u00e4dare f\u00f6r varje elva f\u00f6rening, Hol, och ordf\u00f6randen, sekreterare och f\u00f6rvaltare f\u00f6r den valda ordf\u00f6randen. Fackf\u00f6reningens ordf\u00f6randeskap roteras av staden p\u00e5 order Jyv\u00e4skyl\u00e4, Helsingfors, Ule\u00e5borg, Joensuu, Tammerfors, \u00c5bo, Jyv\u00e4skyl\u00e4 etc.<\/p>\n<p>Styrelsen anv\u00e4nder unionens administrativa befogenheter under en \u00e5rsperiod och ansvarar f\u00f6r f\u00f6reningsverksamheten. Styrelsen arbetar sj\u00e4lvst\u00e4ndigt, men s\u00e4songsverksamheten ligger alltid i linje med handlingsplanen och budgeten godk\u00e4nd av Alliansens \u00e5rsst\u00e4mma samt den verkst\u00e4llande regel som styrelsen godk\u00e4nde vid sitt f\u00f6rsta m\u00f6te. Styrelsens m\u00f6ten beslutar bland annat om federationens aktuella angel\u00e4genheter, \u00f6vervakningen av uppn\u00e5endet av periodens m\u00e5l och utbytet av medlemskap i organisationerna.<\/p>\n<p>Den federala regeringen v\u00e4ljer alltid en byr\u00e5 bland sina medlemmar, som f\u00f6rbereder styrelsem\u00f6tena och ansvarar f\u00f6r f\u00f6rvaltningen av fackets praktiska fr\u00e5gor. En representant f\u00f6r det kommande ordf\u00f6randeskapet kommer att fungera som vice ordf\u00f6rande i unionen enligt den gamla v\u00e4gen. Styrelsen kan ocks\u00e5 distribuera andra ansvarsomr\u00e5den till dess medlemmar, till exempel en talesman, en medlem av styrelsen och en fondf\u00f6rvaltningsansvarig.<\/p>\n","protected":false},"excerpt":{"rendered":"<p>Varje \u00e5r, vid unionens \u00e5rsm\u00f6te, v\u00e4ljs en ny regering till f\u00f6reningen, som best\u00e5r av f\u00f6retr\u00e4dare f\u00f6r varje elva f\u00f6rening, Hol, och ordf\u00f6randen, sekreterare och f\u00f6rvaltare f\u00f6r den valda ordf\u00f6randen. Fackf\u00f6reningens ordf\u00f6randeskap roteras av staden p\u00e5 order Jyv\u00e4skyl\u00e4, Helsingfors, Ule\u00e5borg, Joensuu, Tammerfors, \u00c5bo, Jyv\u00e4skyl\u00e4 etc. Styrelsen anv\u00e4nder unionens administrativa befogenheter under en \u00e5rsperiod och ansvarar f\u00f6r &hellip; <\/p>\n<p><a class=\"more-link btn\" href=\"https:\/\/hol.fi\/?page_id=2497&#038;lang=sv\">Jatka lukemista<\/a><\/p>\n","protected":false},"author":1,"featured_media":0,"parent":0,"menu_order":2,"comment_status":"closed","ping_status":"closed","template":"","meta":{"footnotes":""},"_links":{"self":[{"href":"https:\/\/hol.fi\/index.php?rest_route=\/wp\/v2\/pages\/2497"}],"collection":[{"href":"https:\/\/hol.fi\/index.php?rest_route=\/wp\/v2\/pages"}],"about":[{"href":"https:\/\/hol.fi\/index.php?rest_route=\/wp\/v2\/types\/page"}],"author":[{"embeddable":true,"href":"https:\/\/hol.fi\/index.php?rest_route=\/wp\/v2\/users\/1"}],"replies":[{"embeddable":true,"href":"https:\/\/hol.fi\/index.php?rest_route=%2Fwp%2Fv2%2Fcomments&post=2497"}],"version-history":[{"count":0,"href":"https:\/\/hol.fi\/index.php?rest_route=\/wp\/v2\/pages\/2497\/revisions"}],"wp:attachment":[{"href":"https:\/\/hol.fi\/index.php?rest_route=%2Fwp%2Fv2%2Fmedia&parent=2497"}],"curies":[{"name":"wp","href":"https:\/\/api.w.org\/{rel}","templated":true}]}}