{"id":2500,"date":"2018-02-25T20:24:49","date_gmt":"2018-02-25T18:24:49","guid":{"rendered":"http:\/\/hol.fi\/?page_id=2500"},"modified":"2020-04-11T17:15:00","modified_gmt":"2020-04-11T14:15:00","slug":"stodja-foreningens-verksamhet","status":"publish","type":"page","link":"https:\/\/hol.fi\/?page_id=2500&lang=sv","title":{"rendered":"St\u00f6dja f\u00f6reningens verksamhet"},"content":{"rendered":"<p style=\"text-align: center;\"><img loading=\"lazy\" decoding=\"async\" class=\"alignnone size-full wp-image-2461\" src=\"http:\/\/hol.fi\/wp-content\/uploads\/2018\/02\/cropped-Kansi-II.jpg\" alt=\"\" width=\"1170\" height=\"250\" srcset=\"https:\/\/hol.fi\/wp-content\/uploads\/2018\/02\/cropped-Kansi-II.jpg 1170w, https:\/\/hol.fi\/wp-content\/uploads\/2018\/02\/cropped-Kansi-II-300x64.jpg 300w, https:\/\/hol.fi\/wp-content\/uploads\/2018\/02\/cropped-Kansi-II-768x164.jpg 768w\" sizes=\"(max-width: 1170px) 100vw, 1170px\" \/><\/p>\n<p>Privata och juridiska personer kan st\u00f6dja Historia Studentk\u00e5ren genom att ansluta sig till supportmedlemmar (25 \u20ac). Denna avgift binder inte n\u00e5gra anh\u00e4ngare till n\u00e5gonting. Medlemskapsavgifter anv\u00e4nds f\u00f6r information, underh\u00e5ll av styrelsens verksamhet och \u00e5rligen organiserade historia elevernas seminarier. Avgiften som betalas i \u00e5r kommer att st\u00f6dja medlemskap till slutet av n\u00e4sta kalender\u00e5r.<\/p>\n<p>Vi publicerar namnen p\u00e5 v\u00e5ra nuvarande och tidigare supportrar p\u00e5 v\u00e5r hemsida om inte specifikt f\u00f6rnekas detta. Vi skickar v\u00e5ra supportmedlemmar per post en \u00e5rsrapport av v\u00e5r tidigare s\u00e4song och e-postinbjudningar till v\u00e5ra historiska seminarier.<\/p>\n<p>F\u00f6r mer information om st\u00f6d f\u00f6r medlemskap, v\u00e4nligen kontakta detta supportmanuscript eller f\u00f6reningens ordf\u00f6rande, pj [a] hol.fi.<\/p>\n","protected":false},"excerpt":{"rendered":"<p>Privata och juridiska personer kan st\u00f6dja Historia Studentk\u00e5ren genom att ansluta sig till supportmedlemmar (25 \u20ac). Denna avgift binder inte n\u00e5gra anh\u00e4ngare till n\u00e5gonting. Medlemskapsavgifter anv\u00e4nds f\u00f6r information, underh\u00e5ll av styrelsens verksamhet och \u00e5rligen organiserade historia elevernas seminarier. Avgiften som betalas i \u00e5r kommer att st\u00f6dja medlemskap till slutet av n\u00e4sta kalender\u00e5r. Vi publicerar namnen &hellip; <\/p>\n<p><a class=\"more-link btn\" href=\"https:\/\/hol.fi\/?page_id=2500&#038;lang=sv\">Jatka lukemista<\/a><\/p>\n","protected":false},"author":1,"featured_media":0,"parent":0,"menu_order":0,"comment_status":"closed","ping_status":"closed","template":"","meta":{"footnotes":""},"_links":{"self":[{"href":"https:\/\/hol.fi\/index.php?rest_route=\/wp\/v2\/pages\/2500"}],"collection":[{"href":"https:\/\/hol.fi\/index.php?rest_route=\/wp\/v2\/pages"}],"about":[{"href":"https:\/\/hol.fi\/index.php?rest_route=\/wp\/v2\/types\/page"}],"author":[{"embeddable":true,"href":"https:\/\/hol.fi\/index.php?rest_route=\/wp\/v2\/users\/1"}],"replies":[{"embeddable":true,"href":"https:\/\/hol.fi\/index.php?rest_route=%2Fwp%2Fv2%2Fcomments&post=2500"}],"version-history":[{"count":1,"href":"https:\/\/hol.fi\/index.php?rest_route=\/wp\/v2\/pages\/2500\/revisions"}],"predecessor-version":[{"id":3388,"href":"https:\/\/hol.fi\/index.php?rest_route=\/wp\/v2\/pages\/2500\/revisions\/3388"}],"wp:attachment":[{"href":"https:\/\/hol.fi\/index.php?rest_route=%2Fwp%2Fv2%2Fmedia&parent=2500"}],"curies":[{"name":"wp","href":"https:\/\/api.w.org\/{rel}","templated":true}]}}