{"id":252,"date":"2013-04-16T22:39:34","date_gmt":"2013-04-16T19:39:34","guid":{"rendered":"http:\/\/historianopiskelijainliitto.com\/?page_id=252"},"modified":"2019-07-30T19:02:23","modified_gmt":"2019-07-30T16:02:23","slug":"kevatseminaari-turussa-2013","status":"publish","type":"page","link":"https:\/\/hol.fi\/?page_id=252","title":{"rendered":"Kev\u00e4tseminaari Turussa 2013"},"content":{"rendered":"<div>\n<h2 style=\"text-align: center;\"><strong><span style=\"color: #990000;\">KRIISIPES\u00c4KKEIT\u00c4 JA KANSANJUHLIA<\/span><\/strong><\/h2>\n<h2 style=\"text-align: center;\"><strong><span style=\"color: #990000;\">&#8211; Nationalismin monet kasvot<\/span><\/strong><\/h2>\n<p style=\"text-align: left;\">Historian Opiskelijain Liiton kev\u00e4tseminaari j\u00e4rjestettiin Turussa \u00c5bo Akademin Arken-rakennuksessa 23.2.2013.<\/p>\n<h4 style=\"text-align: left;\"><span style=\"color: #990000;\">Seminaarip\u00e4iv\u00e4n ohjelma:<\/span><\/h4>\n<\/div>\n<p style=\"text-align: left;\"><span style=\"color: #000000;\"><strong>Alkusanat<\/strong><\/span><span style=\"color: #000000;\"><strong><a href=\"http:\/\/historianopiskelijainliitto.com\/wp-content\/uploads\/2013\/04\/DSC_5747.jpg\"><img loading=\"lazy\" decoding=\"async\" class=\"alignright size-medium wp-image-878\" alt=\"kev\u00e4tsemma 3 tuku 13\" src=\"http:\/\/historianopiskelijainliitto.com\/wp-content\/uploads\/2013\/04\/DSC_5747-199x300.jpg\" width=\"185\" height=\"279\" srcset=\"https:\/\/hol.fi\/wp-content\/uploads\/2013\/04\/DSC_5747-199x300.jpg 199w, https:\/\/hol.fi\/wp-content\/uploads\/2013\/04\/DSC_5747.jpg 680w\" sizes=\"(max-width: 185px) 100vw, 185px\" \/><\/a><\/strong><\/span><\/p>\n<p style=\"text-align: left;\"><span style=\"color: #000000;\">11:00 <strong>&#8221;Hobsbawmin legenda&#8221;<\/strong><em>, Kulttuurihistorian profe<\/em><\/span><em>ssori Hannu Salmi<\/em><\/p>\n<p style=\"text-align: left;\"><span style=\"color: #000000;\">12:00 <strong>&#8221;Nationalismia television v\u00e4lityksell\u00e4? Itsen\u00e4isyysp\u00e4iv\u00e4, historia ja kulttuurinen muisti&#8221;<\/strong><em>, FT Mari Pajala<\/em><\/span><\/p>\n<p style=\"text-align: left;\"><span style=\"color: #000000;\"> 12:45 &#8211; 14:00 Lounastauko<\/span><\/p>\n<p style=\"text-align: left;\"><span style=\"color: #000000;\">14:00 &#8211; 15:00 <strong>Pienryhm\u00e4t:<\/strong><\/span><\/p>\n<p style=\"text-align: left;\"><span style=\"color: #000000;\"> 1. &#8221;Rotu, kansakunta ja siirtolaisuus 1900-luvun Yhdysvalloissa&#8221;<em>, FM Aleksi Huhta&nbsp; (peruuntui)<\/em> <\/span><\/p>\n<p style=\"text-align: left;\"><span style=\"color: #000000;\">2. &#8221;Nationalistiset kaunat It\u00e4-Aasiassa&#8221;<em>, It\u00e4-Aasian tutkimuskeskuksen varajohtaja Lauri <\/em><\/span><span style=\"color: #000000;\"><em>Paltemaa<\/em><\/span><\/p>\n<p style=\"text-align: left;\"><span style=\"color: #000000;\">3. &#8221;Klassinen historianfilosofia, nationalismi, vapaus&#8221;<em>, FL Sakari Ollitervo<\/em><\/span><\/p>\n<p style=\"text-align: left;\"><span style=\"color: #000000;\">15:00 <strong>&#8221;T\u00e4ht\u00e4imess\u00e4 ryssi\u00e4, iivanoita ja bolsevikkej\u00e4 &#8211; toisen maailmansodan <\/strong><\/span><span style=\"color: #000000;\"><strong>propagandakuvat kansallisen identiteetin rakennuspuina&#8221;<\/strong><em>, <\/em><\/span><span style=\"color: #000000;\"><em>Poliittisen historian tutkija Olli Kleemola<\/em><\/span><\/p>\n<p style=\"text-align: left;\"><span style=\"color: #000000;\">15:50 <strong>Panneelikeskustelu aiheesta <\/strong><\/span><a href=\"http:\/\/historianopiskelijainliitto.com\/wp-content\/uploads\/2013\/04\/DSC_5797.jpg\"><img loading=\"lazy\" decoding=\"async\" class=\"size-medium wp-image-871 alignright\" alt=\"DSC_5797\" src=\"http:\/\/historianopiskelijainliitto.com\/wp-content\/uploads\/2013\/04\/DSC_5797-300x199.jpg\" width=\"286\" height=\"190\" srcset=\"https:\/\/hol.fi\/wp-content\/uploads\/2013\/04\/DSC_5797-300x199.jpg 300w, https:\/\/hol.fi\/wp-content\/uploads\/2013\/04\/DSC_5797.jpg 960w\" sizes=\"(max-width: 286px) 100vw, 286px\" \/><\/a><span style=\"color: #000000;\"><strong>&#8221;Historia, <\/strong><\/span><span style=\"color: #000000;\"><strong>nationalismi ja konfliktit&#8221;<\/strong>, <\/span><span style=\"color: #000000;\"><em>Puheenjohtajana FT Marko Lehti. Muina <\/em><\/span><span style=\"color: #000000;\"><em>panelisteina VTT Ismo S\u00f6derling, PhD <\/em><\/span><span style=\"color: #000000;\"><em>Mika Suonp\u00e4\u00e4 ja VTM Leena Kotilainen<\/em><\/span><\/p>\n<p style=\"text-align: left;\"><span style=\"color: #000000;\">17:00 <strong>Seminaarin p\u00e4\u00e4t\u00f6ssanat<\/strong><\/span><\/p>\n<p style=\"text-align: left;\">17:15&nbsp; Siirtyminen majoituspaikalle (Uusi-S,&nbsp;Kirkkotie 6)<\/p>\n<p style=\"text-align: left;\">18:00 Kritiikki ry:n j\u00e4rjest\u00e4m\u00e4\u00e4 iltaohjelmaa<a href=\"http:\/\/historianopiskelijainliitto.com\/wp-content\/uploads\/2013\/04\/IMGP5564.jpg\"> <img loading=\"lazy\" decoding=\"async\" class=\"size-medium wp-image-874 alignright\" alt=\"kev\u00e4tsemma 2 tuku 13\" src=\"http:\/\/historianopiskelijainliitto.com\/wp-content\/uploads\/2013\/04\/IMGP5564-300x200.jpg\" width=\"286\" height=\"191\" srcset=\"https:\/\/hol.fi\/wp-content\/uploads\/2013\/04\/IMGP5564-300x200.jpg 300w, https:\/\/hol.fi\/wp-content\/uploads\/2013\/04\/IMGP5564.jpg 953w\" sizes=\"(max-width: 286px) 100vw, 286px\" \/><\/a><br \/>\nsauna, iltapalaa, tutustumista<\/p>\n<p style=\"text-align: left;\">My\u00f6hemmin jatkot y\u00f6kerho monkeyssa (Aurakatu 3)<\/p>\n<h4 style=\"text-align: left;\"><span style=\"color: #990000;\">Sunnuntaina 24.2.<\/span><\/h4>\n<p style=\"text-align: left;\">klo 12:00 Historian Opiskelijain Liiton vuosikokous<br \/>\nPaikkana Uusi-S, Kirkkotie 6<\/p>\n<h4 style=\"text-align: left;\"><span style=\"color: #800000;\">Seminaarin yhteisty\u00f6tahoina toimivat:<\/span><\/h4>\n<p style=\"text-align: left;\"><strong><a href=\"http:\/\/www.facebook.com\/VictorinoxFinland\">Victorinox<\/a>, <a href=\"http:\/\/www.kielenkanta.fi\/\">K\u00e4\u00e4nn\u00f6stoimisto kielenkanta<\/a>, <a href=\"http:\/\/www.threebeers.fi\/\">Three beers<\/a><\/strong><\/p>\n<h4 style=\"text-align: left;\"><span style=\"color: #990000;\">Kuvat: Heikki Laurila<\/span><\/h4>\n","protected":false},"excerpt":{"rendered":"<p>KRIISIPES\u00c4KKEIT\u00c4 JA KANSANJUHLIA &#8211; Nationalismin monet kasvot Historian Opiskelijain Liiton kev\u00e4tseminaari j\u00e4rjestettiin Turussa \u00c5bo Akademin Arken-rakennuksessa 23.2.2013. Seminaarip\u00e4iv\u00e4n ohjelma: Alkusanat 11:00 &#8221;Hobsbawmin legenda&#8221;, Kulttuurihistorian professori Hannu Salmi 12:00 &#8221;Nationalismia television v\u00e4lityksell\u00e4? Itsen\u00e4isyysp\u00e4iv\u00e4, historia ja kulttuurinen muisti&#8221;, FT Mari Pajala 12:45 &#8211; 14:00 Lounastauko 14:00 &#8211; 15:00 Pienryhm\u00e4t: 1. &#8221;Rotu, kansakunta ja siirtolaisuus 1900-luvun Yhdysvalloissa&#8221;, FM &hellip; <\/p>\n<p><a class=\"more-link btn\" href=\"https:\/\/hol.fi\/?page_id=252\">Jatka lukemista<\/a><\/p>\n","protected":false},"author":1,"featured_media":0,"parent":3132,"menu_order":12,"comment_status":"closed","ping_status":"closed","template":"","meta":{"footnotes":""},"_links":{"self":[{"href":"https:\/\/hol.fi\/index.php?rest_route=\/wp\/v2\/pages\/252"}],"collection":[{"href":"https:\/\/hol.fi\/index.php?rest_route=\/wp\/v2\/pages"}],"about":[{"href":"https:\/\/hol.fi\/index.php?rest_route=\/wp\/v2\/types\/page"}],"author":[{"embeddable":true,"href":"https:\/\/hol.fi\/index.php?rest_route=\/wp\/v2\/users\/1"}],"replies":[{"embeddable":true,"href":"https:\/\/hol.fi\/index.php?rest_route=%2Fwp%2Fv2%2Fcomments&post=252"}],"version-history":[{"count":35,"href":"https:\/\/hol.fi\/index.php?rest_route=\/wp\/v2\/pages\/252\/revisions"}],"predecessor-version":[{"id":3166,"href":"https:\/\/hol.fi\/index.php?rest_route=\/wp\/v2\/pages\/252\/revisions\/3166"}],"up":[{"embeddable":true,"href":"https:\/\/hol.fi\/index.php?rest_route=\/wp\/v2\/pages\/3132"}],"wp:attachment":[{"href":"https:\/\/hol.fi\/index.php?rest_route=%2Fwp%2Fv2%2Fmedia&parent=252"}],"curies":[{"name":"wp","href":"https:\/\/api.w.org\/{rel}","templated":true}]}}