{"id":264,"date":"2013-04-16T22:50:17","date_gmt":"2013-04-16T19:50:17","guid":{"rendered":"http:\/\/historianopiskelijainliitto.com\/?page_id=264"},"modified":"2019-05-06T14:34:49","modified_gmt":"2019-05-06T11:34:49","slug":"syysseminaari-jyvaskylassa-2012","status":"publish","type":"page","link":"https:\/\/hol.fi\/?page_id=264","title":{"rendered":"Syysseminaari Jyv\u00e4skyl\u00e4ss\u00e4 2012"},"content":{"rendered":"<h2 style=\"text-align: center;\"><strong><span style=\"color: #990000;\">AKATEEMINEN HISTORIAN OPETUS \u2013 ONKO SIT\u00c4?<\/span><\/strong><br \/>\n<strong><span style=\"color: #990000;\"> HOListinen n\u00e4k\u00f6kulma.<\/span><\/strong><\/h2>\n<p style=\"text-align: left;\">Historian opiskelijain liiton syysseminaari j\u00e4rjestettiin 10.11.12 Jyv\u00e4skyl\u00e4n yliopiston Seminaarinm\u00e4ell\u00e4 sijaitsevassa Historian ja etnologian laitoksella (H-rakennus).<\/p>\n<h4 style=\"text-align: left;\"><span style=\"color: #990000;\">Seminaarip\u00e4iv\u00e4n ohjelma:<\/span><\/h4>\n<p style=\"text-align: left;\">11.00-12.00 Lounas Jyv\u00e4skyl\u00e4n yliopiston seminaarinm\u00e4ell\u00e4 sijaitsevassa opiskelijaravintola Lozzissa<\/p>\n<p style=\"text-align: left;\"><strong>Seminaarin luennot akateemisen historian opetuksen muodoista, haasteista ja <\/strong><strong>mahdollisuuksista:<\/strong><\/p>\n<p style=\"text-align: left;\">12.00 Seminaarin alkusanat<\/p>\n<p style=\"text-align: left;\">12.15 &#8221;Akateemisen historianopetuksen menneisyys: tavat ja perinteet&#8221;, <em>Yleisen historian e<\/em><em>meritusprofessori Seppo Zetterberg<\/em><\/p>\n<p style=\"text-align: left;\">13.30 &#8221;Akateemisen historianopetuksen nykyp\u00e4iv\u00e4: muodot ja sudenkuopat&#8221;, <em>Historian ja etnologian laitoksen <\/em><em>pedagoginen johtaja, dosentti Simo Mikkonen<\/em><\/p>\n<p style=\"text-align: left;\">\u00a014.00 &#8221;Akateemisen historianopetuksen tulevaisuus: visiot ja mahdollisuudet&#8221;, <em><\/em><em>Opettajankoulutuslaitoksen varajohtaja, historian pedagogiikan lehtori Matti Rautiainen<\/em><\/p>\n<p style=\"text-align: left;\"><a href=\"http:\/\/historianopiskelijainliitto.com\/wp-content\/uploads\/2013\/04\/7-Seminaarin-luennot-1.jpg\">\u00a0 <img loading=\"lazy\" decoding=\"async\" class=\"size-medium wp-image-891 alignnone\" alt=\"syyssemma 3 jkl 12\" src=\"http:\/\/historianopiskelijainliitto.com\/wp-content\/uploads\/2013\/04\/7-Seminaarin-luennot-1-300x225.jpg\" width=\"286\" height=\"214\" srcset=\"https:\/\/hol.fi\/wp-content\/uploads\/2013\/04\/7-Seminaarin-luennot-1-300x225.jpg 300w, https:\/\/hol.fi\/wp-content\/uploads\/2013\/04\/7-Seminaarin-luennot-1.jpg 1024w\" sizes=\"(max-width: 286px) 100vw, 286px\" \/><\/a><a href=\"http:\/\/historianopiskelijainliitto.com\/wp-content\/uploads\/2013\/04\/8-Seminaarin-luennot-1.jpg\"> \u00a0 <img loading=\"lazy\" decoding=\"async\" class=\"size-medium wp-image-893 alignnone\" alt=\"syyssemma 1 jkl 12\" src=\"http:\/\/historianopiskelijainliitto.com\/wp-content\/uploads\/2013\/04\/8-Seminaarin-luennot-1-300x225.jpg\" width=\"286\" height=\"214\" srcset=\"https:\/\/hol.fi\/wp-content\/uploads\/2013\/04\/8-Seminaarin-luennot-1-300x225.jpg 300w, https:\/\/hol.fi\/wp-content\/uploads\/2013\/04\/8-Seminaarin-luennot-1.jpg 1024w\" sizes=\"(max-width: 286px) 100vw, 286px\" \/><br \/>\n<\/a><\/p>\n<p style=\"text-align: left;\"><strong>Seminaarin toiminnallinen osuus:<\/strong><\/p>\n<p style=\"text-align: left;\">15.00 Ammattiliitto Specia esit\u00e4ytyy<\/p>\n<p style=\"text-align: left;\">16.00 V\u00e4lipala<\/p>\n<p style=\"text-align: left;\">16.30 Learning Cafe<\/p>\n<p style=\"text-align: left;\">17.30 Seminaarin loppuyhteenveto ja p\u00e4\u00e4tt\u00e4minen<\/p>\n<p><strong>Seminaarin vapaamuotoiset iltaohjelmat:<\/strong><\/p>\n<p style=\"text-align: left;\">18.00 Historian Opiskelijain Liiton kokous Historicalla<\/p>\n<p style=\"text-align: left;\">18.00-22.30 Vapaata aikaa Opinkiven saunalla ja seminaarinm\u00e4ell\u00e4<\/p>\n<p style=\"text-align: left;\">19.30-22.00 Kansakoulu-sitsit Historian ja etnologian laitoksella<\/p>\n<p style=\"text-align: left;\">23.00 Y\u00f6n Hol-bileiden viett\u00e4minen Free Time-y\u00f6kerhossa<\/p>\n<h3 style=\"text-align: left;\"><a href=\"http:\/\/historianopiskelijainliitto.com\/wp-content\/uploads\/2013\/04\/hol-semma-10.11.126.jpg\">\u00a0 <img loading=\"lazy\" decoding=\"async\" class=\"size-medium wp-image-890 alignnone\" alt=\"syyssemma 2 jkl 12\" src=\"http:\/\/historianopiskelijainliitto.com\/wp-content\/uploads\/2013\/04\/hol-semma-10.11.126-300x225.jpg\" width=\"286\" height=\"216\" srcset=\"https:\/\/hol.fi\/wp-content\/uploads\/2013\/04\/hol-semma-10.11.126-300x225.jpg 300w, https:\/\/hol.fi\/wp-content\/uploads\/2013\/04\/hol-semma-10.11.126.jpg 1024w\" sizes=\"(max-width: 286px) 100vw, 286px\" \/><\/a><a href=\"http:\/\/historianopiskelijainliitto.com\/wp-content\/uploads\/2013\/04\/DSC_0001.jpg\"> \u00a0 <\/a><a href=\"http:\/\/historianopiskelijainliitto.com\/wp-content\/uploads\/2013\/04\/DSC_0001.jpg\"><img loading=\"lazy\" decoding=\"async\" class=\"size-medium wp-image-892 alignnone\" alt=\"syyssemma 4 jkl 12\" src=\"http:\/\/historianopiskelijainliitto.com\/wp-content\/uploads\/2013\/04\/DSC_0001-199x300.jpg\" width=\"142\" height=\"215\" srcset=\"https:\/\/hol.fi\/wp-content\/uploads\/2013\/04\/DSC_0001-199x300.jpg 199w, https:\/\/hol.fi\/wp-content\/uploads\/2013\/04\/DSC_0001.jpg 680w\" sizes=\"(max-width: 142px) 100vw, 142px\" \/><\/a><\/h3>\n<h4 style=\"text-align: left;\"><span style=\"color: #990000;\">Seminaarin yhteisty\u00f6tahoina toimivat:<\/span><\/h4>\n<p style=\"text-align: left;\"><span style=\"color: #990000;\"><strong><a href=\"http:\/\/www.hirsityoheikkila.fi\">Hirsity\u00f6 Heikkil\u00e4<\/a>, <a href=\"http:\/\/www.toivolanvanhapiha.fi\">Toivolan vanha piha<\/a>, <\/strong><\/span><span style=\"color: #990000;\"><strong><a href=\"http:\/\/jyvasainola.blogspot.fi\">Osuuskunta Jyv\u00e4s-Ainola<\/a> ja <a href=\"http:\/\/jyy.fi\">JYY<\/a>.<\/strong><\/span><\/p>\n","protected":false},"excerpt":{"rendered":"<p>AKATEEMINEN HISTORIAN OPETUS \u2013 ONKO SIT\u00c4? HOListinen n\u00e4k\u00f6kulma. Historian opiskelijain liiton syysseminaari j\u00e4rjestettiin 10.11.12 Jyv\u00e4skyl\u00e4n yliopiston Seminaarinm\u00e4ell\u00e4 sijaitsevassa Historian ja etnologian laitoksella (H-rakennus). Seminaarip\u00e4iv\u00e4n ohjelma: 11.00-12.00 Lounas Jyv\u00e4skyl\u00e4n yliopiston seminaarinm\u00e4ell\u00e4 sijaitsevassa opiskelijaravintola Lozzissa Seminaarin luennot akateemisen historian opetuksen muodoista, haasteista ja mahdollisuuksista: 12.00 Seminaarin alkusanat 12.15 &#8221;Akateemisen historianopetuksen menneisyys: tavat ja perinteet&#8221;, Yleisen historian emeritusprofessori &hellip; <\/p>\n<p><a class=\"more-link btn\" href=\"https:\/\/hol.fi\/?page_id=264\">Jatka lukemista<\/a><\/p>\n","protected":false},"author":1,"featured_media":0,"parent":3132,"menu_order":13,"comment_status":"open","ping_status":"closed","template":"","meta":{"footnotes":""},"_links":{"self":[{"href":"https:\/\/hol.fi\/index.php?rest_route=\/wp\/v2\/pages\/264"}],"collection":[{"href":"https:\/\/hol.fi\/index.php?rest_route=\/wp\/v2\/pages"}],"about":[{"href":"https:\/\/hol.fi\/index.php?rest_route=\/wp\/v2\/types\/page"}],"author":[{"embeddable":true,"href":"https:\/\/hol.fi\/index.php?rest_route=\/wp\/v2\/users\/1"}],"replies":[{"embeddable":true,"href":"https:\/\/hol.fi\/index.php?rest_route=%2Fwp%2Fv2%2Fcomments&post=264"}],"version-history":[{"count":81,"href":"https:\/\/hol.fi\/index.php?rest_route=\/wp\/v2\/pages\/264\/revisions"}],"predecessor-version":[{"id":266,"href":"https:\/\/hol.fi\/index.php?rest_route=\/wp\/v2\/pages\/264\/revisions\/266"}],"up":[{"embeddable":true,"href":"https:\/\/hol.fi\/index.php?rest_route=\/wp\/v2\/pages\/3132"}],"wp:attachment":[{"href":"https:\/\/hol.fi\/index.php?rest_route=%2Fwp%2Fv2%2Fmedia&parent=264"}],"curies":[{"name":"wp","href":"https:\/\/api.w.org\/{rel}","templated":true}]}}