{"id":2642,"date":"2018-07-01T23:16:09","date_gmt":"2018-07-01T20:16:09","guid":{"rendered":"http:\/\/hol.fi\/?page_id=2642"},"modified":"2019-10-11T12:33:31","modified_gmt":"2019-10-11T09:33:31","slug":"syysseminaari-tampereella-2018","status":"publish","type":"page","link":"https:\/\/hol.fi\/?page_id=2642","title":{"rendered":"Syysseminaari Tampereella 16. &#8211; 17.11.2018"},"content":{"rendered":"<p style=\"text-align: left;\">Suomen sis\u00e4llissota oli lyhyt ja verinen episodi Suomen historiassa, mutta se ei ole vain Suomen historiaa, vaan osa suurempaa kokonaisuutta, joka oli k\u00e4ynniss\u00e4 maailmalla. Miten ylikansalliset voimat vaikuttivat sis\u00e4isten ongelmien kriisiytymiseen ja eskaloitumiseen niin Suomessa kuin ulkomailla? T\u00e4h\u00e4n ja moneen muuhun kysymykseen haetaan vastausta Historian Opiskelijain Liiton syysseminaarissa Tampereella 16. &#8211; 17.11.<\/p>\n<p>Tampere oli sata vuotta sitten sis\u00e4llissodan myrskyn silm\u00e4ss\u00e4, joten on luontevaa muistaa t\u00e4t\u00e4 synkk\u00e4\u00e4 vaihetta historiassa juuri Tampereella. Seminaarin luennot ja paneelit tulevat kuitenkin k\u00e4sittelem\u00e4\u00e4n sis\u00e4llissotaa ja vallankumouksia laajemmin my\u00f6s maailman mittakaavassa, muistuttaen ettei sis\u00e4llissota ollut vain Suomen historian synkk\u00e4 hetki, vaan pieni juonne paljon laajempaa ja synkemp\u00e4\u00e4 tapahtumaketjua. Oman huomionsa my\u00f6s saa sis\u00e4llissodan k\u00e4sitteleminen julkisuudessa.<\/p>\n<p>Seminaari j\u00e4rjestet\u00e4\u00e4n Tampereen yliopiston tiloissa marraskuussa 16. &#8211; 17.11. ja on jaettu tuttuun tapaan kolmeen osaan, perjantain iltaohjelmaan, lauantain seminaariin ja iltaohjelmaan, sek\u00e4 sunnuntain brunssiin ja kokoukseen.<\/p>\n<p>&nbsp;<\/p>\n<p style=\"text-align: center;\"><strong>Perjaintain 16.11.2018<\/strong><\/p>\n<p>Perjantaina 16.11 j\u00e4rjestet\u00e4\u00e4n my\u00f6s Patinan legendaarinen Tommy Tabermann runonlausuntailta, jossa&nbsp; suoraan kultaiselta 1990-luvulta kumpuavana tapahtumana kunnioittaa mestarillista Tampereen yliopistossa opiskellutta runoilijaa, mutta ei ota h\u00e4nen tuotantoaan liian vakavissaan. Juuri sin\u00e4, hyv\u00e4 lukija, olet l\u00e4mpim\u00e4sti tervetullut kuuntelemaan runoutta ja lausuntaa vailla vertaa.<\/p>\n<p style=\"text-align: center;\">Runonlausuntaillasta ja sen ohjelmasta l\u00f6ytyy lis\u00e4\u00e4 infoa tapahtuman <a href=\"https:\/\/www.facebook.com\/events\/285522775410607\/?ti=cl\"><strong>Facebook-sivulta!<\/strong><\/a><\/p>\n<p><a href=\"https:\/\/www.facebook.com\/events\/285522775410607\/\"><img decoding=\"async\" class=\"aligncenter\" src=\"https:\/\/scontent-arn2-1.xx.fbcdn.net\/v\/t1.0-9\/45835694_2162801297369937_472730742279897088_n.jpg?_nc_cat=101&amp;_nc_ht=scontent-arn2-1.xx&amp;oh=f283effa45c516dce607f51a44740594&amp;oe=5C767942\" alt=\"Kuvan mahdollinen sis\u00c3\u00a4lt\u00c3\u00b6: 1 henkil\u00c3\u00b6, seisoo ja teksti\"><\/a><\/p>\n<h4><\/h4>\n<h4 style=\"text-align: center;\"><strong>Lauantain 17.11.2018 ohjelma&nbsp;<\/strong><\/h4>\n<p style=\"text-align: left;\">Lauantain varsinainen seminaari j\u00e4rjestet\u00e4\u00e4n Tampereen yliopiston p\u00e4\u00e4talon luentosalissa D10. Seminaarin ohjelman ja aikataulu on seuraavanlainen:<\/p>\n<p>10.00 &#8211; 10.15 Alkusanat<br \/>\n10.15 &#8211; 11.00 Pertti Haapala: <em>Suomen sis\u00e4llisota: sen syyt ja seuraukset<\/em><br \/>\n11.00 &#8211; 11.45 Marko Tikka: <em>Vuoden 1918 sota ja v\u00e4kivalta<\/em><br \/>\n11.45 &#8211; 12.45 Lounastauko (omakustantainen)<br \/>\n12.45 &#8211; 13.30 Jussi Jalonen: <em>Valkoisten voitto osana&nbsp;valtiovallan j\u00e4rjest\u00e4mi\u00e4 muistoseremonioita ja poliittista retoriikkaa&nbsp;sek\u00e4 nyt ett\u00e4 n\u00e4iden satavuotisten valmisteluvaiheessa<\/em><br \/>\n13.30 &#8211; 14.00 Kahvitauko<br \/>\n14.00 &#8211; 14.45 Mervi Kaarninen: <em>Punaorvot ja min\u00e4<\/em><br \/>\n15.00 &#8211; 17 Paneeli: <em>Sis\u00e4llissota nykyisess\u00e4 julkisessa keskustelussa.<\/em><\/p>\n<p><a href=\"https:\/\/www.facebook.com\/events\/254774908547008\/permalink\/267490333942132\/\"><img loading=\"lazy\" decoding=\"async\" class=\"alignnone size-full wp-image-2765 aligncenter\" src=\"http:\/\/hol.fi\/wp-content\/uploads\/2018\/09\/FB_IMG_1538222721669.jpg\" alt=\"\" width=\"1024\" height=\"378\" srcset=\"https:\/\/hol.fi\/wp-content\/uploads\/2018\/09\/FB_IMG_1538222721669.jpg 1024w, https:\/\/hol.fi\/wp-content\/uploads\/2018\/09\/FB_IMG_1538222721669-300x111.jpg 300w, https:\/\/hol.fi\/wp-content\/uploads\/2018\/09\/FB_IMG_1538222721669-768x284.jpg 768w\" sizes=\"(max-width: 1024px) 100vw, 1024px\" \/><\/a><\/p>\n<p style=\"text-align: center;\">Lauantain iltaohjelma jatkuu tuttuun ja totuttuun tapaan Hol sitseill\u00e4, jotka j\u00e4rjestet\u00e4\u00e4n t\u00e4ll\u00e4 kertaa Tampereen Svenska Klubbenilla vallankumous aiheiselle teemalla. Lis\u00e4\u00e4 tietoa tapahtumasta on l\u00f6ydett\u00e4viss\u00e4 sen omasta <a href=\"https:\/\/www.facebook.com\/events\/2191341107814963\/\"><strong>Facebook-tapahtumasta!<\/strong><\/a><\/p>\n<p><a href=\"https:\/\/www.facebook.com\/events\/2191341107814963\/\"><img decoding=\"async\" src=\"https:\/\/scontent-arn2-1.xx.fbcdn.net\/v\/t1.0-9\/44247098_2147340098916057_2405001705155461120_n.jpg?_nc_cat=104&amp;_nc_ht=scontent-arn2-1.xx&amp;oh=498ef1e3a276dc94b6cc2c3f610c4e31&amp;oe=5C8718B7\" alt=\"Kuvan mahdollinen sis\u00c3\u00a4lt\u00c3\u00b6: ainakin yksi henkil\u00c3\u00b6, ihmiset seisovat, parta ja teksti\"><\/a><\/p>\n<p>&nbsp;<\/p>\n<h4 style=\"text-align: center;\"><strong>Sunnuntain 18.11.2018 ohjelma&nbsp;<\/strong><\/h4>\n<p style=\"text-align: center;\">Sunnuntaina seminaarin virallinen ohjelma on p\u00e4\u00e4ttynyt ja p\u00e4iv\u00e4 kuluukin omaa vointia ja maailmaa parantaen omakustantaisen brunssin ja Holin hallituksen kokouksen \u00e4\u00e4rell\u00e4. Kokous alkaa klo 12:00 Plevnassa (It\u00e4inenkatu 8). Tervetuloa siis seuraamaan ja tutustumaan yhdistyksen toimintaan!<\/p>\n<p>&nbsp;<\/p>\n<h4 style=\"text-align: center;\">Seminaarin majoitus<\/h4>\n<p style=\"text-align: center;\">Y\u00f6paikkaa tarvitsevilla on mahdollisuus majoittua Dream Hostelliin (<a href=\"https:\/\/l.facebook.com\/l.php?u=https%3A%2F%2Fwww.dreamhostel.fi%2F%3Ffbclid%3DIwAR3qxoPErahDLMAzmW8ogqQVvuBucq4kLpwXnI2sDIFeh7La3aYcwC_o5J0&amp;h=AT2ZuS9rfIsoNr3tvtKw-novLIiFQkoJx6wx8oJ2BcRLLeBb5B27UgVsHWZ-KFVZsMuJqIXOnfsJ-aTtoU3wFufRTZRYxdzV8hZYR0II0k291JzIQZIhE07isdbxYgd0upvM\" target=\"_blank\" rel=\"nofollow noopener noreferrer\" data-lynx-mode=\"hover\">https:\/\/www.dreamhostel.fi\/<\/a>.) Majoittuminen tapahtuu 4 ja 6 hengen huoneissa ja hinta tulisi olemaan y\u00f6lt\u00e4 noin 20-30 euroa henkil\u00f6\u00e4 kohden. Hinta tarkentuu my\u00f6hemmin, kun majoittajien m\u00e4\u00e4r\u00e4 selvi\u00e4\u00e4. Ilmoittautuminen Dream Hostell majoitukseen tapahtuu Hol-seminaarin ilmoittautumisen yhteydess\u00e4. Mik\u00e4li tulee jotain kysytt\u00e4v\u00e4\u00e4 majoituksesta, voitte olla yhteydess\u00e4 allekirjoittaneeseen esimerkiksi t\u00e4\u00e4ll\u00e4 Facebookissa tai l\u00e4hett\u00e4\u00e4 s\u00e4hk\u00f6postia osoitteeseen Etelamaki.Tiia.M(at)student.uta.fi.<\/p>\n<h4 style=\"text-align: center;\">Seminaarin yhteyshenkil\u00f6t<\/h4>\n<p style=\"text-align: center;\">Jos teille her\u00e4\u00e4seminaarista kysytt\u00e4v\u00e4\u00e4 k\u00e4yt\u00e4nn\u00f6ist\u00e4 tai muista asioista, yhteytt\u00e4 voi ottaa Patinan Hol-vastaavaan Henrik J\u00e4rviseen tai varahenkil\u00f6\u00f6n Juho Aarikkaan. Yhteystiedot l\u00f6ytyv\u00e4t Patinan internetsivuilta osoitteesta&nbsp;<a href=\"https:\/\/l.facebook.com\/l.php?u=http%3A%2F%2Fwww.patinary.com%2F%3Ffbclid%3DIwAR2wbbs6lMZ6MBbQEUzIMI_pCMlSnB66foATR_xlk8pifRd4knCOs4ei25s&amp;h=AT3dHL3hiiS8MysZpFCwhY9HFEjeQYTUWUmEmCserl-biDc5bjcnxQW7wisEFrfKGGLxcMrnf-bmLpsIRe_5A19hijydF6NI-DmvlQcAFCNnNFG3cw5fbfQljfgmdotS01Em\" target=\"_blank\" rel=\"nofollow noopener noreferrer\" data-lynx-mode=\"hover\">www.patinary.com<\/a><\/p>\n","protected":false},"excerpt":{"rendered":"<p>Suomen sis\u00e4llissota oli lyhyt ja verinen episodi Suomen historiassa, mutta se ei ole vain Suomen historiaa, vaan osa suurempaa kokonaisuutta, joka oli k\u00e4ynniss\u00e4 maailmalla. Miten ylikansalliset voimat vaikuttivat sis\u00e4isten ongelmien kriisiytymiseen ja eskaloitumiseen niin Suomessa kuin ulkomailla? T\u00e4h\u00e4n ja moneen muuhun kysymykseen haetaan vastausta Historian Opiskelijain Liiton syysseminaarissa Tampereella 16. &#8211; 17.11. Tampere oli sata &hellip; <\/p>\n<p><a class=\"more-link btn\" href=\"https:\/\/hol.fi\/?page_id=2642\">Jatka lukemista<\/a><\/p>\n","protected":false},"author":2,"featured_media":0,"parent":3132,"menu_order":2,"comment_status":"closed","ping_status":"closed","template":"","meta":{"footnotes":""},"_links":{"self":[{"href":"https:\/\/hol.fi\/index.php?rest_route=\/wp\/v2\/pages\/2642"}],"collection":[{"href":"https:\/\/hol.fi\/index.php?rest_route=\/wp\/v2\/pages"}],"about":[{"href":"https:\/\/hol.fi\/index.php?rest_route=\/wp\/v2\/types\/page"}],"author":[{"embeddable":true,"href":"https:\/\/hol.fi\/index.php?rest_route=\/wp\/v2\/users\/2"}],"replies":[{"embeddable":true,"href":"https:\/\/hol.fi\/index.php?rest_route=%2Fwp%2Fv2%2Fcomments&post=2642"}],"version-history":[{"count":5,"href":"https:\/\/hol.fi\/index.php?rest_route=\/wp\/v2\/pages\/2642\/revisions"}],"predecessor-version":[{"id":3047,"href":"https:\/\/hol.fi\/index.php?rest_route=\/wp\/v2\/pages\/2642\/revisions\/3047"}],"up":[{"embeddable":true,"href":"https:\/\/hol.fi\/index.php?rest_route=\/wp\/v2\/pages\/3132"}],"wp:attachment":[{"href":"https:\/\/hol.fi\/index.php?rest_route=%2Fwp%2Fv2%2Fmedia&parent=2642"}],"curies":[{"name":"wp","href":"https:\/\/api.w.org\/{rel}","templated":true}]}}