{"id":276,"date":"2013-04-16T23:09:14","date_gmt":"2013-04-16T20:09:14","guid":{"rendered":"http:\/\/historianopiskelijainliitto.com\/?page_id=276"},"modified":"2019-05-06T14:34:57","modified_gmt":"2019-05-06T11:34:57","slug":"kevatseminaari-tampereella-2012","status":"publish","type":"page","link":"https:\/\/hol.fi\/?page_id=276","title":{"rendered":"Kev\u00e4tseminaari Tampereella 2012"},"content":{"rendered":"<h2><strong>HISTORIANOPISKELIJAT TY\u00d6EL\u00c4M\u00c4SS\u00c4 JA YRITT\u00c4JIN\u00c4<\/strong><\/h2>\n<h2><strong>HOL-seminaari Tampereella lauantaina 3.3.2012<\/strong><\/h2>\n<p>Paikka: Tampereen yliopiston P\u00e4\u00e4rakennus, luentosali A1 (Kalevantie 4)<\/p>\n<p>Seminaarin aikataulu:<br \/>\n09:30 aamukahvit luentosalin aulassa, <strong>Specian<\/strong> st\u00e4ndi<br \/>\n10:00 <strong>Ty\u00f6el\u00e4m\u00e4-osio<\/strong> alkaa<br \/>\npuhujina mm. yliopistonlehtori <strong>Marko Nenonen, Ura&amp;Rekry,<\/strong> ammattiliitto <strong>Specia<br \/>\n<\/strong><br \/>\n&#8212;ruokailu opiskelijaravintola Juvenes&#8212;<\/p>\n<p>13:00<strong> Yritt\u00e4jyys-osio<\/strong> alkaa<br \/>\n<strong>Tilaushistoriakeskus<\/strong>,<strong> Suomen Historialautapelit<\/strong>, tiedelehti <strong>Hybris<\/strong><\/p>\n<p>Seminaari p\u00e4\u00e4ttyi lasien kilistelyyn ja yleiseen seurusteluun luentosalin aulassa, <strong>Kangasmedia<\/strong> esitt\u00e4ytyy.<\/p>\n<p>Kokoukset:<br \/>\nklo 16:30<br \/>\n<strong>Tapas Bar Inezin alakerta<\/strong> (Pellavatehtaankatu 19)<\/p>\n<p>Iltaohjelma:<br \/>\nklo 19-23:30<br \/>\n<strong>Juvenes City<\/strong> (H\u00e4meenkatu 7 B, 7. krs)<br \/>\nSauna l\u00e4mmin koko illan.<\/p>\n","protected":false},"excerpt":{"rendered":"<p>HISTORIANOPISKELIJAT TY\u00d6EL\u00c4M\u00c4SS\u00c4 JA YRITT\u00c4JIN\u00c4 HOL-seminaari Tampereella lauantaina 3.3.2012 Paikka: Tampereen yliopiston P\u00e4\u00e4rakennus, luentosali A1 (Kalevantie 4) Seminaarin aikataulu: 09:30 aamukahvit luentosalin aulassa, Specian st\u00e4ndi 10:00 Ty\u00f6el\u00e4m\u00e4-osio alkaa puhujina mm. yliopistonlehtori Marko Nenonen, Ura&amp;Rekry, ammattiliitto Specia &#8212;ruokailu opiskelijaravintola Juvenes&#8212; 13:00 Yritt\u00e4jyys-osio alkaa Tilaushistoriakeskus, Suomen Historialautapelit, tiedelehti Hybris Seminaari p\u00e4\u00e4ttyi lasien kilistelyyn ja yleiseen seurusteluun luentosalin aulassa, &hellip; <\/p>\n<p><a class=\"more-link btn\" href=\"https:\/\/hol.fi\/?page_id=276\">Jatka lukemista<\/a><\/p>\n","protected":false},"author":1,"featured_media":0,"parent":3132,"menu_order":14,"comment_status":"open","ping_status":"closed","template":"","meta":{"footnotes":""},"_links":{"self":[{"href":"https:\/\/hol.fi\/index.php?rest_route=\/wp\/v2\/pages\/276"}],"collection":[{"href":"https:\/\/hol.fi\/index.php?rest_route=\/wp\/v2\/pages"}],"about":[{"href":"https:\/\/hol.fi\/index.php?rest_route=\/wp\/v2\/types\/page"}],"author":[{"embeddable":true,"href":"https:\/\/hol.fi\/index.php?rest_route=\/wp\/v2\/users\/1"}],"replies":[{"embeddable":true,"href":"https:\/\/hol.fi\/index.php?rest_route=%2Fwp%2Fv2%2Fcomments&post=276"}],"version-history":[{"count":12,"href":"https:\/\/hol.fi\/index.php?rest_route=\/wp\/v2\/pages\/276\/revisions"}],"predecessor-version":[{"id":279,"href":"https:\/\/hol.fi\/index.php?rest_route=\/wp\/v2\/pages\/276\/revisions\/279"}],"up":[{"embeddable":true,"href":"https:\/\/hol.fi\/index.php?rest_route=\/wp\/v2\/pages\/3132"}],"wp:attachment":[{"href":"https:\/\/hol.fi\/index.php?rest_route=%2Fwp%2Fv2%2Fmedia&parent=276"}],"curies":[{"name":"wp","href":"https:\/\/api.w.org\/{rel}","templated":true}]}}