{"id":2949,"date":"2019-01-11T14:34:00","date_gmt":"2019-01-11T12:34:00","guid":{"rendered":"http:\/\/hol.fi\/?page_id=2949"},"modified":"2019-10-11T12:33:03","modified_gmt":"2019-10-11T09:33:03","slug":"turun-kevatseminaari-2019","status":"publish","type":"page","link":"https:\/\/hol.fi\/?page_id=2949","title":{"rendered":"Kev\u00e4tseminaari Turussa 15. &#8211; 17.3.2019"},"content":{"rendered":"<p>Ny se o varmaa! Historian opiskelijat ymp\u00e4ri Suomea ottavat yhteisen varasl\u00e4hd\u00f6n kev\u00e4\u00e4n 2019 eduskuntavaaleihin saapumalla Turkuun 15.-17.3.2019 Historian Opiskelijain Liiton kev\u00e4tseminaariin. Tapahtuman p\u00e4\u00e4j\u00e4rjest\u00e4j\u00e4n\u00e4 toimii Turun yliopiston Politiikan tutkimuksen klubi ry eli P-klubi, joka eduskuntavaalit-teemaisella seminaarillaan tutustuttaa meid\u00e4t politiikan tutkimuksen maailmaan. Seminaarin j\u00e4rjest\u00e4misess\u00e4 on my\u00f6s mukana Kritiikki ry.<\/p>\n<p style=\"text-align: left;\"><img loading=\"lazy\" decoding=\"async\" class=\"alignnone size-full wp-image-2950\" src=\"http:\/\/hol.fi\/wp-content\/uploads\/2019\/01\/Lopullinen-kansikuva-final.jpg\" alt=\"\" width=\"851\" height=\"315\" srcset=\"https:\/\/hol.fi\/wp-content\/uploads\/2019\/01\/Lopullinen-kansikuva-final.jpg 851w, https:\/\/hol.fi\/wp-content\/uploads\/2019\/01\/Lopullinen-kansikuva-final-300x111.jpg 300w, https:\/\/hol.fi\/wp-content\/uploads\/2019\/01\/Lopullinen-kansikuva-final-768x284.jpg 768w\" sizes=\"(max-width: 851px) 100vw, 851px\" \/><\/p>\n<p>Kev\u00e4tseminaarin ohjelma jakautuu perinteisesti kolmelle eri p\u00e4iv\u00e4lle seuraavalla tavalla:<\/p>\n<p><strong>PERJANTAI 15.3.2019<\/strong><\/p>\n<p style=\"text-align: left;\"><strong>&nbsp;Pubivisa<\/strong><br \/>\nKev\u00e4tseminaarin perjantai-illan ohjelma on pubivisa, jossa tilaisuudessa muodostetut tiimit p\u00e4\u00e4sev\u00e4t ottamaan toisistaan mittaa yleistiedon saralla ja voittamaan upeita palkintoja. Tilaisuuden tarkempi tapahtumakuvaus on l\u00f6ydett\u00e4viss\u00e4 sen omasta Facebook-tapahtumasta.<\/p>\n<p>Paikka: Historian luokka, Panimoravintola Koulu<br \/>\nOsoite: Eerikinkatu 18, 20100 Turku<br \/>\nKellonaika: 19:00<br \/>\n<a href=\"https:\/\/www.facebook.com\/events\/1871310622990906\/\">Facebook-tapahtuma<\/a><br \/>\nIlmoittautuminen: Ei erillist\u00e4 ilmoittautumista, avoin tilaisuus.<\/p>\n<p><strong>LAUANTAI 16.3.2019<\/strong><\/p>\n<p>&#8211; Holin kev\u00e4tseminaari &#8211;<br \/>\nSeminaarissa p\u00e4\u00e4semme kuulemaan eduskuntavaalit-teemaisia luentoja ja samalla tutustumaan politiikan tutkimuksen maailmaan. Tilaisuudessa jaetaan my\u00f6s Historian Opiskelijain Liiton ja Historiallisen yhdistyksen yhteysty\u00f6ss\u00e4 vuosittain my\u00f6nt\u00e4m\u00e4 gradupalkinto vuoden 2017-2018 parhaimmalle gradulle. Seminaarin tarkempi aikataulu ja luennoitsijat ovat n\u00e4ht\u00e4viss\u00e4 Facebook-tapahtumassa.<\/p>\n<p>Paikka: Luentosali Pub 3, Turun yliopiston Publicum-rakennus<br \/>\nOsoite: Assistentinkatu 7, 20500 Turku<br \/>\nKellonaika: 10:00-16:00<br \/>\n<a href=\"https:\/\/www.facebook.com\/events\/2176139985968146\/\">Facebook-tapahtuma<\/a><\/p>\n<p><strong>Historian Opiskelijain Liiton Sitsit&nbsp;<\/strong><br \/>\nPerinteit\u00e4 kunnioittaen seminaariv\u00e4ki kokoontuu lauantai-illalla Holin sitseille, jotka t\u00e4ll\u00e4 kertaa j\u00e4rjestet\u00e4\u00e4n P-klubilaiseen tapaan. Sitsien j\u00e4lkeen tapahtumapaikka Q-talo muuntautuu loppuillaksi sitsien jatkopaikaksi. Holin sitsien tarkempi tapahtumakuvaus on l\u00f6ydett\u00e4viss\u00e4 sen omasta Facebook-tapahtumasta.<\/p>\n<p>Paikka: Q-talo<br \/>\nOsoite: Nummenpuistokatu 2, 20540 Turku<br \/>\nKellonaika: 19:00<br \/>\n<a href=\"https:\/\/www.facebook.com\/events\/760211664344251\/\">Facebook-tapahtuma<\/a><\/p>\n<p><strong>SUNNUNTAI 17.3.2019<\/strong><\/p>\n<p><strong>Holin s\u00e4\u00e4nt\u00f6m\u00e4\u00e4r\u00e4inen vuosikokous ja hallituksen kokous<\/strong><br \/>\nSeminaarin viimeisen\u00e4 p\u00e4iv\u00e4n\u00e4 Holin hallitus ja ainej\u00e4rjest\u00f6jen edustajat kokoontuvat yhdistyksen s\u00e4\u00e4nt\u00f6m\u00e4\u00e4r\u00e4iseen vuosikokoukseen, jonka j\u00e4lkeen Holin hallitus pit\u00e4\u00e4 viel\u00e4 oman kokouksensa.<\/p>\n<p>Paikka ja osoite: Cafe Art, L\u00e4ntinen rantakatu 5<br \/>\nKellonaika: 11.00 alkaen<br \/>\nIlmoittautuminen: Ei erillist\u00e4 ilmoittautumista, avoin tilaisuus.<\/p>\n<p><strong>SEMINAARIN MAJOITUS<\/strong><br \/>\nMajoittuminen tapahtuu Turun Omenahotellissa (Humalistonkatu 7, 20100 Turku), josta on mahdollista saada j\u00e4rjest\u00e4jien varauksen kautta paikka nelj\u00e4n hengen huoneesta ainoastaan kahdeksi y\u00f6ksi.<br \/>\nHuoneen hinta on noin 40-50\u20ac per henkil\u00f6\/kaksi y\u00f6t\u00e4. Tarkempi hinta m\u00e4\u00e4rittyy viimeisen ilmoittautumisp\u00e4iv\u00e4n j\u00e4lkeen.<\/p>\n<p>Ilmoittautumisen alkaminen j\u00e4rjest\u00e4jien organisoimaan majoitukseen kerrotaan my\u00f6hemmin. Ilmoittautuminen majoitukseen on sitova. Tarkemmat tiedot majoituksen maksamisesta julkaistaan ilmoittautumisen alkaessa.<\/p>\n<p><strong>YHTEYSTIEDOT<\/strong><br \/>\nKaikki tiedustelut koskien Holin kev\u00e4tseminaaria 2019 ja sen tapahtumia voi l\u00e4hett\u00e4\u00e4 seminaarin omaan s\u00e4hk\u00f6postiosoitteeseen: holsemmaturku19@gmail.com<\/p>\n","protected":false},"excerpt":{"rendered":"<p>Ny se o varmaa! Historian opiskelijat ymp\u00e4ri Suomea ottavat yhteisen varasl\u00e4hd\u00f6n kev\u00e4\u00e4n 2019 eduskuntavaaleihin saapumalla Turkuun 15.-17.3.2019 Historian Opiskelijain Liiton kev\u00e4tseminaariin. Tapahtuman p\u00e4\u00e4j\u00e4rjest\u00e4j\u00e4n\u00e4 toimii Turun yliopiston Politiikan tutkimuksen klubi ry eli P-klubi, joka eduskuntavaalit-teemaisella seminaarillaan tutustuttaa meid\u00e4t politiikan tutkimuksen maailmaan. Seminaarin j\u00e4rjest\u00e4misess\u00e4 on my\u00f6s mukana Kritiikki ry. Kev\u00e4tseminaarin ohjelma jakautuu perinteisesti kolmelle eri p\u00e4iv\u00e4lle seuraavalla &hellip; <\/p>\n<p><a class=\"more-link btn\" href=\"https:\/\/hol.fi\/?page_id=2949\">Jatka lukemista<\/a><\/p>\n","protected":false},"author":1,"featured_media":0,"parent":3132,"menu_order":1,"comment_status":"closed","ping_status":"closed","template":"","meta":{"footnotes":""},"_links":{"self":[{"href":"https:\/\/hol.fi\/index.php?rest_route=\/wp\/v2\/pages\/2949"}],"collection":[{"href":"https:\/\/hol.fi\/index.php?rest_route=\/wp\/v2\/pages"}],"about":[{"href":"https:\/\/hol.fi\/index.php?rest_route=\/wp\/v2\/types\/page"}],"author":[{"embeddable":true,"href":"https:\/\/hol.fi\/index.php?rest_route=\/wp\/v2\/users\/1"}],"replies":[{"embeddable":true,"href":"https:\/\/hol.fi\/index.php?rest_route=%2Fwp%2Fv2%2Fcomments&post=2949"}],"version-history":[{"count":4,"href":"https:\/\/hol.fi\/index.php?rest_route=\/wp\/v2\/pages\/2949\/revisions"}],"predecessor-version":[{"id":3136,"href":"https:\/\/hol.fi\/index.php?rest_route=\/wp\/v2\/pages\/2949\/revisions\/3136"}],"up":[{"embeddable":true,"href":"https:\/\/hol.fi\/index.php?rest_route=\/wp\/v2\/pages\/3132"}],"wp:attachment":[{"href":"https:\/\/hol.fi\/index.php?rest_route=%2Fwp%2Fv2%2Fmedia&parent=2949"}],"curies":[{"name":"wp","href":"https:\/\/api.w.org\/{rel}","templated":true}]}}