{"id":306,"date":"2013-04-17T17:26:18","date_gmt":"2013-04-17T14:26:18","guid":{"rendered":"http:\/\/historianopiskelijainliitto.com\/?page_id=306"},"modified":"2019-05-06T14:35:04","modified_gmt":"2019-05-06T11:35:04","slug":"syysseminaari-turussa-2011","status":"publish","type":"page","link":"https:\/\/hol.fi\/?page_id=306","title":{"rendered":"Syysseminaari Turussa 2011"},"content":{"rendered":"<h2><strong>OPISKELIJAVAIKUTTAMISEN HISTORIA JA NYKYP\u00c4IV\u00c4<\/strong><\/h2>\n<h2><strong>HOL:n syysseminaari Turussa lauantaina 19.11.<\/strong><\/h2>\n<p>Seminaarin aikataulu:<br \/>\n10:00 <strong>Luennot<\/strong>:\u00a0 (luentosali EDU2, Assistentinkatu 5)<\/p>\n<p><strong>Ruokailu<\/strong> ja siirtyminen ylioppilastaloille<\/p>\n<p>13:15 &#8211; 15:00 <strong>Workshopit<\/strong> (Ylioppilastalo A, 2.krs, Rehtorinpellonkatu 4)<\/p>\n<p>Jokainen valitsee paikan p\u00e4\u00e4ll\u00e4 itselleen mieleisimm\u00e4n workshopin alla olevista vaihtoehdoista:<\/p>\n<p><strong>Ryhm\u00e4 I: Kansainv\u00e4lisyys<\/strong><\/p>\n<p>Yliopistojen menestyst\u00e4 vertaillaan kansainv\u00e4lisesti. Suomi on pieni kielialue. Harjoittelu ulkomailla n\u00e4tt\u00e4\u00e4 hyv\u00e4lt\u00e4 CV:ss\u00e4. Kaikki n\u00e4m\u00e4 luovat tarvetta kansainv\u00e4listymiseen. Kansainv\u00e4lisyys on in, mutta onko sille muita vaihtoehtoja kuin vaihto-opiskelu? Muualta saapuvat vaihto-opiskelijat voivat el\u00e4v\u00f6itt\u00e4\u00e4 historian opiskelua Suomalaisissa yliopistoissa. Mutta miten heid\u00e4t saadaan mukaan ainej\u00e4rjest\u00f6jen toimintaan? ISHA j\u00e4rjest\u00e4\u00e4 puolestaan Euroopassa vuosittain useita seminaareja historian opiskelijoille. Tule siis keskustelemaan ja jakamaan kokemuksia kansainv\u00e4listymisest\u00e4.<\/p>\n<p><strong>Ryhm\u00e4 II: Ainej\u00e4rjest\u00f6t ja laitokset<\/strong><\/p>\n<p>Miten ainej\u00e4rjest\u00f6jen ja laitosten v\u00e4list\u00e4 yhteisty\u00f6t\u00e4 voisi kehitt\u00e4\u00e4? Palautteenanto, vaikutus henkil\u00f6valintoihin ja opetussuunnitelmiin sek\u00e4 vaikutuskanavien luominen ovat olennaista, mutta usein v\u00e4h\u00e4lle huomiolle j\u00e4\u00e4v\u00e4\u00e4 koulutuspolitiikkaa. Virallisen toiminnan ohella j\u00e4rjestetyt tutustumisillat ja henkil\u00f6kunnan kutsuminen opiskelijatapahtumiin taas luovat siltaa laitoksen ja opiskelijoiden v\u00e4lille ja madaltavat etenkin uusien opiskelijoiden kynnyst\u00e4 henkil\u00f6kunnan kanssa toimimiseen, ja vahvistavat siten yliopistoa tasa-arvoisten tutkijoiden yhteis\u00f6n\u00e4. Tule jakamaan j\u00e4rjest\u00f6si hyvi\u00e4 toimintamalleja ja oppimaan uusia tapoja vaikuttaa.<\/p>\n<p><strong>Ryhm\u00e4 III: Opiskelijan vastuu<\/strong><\/p>\n<p>Riitt\u00e4\u00e4k\u00f6 nyky-yliopistossa paikalle ilmestyminen, vai onko opiskelijalla vastuu huolehtia itse omasta sivist\u00e4misest\u00e4\u00e4n? Miten vapaaehtoisia opinto- ja lukupiirej\u00e4 saadaan alulle, organisoidaan ja toteutetaan? Onko luentokurssin ja kirjantentin rinnalle mahdollista tuoda my\u00f6s uusia, ehk\u00e4 monipuolisempia suoritus- ja oppimistapoja? Pit\u00e4\u00e4k\u00f6 ylim\u00e4\u00e4r\u00e4isest\u00e4 opiskelusta saada ylim\u00e4\u00e4r\u00e4isi\u00e4 pisteit\u00e4, vai riitt\u00e4\u00e4k\u00f6 ylim\u00e4\u00e4r\u00e4inen oppi ja ymm\u00e4rrys palkinnoksi opiskelijalle? Voisiko ainej\u00e4rjest\u00f6 tukea opiskelijaseminaaria, tiedep\u00e4iv\u00e4\u00e4 tai opiskelijoiden omia akateemisia julkaisuja? Ryhm\u00e4ss\u00e4 pohditaan n\u00e4it\u00e4 ja muita opiskelijan vastuuseen ja monipuoliseen opiskeluun liittyvi\u00e4 kysymyksi\u00e4.<\/p>\n<p>Lis\u00e4ksi workshopien yhteydess\u00e4 seminaarivieraita palvelee <strong>Akavan Erityisalojen<\/strong> standi, josta on saatavilla ajankohtaista informaatiota ty\u00f6el\u00e4m\u00e4\u00e4n liittyviss\u00e4 kysymyksiss\u00e4.<\/p>\n<p>Workshopien yhteydess\u00e4 kahvitarjoilu.<\/p>\n<p>16:15 <strong>HOL ry:n ylim\u00e4\u00e4r\u00e4inen liittokokous<\/strong><\/p>\n<p>17:00 <strong>HOL ry:n hallituksen kokous<\/strong><\/p>\n<p>18:00 Iltaohjelmaa <strong>Keltaisella talolla<\/strong><\/p>\n<p><a href=\"http:\/\/historianopiskelijainliitto.com\/wp-content\/uploads\/2013\/04\/Syysseminaarin-juliste.jpg\"><img loading=\"lazy\" decoding=\"async\" class=\"size-medium wp-image-376 aligncenter\" alt=\"Syysseminaarin juliste\" src=\"http:\/\/historianopiskelijainliitto.com\/wp-content\/uploads\/2013\/04\/Syysseminaarin-juliste-212x300.jpg\" width=\"212\" height=\"300\" srcset=\"https:\/\/hol.fi\/wp-content\/uploads\/2013\/04\/Syysseminaarin-juliste-212x300.jpg 212w, https:\/\/hol.fi\/wp-content\/uploads\/2013\/04\/Syysseminaarin-juliste-723x1024.jpg 723w, https:\/\/hol.fi\/wp-content\/uploads\/2013\/04\/Syysseminaarin-juliste.jpg 842w\" sizes=\"(max-width: 212px) 100vw, 212px\" \/><\/a><\/p>\n","protected":false},"excerpt":{"rendered":"<p>OPISKELIJAVAIKUTTAMISEN HISTORIA JA NYKYP\u00c4IV\u00c4 HOL:n syysseminaari Turussa lauantaina 19.11. Seminaarin aikataulu: 10:00 Luennot:\u00a0 (luentosali EDU2, Assistentinkatu 5) Ruokailu ja siirtyminen ylioppilastaloille 13:15 &#8211; 15:00 Workshopit (Ylioppilastalo A, 2.krs, Rehtorinpellonkatu 4) Jokainen valitsee paikan p\u00e4\u00e4ll\u00e4 itselleen mieleisimm\u00e4n workshopin alla olevista vaihtoehdoista: Ryhm\u00e4 I: Kansainv\u00e4lisyys Yliopistojen menestyst\u00e4 vertaillaan kansainv\u00e4lisesti. Suomi on pieni kielialue. Harjoittelu ulkomailla n\u00e4tt\u00e4\u00e4 hyv\u00e4lt\u00e4 &hellip; <\/p>\n<p><a class=\"more-link btn\" href=\"https:\/\/hol.fi\/?page_id=306\">Jatka lukemista<\/a><\/p>\n","protected":false},"author":1,"featured_media":0,"parent":3132,"menu_order":15,"comment_status":"open","ping_status":"closed","template":"","meta":{"footnotes":""},"_links":{"self":[{"href":"https:\/\/hol.fi\/index.php?rest_route=\/wp\/v2\/pages\/306"}],"collection":[{"href":"https:\/\/hol.fi\/index.php?rest_route=\/wp\/v2\/pages"}],"about":[{"href":"https:\/\/hol.fi\/index.php?rest_route=\/wp\/v2\/types\/page"}],"author":[{"embeddable":true,"href":"https:\/\/hol.fi\/index.php?rest_route=\/wp\/v2\/users\/1"}],"replies":[{"embeddable":true,"href":"https:\/\/hol.fi\/index.php?rest_route=%2Fwp%2Fv2%2Fcomments&post=306"}],"version-history":[{"count":12,"href":"https:\/\/hol.fi\/index.php?rest_route=\/wp\/v2\/pages\/306\/revisions"}],"predecessor-version":[{"id":308,"href":"https:\/\/hol.fi\/index.php?rest_route=\/wp\/v2\/pages\/306\/revisions\/308"}],"up":[{"embeddable":true,"href":"https:\/\/hol.fi\/index.php?rest_route=\/wp\/v2\/pages\/3132"}],"wp:attachment":[{"href":"https:\/\/hol.fi\/index.php?rest_route=%2Fwp%2Fv2%2Fmedia&parent=306"}],"curies":[{"name":"wp","href":"https:\/\/api.w.org\/{rel}","templated":true}]}}