{"id":3123,"date":"2019-05-06T14:01:44","date_gmt":"2019-05-06T11:01:44","guid":{"rendered":"http:\/\/hol.fi\/?page_id=3123"},"modified":"2025-02-26T18:05:08","modified_gmt":"2025-02-26T16:05:08","slug":"holin-seminaarit","status":"publish","type":"page","link":"https:\/\/hol.fi\/?page_id=3123","title":{"rendered":"Holin seminaarit"},"content":{"rendered":"\n<p>Historian Opiskelijain Liiton\ntoiminnan n\u00e4kyvimm\u00e4n osan muodostavat vuosittain eri kaupungeissa\nj\u00e4rjestett\u00e4v\u00e4t <em>syys- ja kev\u00e4tseminaarit<\/em>, joiden tarkoituksena on\nesitell\u00e4 j\u00e4senist\u00f6lle jotakin&nbsp;historiantutkimuksen aihepiiri\u00e4 tai teemaa\nsek\u00e4 usein esitell\u00e4 j\u00e4rjest\u00e4j\u00e4kaupungin erityisosaamista t\u00e4ll\u00e4 saralla.\nSeminaareissa on usein l\u00e4sn\u00e4 my\u00f6s liiton yhteisty\u00f6kumppaneita, kuten\nammattiliittoja, jotka tarjoavat historian opiskelijoita hy\u00f6dytt\u00e4v\u00e4\u00e4\nty\u00f6el\u00e4m\u00e4tietoutta. Varsinaisen akateemisen osan lis\u00e4ksi seminaarit sis\u00e4lt\u00e4v\u00e4t\nrentoa tutustumista toisiin historian opiskelijoihin ja heid\u00e4n\nopiskeluymp\u00e4rist\u00f6ihins\u00e4.<\/p>\n\n\n<div class=\"wp-block-image\">\n<figure class=\"alignleft is-resized\"><img loading=\"lazy\" decoding=\"async\" width=\"2448\" height=\"2448\" src=\"http:\/\/hol.fi\/wp-content\/uploads\/2016\/08\/Tampereen-semma-kev\u00e4t-2016-1-e1471762962187.jpg\" alt=\"\" class=\"wp-image-1800\" style=\"width:280px;height:280px\" srcset=\"https:\/\/hol.fi\/wp-content\/uploads\/2016\/08\/Tampereen-semma-kev\u00e4t-2016-1-e1471762962187.jpg 2448w, https:\/\/hol.fi\/wp-content\/uploads\/2016\/08\/Tampereen-semma-kev\u00e4t-2016-1-e1471762962187-150x150.jpg 150w, https:\/\/hol.fi\/wp-content\/uploads\/2016\/08\/Tampereen-semma-kev\u00e4t-2016-1-e1471762962187-300x300.jpg 300w\" sizes=\"(max-width: 2448px) 100vw, 2448px\" \/><\/figure><\/div>\n\n\n<p>J\u00e4senj\u00e4rjest\u00f6jen opiskelijoiden lis\u00e4ksi my\u00f6s muut\nnykyiset ja entiset historian opiskelijat sek\u00e4 historiatieteen harrastajat ovat\ntervetulleita liiton seminaareihin.<\/p>\n\n\n\n<p>Seminaarin aiheesta, sis\u00e4ll\u00f6st\u00e4 ja k\u00e4yt\u00e4nn\u00f6n\nj\u00e4rjestelyist\u00e4 p\u00e4\u00e4tt\u00e4\u00e4 j\u00e4rjest\u00e4j\u00e4kaupungin ainej\u00e4rjest\u00f6(t) parhaaksi katsomallaan\ntavalla. Liitolla on tapana tukea seminaaria taloudellisesti.&nbsp;Vakiintuneen\nkiertoj\u00e4rjestyksen mukaan kev\u00e4tseminaarin j\u00e4rjest\u00e4\u00e4&nbsp;puheenjohtajuudestaan\nluopuva kaupunki ja&nbsp;syysseminaarin toteuttaa liiton tuleva\npuheenjohtajakaupunki. Puheenjohtajavastuun saava kaupunki ik\u00e4\u00e4n kuin esittelee\nitsens\u00e4 j\u00e4senist\u00f6lle syysseminaarissa ja puheenjohtajuutensa luovuttava\nkaupunki p\u00e4\u00e4tt\u00e4\u00e4 kautensa kev\u00e4tseminaarissa. Syysseminaarin j\u00e4rjest\u00e4j\u00e4kaupunki\nottaa puheenjohtajavastuun itselleen kev\u00e4tseminaarissa j\u00e4rjestett\u00e4v\u00e4ss\u00e4 liiton\nvuosikokouksessa.<\/p>\n\n\n\n<p><strong>Holin\ntulevat puheenjohtajakaupungit ja seminaarit:&nbsp;<\/strong><\/p>\n\n\n\n<figure class=\"wp-block-table\"><table><tbody><tr><td>\n  <strong>Puheenjohtajakaupunki<\/strong>\n  <\/td><td>\n  <strong>Kev\u00e4tseminaari<\/strong>\n  <\/td><td>\n  <strong>Syysseminaari<\/strong>\n  <\/td><\/tr><tr><td>Helsinki 2020<\/td><td>Jyv\u00e4skyl\u00e4<\/td><td>Oulu<\/td><\/tr><tr><td>Oulu 2021<\/td><td>Helsinki<\/td><td>Joensuu<\/td><\/tr><tr><td>Joensuu 2022<\/td><td>Oulu<\/td><td>Tampere<\/td><\/tr><tr><td>Tampere 2023<\/td><td>Joensuu<\/td><td>Turku<\/td><\/tr><tr><td>Turku 2024<\/td><td>Tampere<\/td><td>Jyv\u00e4skyl\u00e4<\/td><\/tr><tr><td>Jyv\u00e4skyl\u00e4 2025<\/td><td>Turku<\/td><td>Oulu<\/td><\/tr><\/tbody><\/table><\/figure>\n\n\n\n<p><\/p>\n","protected":false},"excerpt":{"rendered":"<p>Historian Opiskelijain Liiton toiminnan n\u00e4kyvimm\u00e4n osan muodostavat vuosittain eri kaupungeissa j\u00e4rjestett\u00e4v\u00e4t syys- ja kev\u00e4tseminaarit, joiden tarkoituksena on esitell\u00e4 j\u00e4senist\u00f6lle jotakin&nbsp;historiantutkimuksen aihepiiri\u00e4 tai teemaa sek\u00e4 usein esitell\u00e4 j\u00e4rjest\u00e4j\u00e4kaupungin erityisosaamista t\u00e4ll\u00e4 saralla. Seminaareissa on usein l\u00e4sn\u00e4 my\u00f6s liiton yhteisty\u00f6kumppaneita, kuten ammattiliittoja, jotka tarjoavat historian opiskelijoita hy\u00f6dytt\u00e4v\u00e4\u00e4 ty\u00f6el\u00e4m\u00e4tietoutta. Varsinaisen akateemisen osan lis\u00e4ksi seminaarit sis\u00e4lt\u00e4v\u00e4t rentoa tutustumista toisiin historian &hellip; <\/p>\n<p><a class=\"more-link btn\" href=\"https:\/\/hol.fi\/?page_id=3123\">Jatka lukemista<\/a><\/p>\n","protected":false},"author":2,"featured_media":0,"parent":2825,"menu_order":0,"comment_status":"open","ping_status":"closed","template":"","meta":{"footnotes":""},"_links":{"self":[{"href":"https:\/\/hol.fi\/index.php?rest_route=\/wp\/v2\/pages\/3123"}],"collection":[{"href":"https:\/\/hol.fi\/index.php?rest_route=\/wp\/v2\/pages"}],"about":[{"href":"https:\/\/hol.fi\/index.php?rest_route=\/wp\/v2\/types\/page"}],"author":[{"embeddable":true,"href":"https:\/\/hol.fi\/index.php?rest_route=\/wp\/v2\/users\/2"}],"replies":[{"embeddable":true,"href":"https:\/\/hol.fi\/index.php?rest_route=%2Fwp%2Fv2%2Fcomments&post=3123"}],"version-history":[{"count":6,"href":"https:\/\/hol.fi\/index.php?rest_route=\/wp\/v2\/pages\/3123\/revisions"}],"predecessor-version":[{"id":44717,"href":"https:\/\/hol.fi\/index.php?rest_route=\/wp\/v2\/pages\/3123\/revisions\/44717"}],"up":[{"embeddable":true,"href":"https:\/\/hol.fi\/index.php?rest_route=\/wp\/v2\/pages\/2825"}],"wp:attachment":[{"href":"https:\/\/hol.fi\/index.php?rest_route=%2Fwp%2Fv2%2Fmedia&parent=3123"}],"curies":[{"name":"wp","href":"https:\/\/api.w.org\/{rel}","templated":true}]}}