{"id":3132,"date":"2019-05-06T14:31:17","date_gmt":"2019-05-06T11:31:17","guid":{"rendered":"http:\/\/hol.fi\/?page_id=3132"},"modified":"2024-08-30T14:52:48","modified_gmt":"2024-08-30T11:52:48","slug":"menneet-seminaarit","status":"publish","type":"page","link":"https:\/\/hol.fi\/?page_id=3132","title":{"rendered":"Menneet seminaarit"},"content":{"rendered":"\n<p><\/p>\n\n\n\n<p><\/p>\n\n\n\n<p><\/p>\n\n\n\n<p>Kev\u00e4tseminaari 2024 Tampereella, aiheena sateenkaarihistoria<\/p>\n\n\n\n<p>Syysseminaari 2023 Turussa, aiheena esoteria<br>Kev\u00e4tseminaari 2023 Joensuussa, aiheena urheilun historia<\/p>\n\n\n\n<p>Syysseminaari 2022 Tampereella, aiheena hurvittelun historia<br>Kev\u00e4tseminaari 2022 Oulussa, aiheena ymp\u00e4rist\u00f6historia<\/p>\n\n\n\n<p>Syysseminaari Joensuussa  2021, aiheena rikoshistoria<br>Kev\u00e4twebinaari Helsingiss\u00e4 2021, aiheena kriisit<br><br>Syyswebinaari Oulussa 2020, aiheena mielenterveyden historia<br>Kev\u00e4tseminaari Jyv\u00e4skyl\u00e4ss\u00e4 2020 (peruttu koronatilanteen johdosta)<\/p>\n\n\n\n<p><a href=\"http:\/\/hol.fi\/?page_id=3211\">Syysseminaari Helsingiss\u00e4 2019<\/a>, aiheena kansainv\u00e4linen diplomatia<a href=\"http:\/\/hol.fi\/?page_id=3211\"><br><\/a><a href=\"http:\/\/hol.fi\/?page_id=2949\">Kev\u00e4tseminaari Turussa 2019<\/a>, aiheena vaalien historia<\/p>\n\n\n\n<p><a href=\"http:\/\/hol.fi\/?page_id=2642\">Syysseminaari Tampereella 2018<\/a>, aiheena sis\u00e4llissodat<br><a href=\"http:\/\/hol.fi\/?page_id=2333\">Kev\u00e4tseminaari Jyv\u00e4skyl\u00e4ss\u00e4 2018<\/a>, aiheena alkoholi<\/p>\n\n\n\n<p><a href=\"http:\/\/hol.fi\/?page_id=2218\">Syysseminaari Turussa 2017<\/a>, aiheena tunteiden historia<a href=\"http:\/\/hol.fi\/?page_id=2218\"><br><\/a><a href=\"http:\/\/hol.fi\/?page_id=2116\">Kev\u00e4tseminaari Joensuussa 2017<\/a>, aiheena Suomi sodassa<\/p>\n\n\n\n<p><a href=\"http:\/\/hol.fi\/?page_id=1673\">Syysseminaari Oulussa 2016<\/a>, aiheena Aasian historia<br><a href=\"http:\/\/hol.fi\/?page_id=1757\">Kev\u00e4tseminaari Tampereella 2016<\/a><\/p>\n\n\n\n<p><a href=\"http:\/\/hol.fi\/?page_id=1755\">Syysseminaari Joensuussa 2015<br><\/a><a href=\"http:\/\/hol.fi\/?page_id=1649\">Kev\u00e4tseminaari Helsingiss\u00e4 2015<\/a><\/p>\n\n\n\n<p><a href=\"http:\/\/hol.fi\/?page_id=1504\">Syysseminaari Oulussa 2014<br><\/a><a href=\"http:\/\/hol.fi\/?page_id=1322\">Kev\u00e4tseminaari Jyv\u00e4skyl\u00e4ss\u00e4 2014<br><\/a><br><a href=\"http:\/\/hol.fi\/?page_id=194\">Syysseminaari Helsingiss\u00e4 2013<br><\/a><a href=\"http:\/\/hol.fi\/?page_id=252\">Kev\u00e4tseminaari Turussa 2013<\/a><\/p>\n\n\n\n<p><a href=\"http:\/\/hol.fi\/?page_id=264\">Syysseminaari Jyv\u00e4skyl\u00e4ss\u00e4 2012<br><\/a><a href=\"http:\/\/hol.fi\/?page_id=276\">Kev\u00e4tseminaari Tampereella 2012<\/a><\/p>\n\n\n\n<p><a href=\"http:\/\/hol.fi\/?page_id=306\">Syysseminaari Turussa 2011<br><\/a><a href=\"http:\/\/hol.fi\/?page_id=314\">Kev\u00e4tseminaari Joensuussa 2011<br><\/a><br><a href=\"http:\/\/hol.fi\/?page_id=320\">Syysseminaari Tampereella 2010<br><\/a><a href=\"http:\/\/hol.fi\/?page_id=335\">Kev\u00e4tseminaari Oulussa 2010<br><\/a><br><a href=\"http:\/\/hol.fi\/?page_id=341\">Syysseminaari Joensuussa 2009<br><\/a><a href=\"http:\/\/hol.fi\/?page_id=337\">Kev\u00e4tseminaari Helsingiss\u00e4 2009<br><\/a><br><a href=\"http:\/\/hol.fi\/?page_id=350\">Syysseminaari Oulussa 2008<br><\/a><a href=\"http:\/\/hol.fi\/?page_id=354\">Kev\u00e4tseminaari Jyv\u00e4skyl\u00e4ss\u00e4 2008 <br><\/a><br><a href=\"http:\/\/hol.fi\/?page_id=360\">Syysseminaari Helsingiss\u00e4 2007<br><\/a><a href=\"http:\/\/hol.fi\/?page_id=366\">Kev\u00e4tseminaari Turussa 2007<\/a><\/p>\n\n\n\n<p><a href=\"http:\/\/hol.fi\/?page_id=373\">Syysseminaari Jyv\u00e4skyl\u00e4ss\u00e4 2006<br><\/a><a href=\"http:\/\/hol.fi\/?page_id=2333\"><br><\/a><br><br><\/p>\n","protected":false},"excerpt":{"rendered":"<p>Kev\u00e4tseminaari 2024 Tampereella, aiheena sateenkaarihistoria Syysseminaari 2023 Turussa, aiheena esoteriaKev\u00e4tseminaari 2023 Joensuussa, aiheena urheilun historia Syysseminaari 2022 Tampereella, aiheena hurvittelun historiaKev\u00e4tseminaari 2022 Oulussa, aiheena ymp\u00e4rist\u00f6historia Syysseminaari Joensuussa 2021, aiheena rikoshistoriaKev\u00e4twebinaari Helsingiss\u00e4 2021, aiheena kriisit Syyswebinaari Oulussa 2020, aiheena mielenterveyden historiaKev\u00e4tseminaari Jyv\u00e4skyl\u00e4ss\u00e4 2020 (peruttu koronatilanteen johdosta) Syysseminaari Helsingiss\u00e4 2019, aiheena kansainv\u00e4linen diplomatiaKev\u00e4tseminaari Turussa 2019, aiheena vaalien &hellip; <\/p>\n<p><a class=\"more-link btn\" href=\"https:\/\/hol.fi\/?page_id=3132\">Jatka lukemista<\/a><\/p>\n","protected":false},"author":2,"featured_media":0,"parent":3123,"menu_order":0,"comment_status":"open","ping_status":"closed","template":"","meta":{"footnotes":""},"_links":{"self":[{"href":"https:\/\/hol.fi\/index.php?rest_route=\/wp\/v2\/pages\/3132"}],"collection":[{"href":"https:\/\/hol.fi\/index.php?rest_route=\/wp\/v2\/pages"}],"about":[{"href":"https:\/\/hol.fi\/index.php?rest_route=\/wp\/v2\/types\/page"}],"author":[{"embeddable":true,"href":"https:\/\/hol.fi\/index.php?rest_route=\/wp\/v2\/users\/2"}],"replies":[{"embeddable":true,"href":"https:\/\/hol.fi\/index.php?rest_route=%2Fwp%2Fv2%2Fcomments&post=3132"}],"version-history":[{"count":14,"href":"https:\/\/hol.fi\/index.php?rest_route=\/wp\/v2\/pages\/3132\/revisions"}],"predecessor-version":[{"id":44643,"href":"https:\/\/hol.fi\/index.php?rest_route=\/wp\/v2\/pages\/3132\/revisions\/44643"}],"up":[{"embeddable":true,"href":"https:\/\/hol.fi\/index.php?rest_route=\/wp\/v2\/pages\/3123"}],"wp:attachment":[{"href":"https:\/\/hol.fi\/index.php?rest_route=%2Fwp%2Fv2%2Fmedia&parent=3132"}],"curies":[{"name":"wp","href":"https:\/\/api.w.org\/{rel}","templated":true}]}}