{"id":320,"date":"2013-04-17T18:04:07","date_gmt":"2013-04-17T15:04:07","guid":{"rendered":"http:\/\/historianopiskelijainliitto.com\/?page_id=320"},"modified":"2019-05-06T14:35:20","modified_gmt":"2019-05-06T11:35:20","slug":"syysseminaari-tampereella-2010","status":"publish","type":"page","link":"https:\/\/hol.fi\/?page_id=320","title":{"rendered":"Syysseminaari Tampereella 2010"},"content":{"rendered":"<h2><strong>Poliittisesti korrektia historiaa?<\/strong><\/h2>\n<h2><strong>HOL-seminaari 9.10.2010 Tampereella<\/strong><\/h2>\n<p><a href=\"http:\/\/historianopiskelijainliitto.com\/wp-content\/uploads\/2013\/04\/syyskuuta-ja-lokakuuta-2010-068-pieni.jpg\"><img loading=\"lazy\" decoding=\"async\" class=\"alignnone  wp-image-331\" alt=\"syyskuuta ja lokakuuta 2010 068 pieni\" src=\"http:\/\/historianopiskelijainliitto.com\/wp-content\/uploads\/2013\/04\/syyskuuta-ja-lokakuuta-2010-068-pieni-300x136.jpg\" width=\"270\" height=\"122\" srcset=\"https:\/\/hol.fi\/wp-content\/uploads\/2013\/04\/syyskuuta-ja-lokakuuta-2010-068-pieni-300x136.jpg 300w, https:\/\/hol.fi\/wp-content\/uploads\/2013\/04\/syyskuuta-ja-lokakuuta-2010-068-pieni.jpg 600w\" sizes=\"(max-width: 270px) 100vw, 270px\" \/><\/a> <a href=\"http:\/\/historianopiskelijainliitto.com\/wp-content\/uploads\/2013\/04\/syyskuuta-ja-lokakuuta-2010-072-pieni.jpg\"><img loading=\"lazy\" decoding=\"async\" class=\"alignnone  wp-image-332\" alt=\"syyskuuta ja lokakuuta 2010 072 pieni\" src=\"http:\/\/historianopiskelijainliitto.com\/wp-content\/uploads\/2013\/04\/syyskuuta-ja-lokakuuta-2010-072-pieni-300x139.jpg\" width=\"270\" height=\"125\" srcset=\"https:\/\/hol.fi\/wp-content\/uploads\/2013\/04\/syyskuuta-ja-lokakuuta-2010-072-pieni-300x139.jpg 300w, https:\/\/hol.fi\/wp-content\/uploads\/2013\/04\/syyskuuta-ja-lokakuuta-2010-072-pieni.jpg 600w\" sizes=\"(max-width: 270px) 100vw, 270px\" \/><\/a><\/p>\n<p>Tampereen yliopiston p\u00e4\u00e4talon luentosali D11, D-osan toisessa kerroksessa. Osoitteessa Kalevantie 4.<\/p>\n<p>Lauantai 9.10.<\/p>\n<p>10.15: <strong>Avajaissanat laitoksen johtaja <\/strong>Christian Kr\u00f6tzl<br \/>\n10.30: Jaakko H\u00e4meen-Anttila: <strong>Eurosentrinen historiak\u00e4sitys<\/strong><br \/>\n11.15: Pekka Masonen: <strong>Nostalgia on historian pahin vihollinen<\/strong><\/p>\n<p>12.00-13.00: <strong>Ruokailu<\/strong> (Opiskelijaravintola Juvenes on auki)<br \/>\n13.00-13.15: <strong>Kahvi<\/strong><\/p>\n<p>13.15-14.00: Irma Sulkunen: <strong>Kansallisen historian rajat ja rajanylitykset<\/strong><br \/>\n14.00-14.30: <strong>Akavan Erityisalat esitt\u00e4ytyy.<\/strong> Puhumassa Salla Heikkinen Taide- ja<br \/>\nkulttuurialan ammattij\u00e4rjest\u00f6 Takusta.<br \/>\n14.30~16.00: Paneelikeskustelu aiheesta <strong>politiikka yliopistossa ja opiskelussa.<\/strong><br \/>\nOsallistujina mm. Mikko Lahtinen, Jari J\u00e4rvenp\u00e4\u00e4 ja Aino Katermaa.<\/p>\n<p>17.00 &#8211; 19.00 <strong>Hallituksen kokous ja liiton ylim\u00e4\u00e4r\u00e4inen kokous<\/strong> Gastropub Nordic.<\/p>\n<p style=\"text-align: center;\"><strong>Iltaohjelmana<\/strong> tietenkin bileet, jossa mahdollinen poliittinen debatointi jatkukoon!<br \/>\nJuhlat j\u00e4rjestet\u00e4\u00e4n Boomilaaksossa klo 19.00 alkaen, osoitteessa Vuolteenkatu 20.<\/p>\n<p><a href=\"http:\/\/historianopiskelijainliitto.com\/wp-content\/uploads\/2013\/04\/poliittisestiMuokattu.jpg\"><img loading=\"lazy\" decoding=\"async\" class=\"size-medium wp-image-329 aligncenter\" alt=\"poliittisesti(Muokattu)\" src=\"http:\/\/historianopiskelijainliitto.com\/wp-content\/uploads\/2013\/04\/poliittisestiMuokattu-211x300.jpg\" width=\"211\" height=\"300\" srcset=\"https:\/\/hol.fi\/wp-content\/uploads\/2013\/04\/poliittisestiMuokattu-211x300.jpg 211w, https:\/\/hol.fi\/wp-content\/uploads\/2013\/04\/poliittisestiMuokattu.jpg 452w\" sizes=\"(max-width: 211px) 100vw, 211px\" \/><\/a><\/p>\n","protected":false},"excerpt":{"rendered":"<p>Poliittisesti korrektia historiaa? HOL-seminaari 9.10.2010 Tampereella Tampereen yliopiston p\u00e4\u00e4talon luentosali D11, D-osan toisessa kerroksessa. Osoitteessa Kalevantie 4. Lauantai 9.10. 10.15: Avajaissanat laitoksen johtaja Christian Kr\u00f6tzl 10.30: Jaakko H\u00e4meen-Anttila: Eurosentrinen historiak\u00e4sitys 11.15: Pekka Masonen: Nostalgia on historian pahin vihollinen 12.00-13.00: Ruokailu (Opiskelijaravintola Juvenes on auki) 13.00-13.15: Kahvi 13.15-14.00: Irma Sulkunen: Kansallisen historian rajat ja rajanylitykset 14.00-14.30: &hellip; <\/p>\n<p><a class=\"more-link btn\" href=\"https:\/\/hol.fi\/?page_id=320\">Jatka lukemista<\/a><\/p>\n","protected":false},"author":1,"featured_media":0,"parent":3132,"menu_order":17,"comment_status":"open","ping_status":"closed","template":"","meta":{"footnotes":""},"_links":{"self":[{"href":"https:\/\/hol.fi\/index.php?rest_route=\/wp\/v2\/pages\/320"}],"collection":[{"href":"https:\/\/hol.fi\/index.php?rest_route=\/wp\/v2\/pages"}],"about":[{"href":"https:\/\/hol.fi\/index.php?rest_route=\/wp\/v2\/types\/page"}],"author":[{"embeddable":true,"href":"https:\/\/hol.fi\/index.php?rest_route=\/wp\/v2\/users\/1"}],"replies":[{"embeddable":true,"href":"https:\/\/hol.fi\/index.php?rest_route=%2Fwp%2Fv2%2Fcomments&post=320"}],"version-history":[{"count":10,"href":"https:\/\/hol.fi\/index.php?rest_route=\/wp\/v2\/pages\/320\/revisions"}],"predecessor-version":[{"id":325,"href":"https:\/\/hol.fi\/index.php?rest_route=\/wp\/v2\/pages\/320\/revisions\/325"}],"up":[{"embeddable":true,"href":"https:\/\/hol.fi\/index.php?rest_route=\/wp\/v2\/pages\/3132"}],"wp:attachment":[{"href":"https:\/\/hol.fi\/index.php?rest_route=%2Fwp%2Fv2%2Fmedia&parent=320"}],"curies":[{"name":"wp","href":"https:\/\/api.w.org\/{rel}","templated":true}]}}