{"id":3242,"date":"2019-11-12T13:15:54","date_gmt":"2019-11-12T11:15:54","guid":{"rendered":"http:\/\/hol.fi\/?page_id=3242"},"modified":"2026-03-01T18:21:29","modified_gmt":"2026-03-01T16:21:29","slug":"rekisteri-ja-tietosuojaseloste","status":"publish","type":"page","link":"https:\/\/hol.fi\/?page_id=3242","title":{"rendered":"Rekisteri- ja tietosuojaseloste"},"content":{"rendered":"\n<p><strong>Rekisteri- ja tietosuojaseloste<\/strong><br> T\u00e4m\u00e4 on Historian Opiskelijain Liiton henkil\u00f6tietolain (10 ja 24 \u00a7) ja EU:n yleisen tietosuoja-asetuksen (GDPR) mukainen rekisteri- ja tietosuojaseloste. <br> Laadittu 12.11.2019. Viimeisin muutos 1.3.2026.<br> <strong><br> 1. Rekisterinpit\u00e4j\u00e4<\/strong><br> Historian Opiskelijain Liitto ry, Historiesstuderandenas F\u00f6rbund rf,<br> Hol ry\/ Patina ry, Historiatieteen laitos<br> Kanslerinrinne 1<br> 33014 Tampereen yliopisto<br> <br> pj \u00a0[at] hol .fi<br> <\/p>\n\n\n\n<p><strong>2. Rekisterist\u00e4 vastaavat yhteyshenkil\u00f6t<\/strong><br>Timi V\u00e4h\u00e4sarja,\u00a0pj [at] hol .fi,<br>Pauliina Jaakola, tiedottaja [at] hol .fi<br><br> <\/p>\n\n\n\n<p><strong>3. Rekisterin nimi<\/strong><br> Liiton tapahtumailmoittautumisrekisteri.<br> <\/p>\n\n\n\n<p><strong>4. Oikeusperuste ja henkil\u00f6tietojen k\u00e4sittelyn tarkoitus<\/strong><br> EU:n yleisen tietosuoja-asetuksen mukainen oikeusperuste henkil\u00f6tietojen k\u00e4sittelylle on rekisterinpit\u00e4j\u00e4n oikeutettu etu. Henkil\u00f6tietojen k\u00e4sittelyn tarkoitus on tapahtumailmoittautumiset sek\u00e4 tapahtumien maksusuoritusten varmistaminen. Tietoja ei k\u00e4ytet\u00e4 automatisoituun p\u00e4\u00e4t\u00f6ksentekoon tai profilointiin.<br> <\/p>\n\n\n\n<p><strong>5. Rekisterin tietosis\u00e4lt\u00f6<\/strong><br> Rekisteriin tallennettavia tietoja ovat: henkil\u00f6n nimi, s\u00e4hk\u00f6posti, syntym\u00e4aika ja ainej\u00e4rjest\u00f6.<br> <\/p>\n\n\n\n<p><strong>6. S\u00e4\u00e4nn\u00f6nmukaiset tietol\u00e4hteet<\/strong><br> Rekisteriin tallennettavat tiedot saadaan j\u00e4senelt\u00e4 t\u00e4m\u00e4n ilmoittautuessa tapahtumaan.<br> <\/p>\n\n\n\n<p><strong>7. Tietojen s\u00e4\u00e4nn\u00f6nmukaiset luovutukset ja tietojen siirto EU:n tai ETA:n ulkopuolelle<\/strong><br> Osallistujan nimi voidaan luovuttaa h\u00e4nen edustamansa ainej\u00e4rjest\u00f6n edustajalle liiton hallituksessa. Lis\u00e4ksi vaadittavat tiedot ilmoitetaan Hol seilaa! -risteilyjen yhteydess\u00e4 laivayhti\u00f6iden k\u00e4ytt\u00f6\u00f6n. Tietoja ei luovuteta muille ulkopuolisille tahoille<br> <strong><br> 8. Rekisterin suojauksen periaatteet<\/strong><br> Rekisterin k\u00e4sittelyss\u00e4 noudatetaan huolellisuutta ja tietoj\u00e4rjestelmien avulla k\u00e4sitelt\u00e4v\u00e4t tiedot suojataan asianmukaisesti. Kun rekisteritietoja s\u00e4ilytet\u00e4\u00e4n Internet-palvelimilla, niiden laitteiston fyysisest\u00e4 ja digitaalisesta tietoturvasta huolehditaan asiaankuuluvasti. Rekisterinpit\u00e4j\u00e4 huolehtii siit\u00e4, ett\u00e4 tallennettuja tietoja sek\u00e4 palvelimien k\u00e4ytt\u00f6oikeuksia ja muita henkil\u00f6tietojen turvallisuuden kannalta kriittisi\u00e4 tietoja k\u00e4sitell\u00e4\u00e4n luottamuksellisesti ja vain tapahtuman j\u00e4rjest\u00e4jien sek\u00e4 rekisterinpit\u00e4j\u00e4n toimesta. Tapahtumaan osallistujien maksusuoritusten j\u00e4lkeen rekisteri poistetaan.<br> <\/p>\n\n\n\n<p><strong>9. Tarkastusoikeus ja oikeus vaatia tiedon korjaamista<\/strong><br> Jokaisella rekisteriss\u00e4 olevalla henkil\u00f6ll\u00e4 on oikeus tarkistaa rekisteriin tallennetut tietonsa ja vaatia mahdollisen virheellisen tiedon korjaamista tai puutteellisen tiedon t\u00e4ydent\u00e4mist\u00e4. Mik\u00e4li henkil\u00f6 haluaa tarkistaa h\u00e4nest\u00e4 tallennetut tiedot tai vaatia niihin oikaisua, pyynt\u00f6 tulee l\u00e4hett\u00e4\u00e4 s\u00e4hk\u00f6isesti rekisterinpit\u00e4j\u00e4lle. Rekisterinpit\u00e4j\u00e4 voi pyyt\u00e4\u00e4 tarvittaessa pyynn\u00f6n esitt\u00e4j\u00e4\u00e4 todistamaan henkil\u00f6llisyytens\u00e4. Rekisterinpit\u00e4j\u00e4 vastaa asiakkaalle EU:n tietosuoja-asetuksessa s\u00e4\u00e4detyss\u00e4 ajassa (p\u00e4\u00e4s\u00e4\u00e4nt\u00f6isesti kuukauden kuluessa).<br> <\/p>\n\n\n\n<p><strong>10. Muut henkil\u00f6tietojen\nk\u00e4sittelyyn liittyv\u00e4t oikeudet<\/strong><br>\nRekisteriss\u00e4 olevalla henkil\u00f6ll\u00e4 on oikeus pyyt\u00e4\u00e4 h\u00e4nt\u00e4 koskevien\nhenkil\u00f6tietojen poistamiseen rekisterist\u00e4 (\u201doikeus tulla unohdetuksi\u201d). Niin\nik\u00e4\u00e4n rekister\u00f6idyill\u00e4 on muut EU:n yleisen tietosuoja-asetuksen mukaiset\noikeudet kuten henkil\u00f6tietojen k\u00e4sittelyn rajoittaminen tietyiss\u00e4 tilanteissa.\nPyynn\u00f6t tulee l\u00e4hett\u00e4\u00e4 s\u00e4hk\u00f6isesti rekisterinpit\u00e4j\u00e4lle. Rekisterinpit\u00e4j\u00e4 voi\npyyt\u00e4\u00e4 tarvittaessa pyynn\u00f6n esitt\u00e4j\u00e4\u00e4 todistamaan henkil\u00f6llisyytens\u00e4.\nRekisterinpit\u00e4j\u00e4 vastaa asiakkaalle EU:n tietosuoja-asetuksessa s\u00e4\u00e4detyss\u00e4\najassa (p\u00e4\u00e4s\u00e4\u00e4nt\u00f6isesti kuukauden kuluessa).<\/p>\n","protected":false},"excerpt":{"rendered":"<p>Rekisteri- ja tietosuojaseloste T\u00e4m\u00e4 on Historian Opiskelijain Liiton henkil\u00f6tietolain (10 ja 24 \u00a7) ja EU:n yleisen tietosuoja-asetuksen (GDPR) mukainen rekisteri- ja tietosuojaseloste. Laadittu 12.11.2019. Viimeisin muutos 1.3.2026. 1. Rekisterinpit\u00e4j\u00e4 Historian Opiskelijain Liitto ry, Historiesstuderandenas F\u00f6rbund rf, Hol ry\/ Patina ry, Historiatieteen laitos Kanslerinrinne 1 33014 Tampereen yliopisto pj \u00a0[at] hol .fi 2. Rekisterist\u00e4 vastaavat yhteyshenkil\u00f6tTimi &hellip; <\/p>\n<p><a class=\"more-link btn\" href=\"https:\/\/hol.fi\/?page_id=3242\">Jatka lukemista<\/a><\/p>\n","protected":false},"author":2,"featured_media":0,"parent":59,"menu_order":2,"comment_status":"closed","ping_status":"closed","template":"","meta":{"footnotes":""},"_links":{"self":[{"href":"https:\/\/hol.fi\/index.php?rest_route=\/wp\/v2\/pages\/3242"}],"collection":[{"href":"https:\/\/hol.fi\/index.php?rest_route=\/wp\/v2\/pages"}],"about":[{"href":"https:\/\/hol.fi\/index.php?rest_route=\/wp\/v2\/types\/page"}],"author":[{"embeddable":true,"href":"https:\/\/hol.fi\/index.php?rest_route=\/wp\/v2\/users\/2"}],"replies":[{"embeddable":true,"href":"https:\/\/hol.fi\/index.php?rest_route=%2Fwp%2Fv2%2Fcomments&post=3242"}],"version-history":[{"count":9,"href":"https:\/\/hol.fi\/index.php?rest_route=\/wp\/v2\/pages\/3242\/revisions"}],"predecessor-version":[{"id":44727,"href":"https:\/\/hol.fi\/index.php?rest_route=\/wp\/v2\/pages\/3242\/revisions\/44727"}],"up":[{"embeddable":true,"href":"https:\/\/hol.fi\/index.php?rest_route=\/wp\/v2\/pages\/59"}],"wp:attachment":[{"href":"https:\/\/hol.fi\/index.php?rest_route=%2Fwp%2Fv2%2Fmedia&parent=3242"}],"curies":[{"name":"wp","href":"https:\/\/api.w.org\/{rel}","templated":true}]}}