{"id":335,"date":"2013-04-17T18:16:30","date_gmt":"2013-04-17T15:16:30","guid":{"rendered":"http:\/\/historianopiskelijainliitto.com\/?page_id=335"},"modified":"2019-05-06T14:35:29","modified_gmt":"2019-05-06T11:35:29","slug":"kevatseminaari-oulussa-2010","status":"publish","type":"page","link":"https:\/\/hol.fi\/?page_id=335","title":{"rendered":"Kev\u00e4tseminaari Oulussa 2010"},"content":{"rendered":"<h2><strong>VISIONS OF HISTORY &#8211; Historian n\u00e4k\u00f6alat<\/strong><\/h2>\n<h2><strong>HOL-seminaari Oulussa 12.-14.2.2010<\/strong><\/h2>\n<p>Seminaarin aikataulu:<\/p>\n<p>Perjantai 12.2.<\/p>\n<p>Vieraat saapuvat Ouluun, rentoa tutustumista ihmisten kesken.<\/p>\n<p>Lauantai 13.2.<\/p>\n<p>8.30 Aamupala<br \/>\n10.00 <strong>Seminaarin avaus<\/strong><br \/>\n10.05 Jouko Vahtola: <strong>Historiasta tulevaisuuteen<\/strong><br \/>\n10.45 Erkki Urpilainen: <strong>Tulevaisuudentutkimus ja historia<\/strong><\/p>\n<p>11.30 &#8211; 12.25 <strong>Lounastauko<\/strong> Aularavintola, Oulun yliopisto.<\/p>\n<p>12.30 Kari Alenius: <strong>Propagandan ja mielikuvien vaikutus historiassa<\/strong><br \/>\n13.15 Minna Ahola: <strong>Akavan erityisalat<\/strong> esitt\u00e4ytyy<br \/>\nTiima ry esitt\u00e4ytyy<\/p>\n<p>14.00 <strong>Kahvihetki<\/strong><\/p>\n<p>14.30 <strong>HOL:n hallituksen kokous<\/strong><br \/>\n15.30 <strong>HOL:n vuosikokous<\/strong><br \/>\n19.00 Koneosaston saunalla<strong> illanviettoa<\/strong><br \/>\n20.00 Iltaohjelma alkaa<\/p>\n<p>Sunnuntai 14.2.<\/p>\n<p>8.30 Aamupala<\/p>\n","protected":false},"excerpt":{"rendered":"<p>VISIONS OF HISTORY &#8211; Historian n\u00e4k\u00f6alat HOL-seminaari Oulussa 12.-14.2.2010 Seminaarin aikataulu: Perjantai 12.2. Vieraat saapuvat Ouluun, rentoa tutustumista ihmisten kesken. Lauantai 13.2. 8.30 Aamupala 10.00 Seminaarin avaus 10.05 Jouko Vahtola: Historiasta tulevaisuuteen 10.45 Erkki Urpilainen: Tulevaisuudentutkimus ja historia 11.30 &#8211; 12.25 Lounastauko Aularavintola, Oulun yliopisto. 12.30 Kari Alenius: Propagandan ja mielikuvien vaikutus historiassa 13.15 Minna &hellip; <\/p>\n<p><a class=\"more-link btn\" href=\"https:\/\/hol.fi\/?page_id=335\">Jatka lukemista<\/a><\/p>\n","protected":false},"author":1,"featured_media":0,"parent":3132,"menu_order":18,"comment_status":"open","ping_status":"closed","template":"","meta":{"footnotes":""},"_links":{"self":[{"href":"https:\/\/hol.fi\/index.php?rest_route=\/wp\/v2\/pages\/335"}],"collection":[{"href":"https:\/\/hol.fi\/index.php?rest_route=\/wp\/v2\/pages"}],"about":[{"href":"https:\/\/hol.fi\/index.php?rest_route=\/wp\/v2\/types\/page"}],"author":[{"embeddable":true,"href":"https:\/\/hol.fi\/index.php?rest_route=\/wp\/v2\/users\/1"}],"replies":[{"embeddable":true,"href":"https:\/\/hol.fi\/index.php?rest_route=%2Fwp%2Fv2%2Fcomments&post=335"}],"version-history":[{"count":4,"href":"https:\/\/hol.fi\/index.php?rest_route=\/wp\/v2\/pages\/335\/revisions"}],"predecessor-version":[{"id":1771,"href":"https:\/\/hol.fi\/index.php?rest_route=\/wp\/v2\/pages\/335\/revisions\/1771"}],"up":[{"embeddable":true,"href":"https:\/\/hol.fi\/index.php?rest_route=\/wp\/v2\/pages\/3132"}],"wp:attachment":[{"href":"https:\/\/hol.fi\/index.php?rest_route=%2Fwp%2Fv2%2Fmedia&parent=335"}],"curies":[{"name":"wp","href":"https:\/\/api.w.org\/{rel}","templated":true}]}}