{"id":337,"date":"2013-04-17T18:28:44","date_gmt":"2013-04-17T15:28:44","guid":{"rendered":"http:\/\/historianopiskelijainliitto.com\/?page_id=337"},"modified":"2019-05-06T14:35:49","modified_gmt":"2019-05-06T11:35:49","slug":"kevatseminaari-helsingissa-2009","status":"publish","type":"page","link":"https:\/\/hol.fi\/?page_id=337","title":{"rendered":"Kev\u00e4tseminaari Helsingiss\u00e4 2009"},"content":{"rendered":"<h2><strong>Historian vaihtoehtoiset tulkinnat<\/strong><\/h2>\n<h2><strong>HOL-seminaari Helsingiss\u00e4 21.-22.2.2009<\/strong><\/h2>\n<p>Yliopiston p\u00e4\u00e4rakennus Helsingin keskustassa, osoitteessa Fabianinkatu 33, auditorio VII.<\/p>\n<p>Perjantai 20.2.<br \/>\n<strong>Majoittuminen<\/strong> kohteessa Herttoniemenrannan asukastalo osoitteessa Paasivaarankatu 6, 00810 Helsinki.<\/p>\n<p>Lauantai 21.2.<\/p>\n<p>8.30<strong> Aamiainen<\/strong><br \/>\n10:00 Seminaarin <strong>avaus<\/strong><br \/>\n10:15 VTT Joni Krekola:<strong> Lenin ja Suomi<\/strong><br \/>\n11:00 FT Tapani Hietaniemi<\/p>\n<p>11:45 <strong>Lounastauko<\/strong><\/p>\n<p>12:15 Professori Matti Peltonen: <strong>Satavuotias suomalaisen viinap\u00e4\u00e4n myytti<\/strong><br \/>\n13:00 <strong>Akava esitt\u00e4ytyy<\/strong><br \/>\n13:30 <strong>Sval esitt\u00e4ytyy<\/strong><\/p>\n<p>18:00<strong> Iltaohjelma<\/strong>, paikkana legendaarinen &#8221;Kuppala&#8221; Unioninkatu 37.<\/p>\n<p>Sunnuntai 22.2<\/p>\n<p>8:30 <strong>Aamiainen<\/strong><br \/>\n10:00 Vanhan <strong>hallituksen kokous<\/strong>, osoitteessa Hietanimenkatu 14 B.<br \/>\n11:00 <strong>Liiton kokous<\/strong><br \/>\n11.30 <strong>Uuden hallituksen<\/strong> kokoontuminen<\/p>\n<p>&nbsp;<\/p>\n","protected":false},"excerpt":{"rendered":"<p>Historian vaihtoehtoiset tulkinnat HOL-seminaari Helsingiss\u00e4 21.-22.2.2009 Yliopiston p\u00e4\u00e4rakennus Helsingin keskustassa, osoitteessa Fabianinkatu 33, auditorio VII. Perjantai 20.2. Majoittuminen kohteessa Herttoniemenrannan asukastalo osoitteessa Paasivaarankatu 6, 00810 Helsinki. Lauantai 21.2. 8.30 Aamiainen 10:00 Seminaarin avaus 10:15 VTT Joni Krekola: Lenin ja Suomi 11:00 FT Tapani Hietaniemi 11:45 Lounastauko 12:15 Professori Matti Peltonen: Satavuotias suomalaisen viinap\u00e4\u00e4n myytti 13:00 &hellip; <\/p>\n<p><a class=\"more-link btn\" href=\"https:\/\/hol.fi\/?page_id=337\">Jatka lukemista<\/a><\/p>\n","protected":false},"author":1,"featured_media":0,"parent":3132,"menu_order":20,"comment_status":"open","ping_status":"closed","template":"","meta":{"footnotes":""},"_links":{"self":[{"href":"https:\/\/hol.fi\/index.php?rest_route=\/wp\/v2\/pages\/337"}],"collection":[{"href":"https:\/\/hol.fi\/index.php?rest_route=\/wp\/v2\/pages"}],"about":[{"href":"https:\/\/hol.fi\/index.php?rest_route=\/wp\/v2\/types\/page"}],"author":[{"embeddable":true,"href":"https:\/\/hol.fi\/index.php?rest_route=\/wp\/v2\/users\/1"}],"replies":[{"embeddable":true,"href":"https:\/\/hol.fi\/index.php?rest_route=%2Fwp%2Fv2%2Fcomments&post=337"}],"version-history":[{"count":6,"href":"https:\/\/hol.fi\/index.php?rest_route=\/wp\/v2\/pages\/337\/revisions"}],"predecessor-version":[{"id":1773,"href":"https:\/\/hol.fi\/index.php?rest_route=\/wp\/v2\/pages\/337\/revisions\/1773"}],"up":[{"embeddable":true,"href":"https:\/\/hol.fi\/index.php?rest_route=\/wp\/v2\/pages\/3132"}],"wp:attachment":[{"href":"https:\/\/hol.fi\/index.php?rest_route=%2Fwp%2Fv2%2Fmedia&parent=337"}],"curies":[{"name":"wp","href":"https:\/\/api.w.org\/{rel}","templated":true}]}}