{"id":350,"date":"2013-04-18T13:34:45","date_gmt":"2013-04-18T10:34:45","guid":{"rendered":"http:\/\/historianopiskelijainliitto.com\/?page_id=350"},"modified":"2019-05-06T14:36:01","modified_gmt":"2019-05-06T11:36:01","slug":"syysseminaari-oulussa-2008","status":"publish","type":"page","link":"https:\/\/hol.fi\/?page_id=350","title":{"rendered":"Syysseminaari Oulussa 2008"},"content":{"rendered":"<h2><strong>MIK\u00c4\u00c4N TIETO EI OLE TURHAA<br \/>\n<\/strong><\/h2>\n<h2><strong>HOL-seminaari Oulussa 4.- 5.10.2008<\/strong><\/h2>\n<p>Lauantai 4.10.<\/p>\n<p>Oulun yliopistos, sali HU106.<br \/>\nMajoitus Normaalikoululla ja iltaohjelma Kaijonharjun Teekkaritalolla.<\/p>\n<p>11:00 Seminaarin avaus<\/p>\n<p>11:05\u201311:45 Jouko Vahtola: <strong>Koillisrintama 1918<\/strong><\/p>\n<p>&nbsp;<\/p>\n<p>11:45\u201312:30 <strong>Lounas<\/strong><\/p>\n<p>&nbsp;<\/p>\n<p>12:30\u201313:15 Seija Jalagin: <strong>Aikamatkalla \u2013 sukurakkautta ja tutkimusta it\u00e4rajan takana<\/strong><\/p>\n<p>13:15\u201313:45 <strong>Akavan Erityisalat<\/strong> esitt\u00e4ytyy<\/p>\n<p>13:45\u201314:15 <strong>Kahvitauko<\/strong><\/p>\n<p>&nbsp;<\/p>\n<p>14:15\u201315:00 Heini Hakosalo: <strong>N\u00e4yt\u00f6n paikka. Naisten l\u00e4\u00e4k\u00e4rikoulutus autonomian ajan Suomessa<\/strong><\/p>\n<p>18:00 <strong>Iltaohjelmaa<\/strong> Teekkaritalolla Kaijonharjussa<\/p>\n<p>Sunnuntai 5.10.<\/p>\n<p>08:30 <strong>Aamupala<\/strong> Teekkaritalolla<\/p>\n<p>11:00 Historian Opiskelijain Liiton <strong>hallituksen kokous<\/strong><\/p>\n","protected":false},"excerpt":{"rendered":"<p>MIK\u00c4\u00c4N TIETO EI OLE TURHAA HOL-seminaari Oulussa 4.- 5.10.2008 Lauantai 4.10. Oulun yliopistos, sali HU106. Majoitus Normaalikoululla ja iltaohjelma Kaijonharjun Teekkaritalolla. 11:00 Seminaarin avaus 11:05\u201311:45 Jouko Vahtola: Koillisrintama 1918 &nbsp; 11:45\u201312:30 Lounas &nbsp; 12:30\u201313:15 Seija Jalagin: Aikamatkalla \u2013 sukurakkautta ja tutkimusta it\u00e4rajan takana 13:15\u201313:45 Akavan Erityisalat esitt\u00e4ytyy 13:45\u201314:15 Kahvitauko &nbsp; 14:15\u201315:00 Heini Hakosalo: N\u00e4yt\u00f6n paikka. &hellip; <\/p>\n<p><a class=\"more-link btn\" href=\"https:\/\/hol.fi\/?page_id=350\">Jatka lukemista<\/a><\/p>\n","protected":false},"author":1,"featured_media":0,"parent":3132,"menu_order":21,"comment_status":"open","ping_status":"closed","template":"","meta":{"footnotes":""},"_links":{"self":[{"href":"https:\/\/hol.fi\/index.php?rest_route=\/wp\/v2\/pages\/350"}],"collection":[{"href":"https:\/\/hol.fi\/index.php?rest_route=\/wp\/v2\/pages"}],"about":[{"href":"https:\/\/hol.fi\/index.php?rest_route=\/wp\/v2\/types\/page"}],"author":[{"embeddable":true,"href":"https:\/\/hol.fi\/index.php?rest_route=\/wp\/v2\/users\/1"}],"replies":[{"embeddable":true,"href":"https:\/\/hol.fi\/index.php?rest_route=%2Fwp%2Fv2%2Fcomments&post=350"}],"version-history":[{"count":5,"href":"https:\/\/hol.fi\/index.php?rest_route=\/wp\/v2\/pages\/350\/revisions"}],"predecessor-version":[{"id":1774,"href":"https:\/\/hol.fi\/index.php?rest_route=\/wp\/v2\/pages\/350\/revisions\/1774"}],"up":[{"embeddable":true,"href":"https:\/\/hol.fi\/index.php?rest_route=\/wp\/v2\/pages\/3132"}],"wp:attachment":[{"href":"https:\/\/hol.fi\/index.php?rest_route=%2Fwp%2Fv2%2Fmedia&parent=350"}],"curies":[{"name":"wp","href":"https:\/\/api.w.org\/{rel}","templated":true}]}}