{"id":373,"date":"2013-04-18T14:02:55","date_gmt":"2013-04-18T11:02:55","guid":{"rendered":"http:\/\/historianopiskelijainliitto.com\/?page_id=373"},"modified":"2019-05-06T14:37:46","modified_gmt":"2019-05-06T11:37:46","slug":"syysseminaari-jyvaskylassa-2006","status":"publish","type":"page","link":"https:\/\/hol.fi\/?page_id=373","title":{"rendered":"Syysseminaari Jyv\u00e4skyl\u00e4ss\u00e4 2006"},"content":{"rendered":"<h2><strong>POLIITTINEN JOHTAJUUS JA VALLANK\u00c4YT\u00d6N V\u00c4LINEET<\/strong><\/h2>\n<h2><strong>HOL-seminaari Jyv\u00e4skyl\u00e4ss\u00e4 7.\u2013 8.10. 2006<\/strong><\/h2>\n<p>Lauantai 7.10.<br \/>\nHistorica-rakennus, sali H320, Seminaarinm\u00e4en kampus.<br \/>\nMajoitus Ulpukka, Kortepohjan ylioppilaskyl\u00e4<\/p>\n<p>11.00-11.45 Simo Mikkonen:<strong> Kylm\u00e4n sodan vaietut taistelut \u2013 kulttuuri suurvaltojen poliittisena aseena<\/strong><br \/>\n11.45-12.30 Petri Karonen: <strong>Vallank\u00e4ytt\u00f6 Ruotsin s\u00e4\u00e4tyvaltiop\u00e4ivill\u00e4 1600\u20131700 -luvuilla<\/strong><\/p>\n<p>12.30-13.00 Kahvitauko<\/p>\n<p>13.00-13.45 Anssi Halmesvirta: <strong>Unkarin k\u00e1d\u00e1rismi ja vallank\u00e4yt\u00f6n v\u00e4lineet<\/strong><br \/>\n13.45-14.15 <strong>Akavan Erityisalat esitt\u00e4yty<\/strong>y \/ Outi Koivisto<\/p>\n<p>Lounas<\/p>\n<p>15.00 <strong>HOL:n hallituksen kokous<\/strong> Tosine ry:n huoneessa (H101)<br \/>\n18.00-21.00 <strong>Sauna<\/strong> (yo-kyl\u00e4n B-talo, ylin kerros)<br \/>\n21.00 HOL-seminaarin <strong>iltaohjelma<\/strong> ravintola Rentukassa. Seminaarin teemaa mukaillen ohjelmassa on <strong>Poliittisten laulujen ilta<\/strong>: lavalla Tosineen mies- ja naiskuorot. Jyv\u00e4skyl\u00e4n y\u00f6el\u00e4m\u00e4\u00e4n tutustumista.<\/p>\n<p>Sunnuntai 8.10<br \/>\n12.00 <strong>Kulttuurikohde<\/strong>: Seminaarinm\u00e4en kampusalueen historiallinen opastus. L\u00e4ht\u00f6 Historican edest\u00e4.<\/p>\n","protected":false},"excerpt":{"rendered":"<p>POLIITTINEN JOHTAJUUS JA VALLANK\u00c4YT\u00d6N V\u00c4LINEET HOL-seminaari Jyv\u00e4skyl\u00e4ss\u00e4 7.\u2013 8.10. 2006 Lauantai 7.10. Historica-rakennus, sali H320, Seminaarinm\u00e4en kampus. Majoitus Ulpukka, Kortepohjan ylioppilaskyl\u00e4 11.00-11.45 Simo Mikkonen: Kylm\u00e4n sodan vaietut taistelut \u2013 kulttuuri suurvaltojen poliittisena aseena 11.45-12.30 Petri Karonen: Vallank\u00e4ytt\u00f6 Ruotsin s\u00e4\u00e4tyvaltiop\u00e4ivill\u00e4 1600\u20131700 -luvuilla 12.30-13.00 Kahvitauko 13.00-13.45 Anssi Halmesvirta: Unkarin k\u00e1d\u00e1rismi ja vallank\u00e4yt\u00f6n v\u00e4lineet 13.45-14.15 Akavan Erityisalat esitt\u00e4ytyy &hellip; <\/p>\n<p><a class=\"more-link btn\" href=\"https:\/\/hol.fi\/?page_id=373\">Jatka lukemista<\/a><\/p>\n","protected":false},"author":1,"featured_media":0,"parent":3132,"menu_order":25,"comment_status":"open","ping_status":"closed","template":"","meta":{"footnotes":""},"_links":{"self":[{"href":"https:\/\/hol.fi\/index.php?rest_route=\/wp\/v2\/pages\/373"}],"collection":[{"href":"https:\/\/hol.fi\/index.php?rest_route=\/wp\/v2\/pages"}],"about":[{"href":"https:\/\/hol.fi\/index.php?rest_route=\/wp\/v2\/types\/page"}],"author":[{"embeddable":true,"href":"https:\/\/hol.fi\/index.php?rest_route=\/wp\/v2\/users\/1"}],"replies":[{"embeddable":true,"href":"https:\/\/hol.fi\/index.php?rest_route=%2Fwp%2Fv2%2Fcomments&post=373"}],"version-history":[{"count":3,"href":"https:\/\/hol.fi\/index.php?rest_route=\/wp\/v2\/pages\/373\/revisions"}],"predecessor-version":[{"id":375,"href":"https:\/\/hol.fi\/index.php?rest_route=\/wp\/v2\/pages\/373\/revisions\/375"}],"up":[{"embeddable":true,"href":"https:\/\/hol.fi\/index.php?rest_route=\/wp\/v2\/pages\/3132"}],"wp:attachment":[{"href":"https:\/\/hol.fi\/index.php?rest_route=%2Fwp%2Fv2%2Fmedia&parent=373"}],"curies":[{"name":"wp","href":"https:\/\/api.w.org\/{rel}","templated":true}]}}