{"id":44114,"date":"2021-03-26T14:33:30","date_gmt":"2021-03-26T12:33:30","guid":{"rendered":"https:\/\/hol.fi\/?page_id=44114"},"modified":"2021-03-26T14:39:18","modified_gmt":"2021-03-26T12:39:18","slug":"historian-opiskelijain-liiton-sitsisaannot","status":"publish","type":"page","link":"https:\/\/hol.fi\/?page_id=44114","title":{"rendered":"Historian Opiskelijain Liiton sitsis\u00e4\u00e4nn\u00f6t"},"content":{"rendered":"\n<p><em>Vuoden 2020 hallitus laati toimikaudellaan Liiton j\u00e4senille yhteiset sitsis\u00e4\u00e4nn\u00f6t k\u00e4ytett\u00e4viksi Historian Opiskelijain Liiton tapahtumissa. S\u00e4\u00e4nn\u00f6t hyv\u00e4ksyttiin Liiton vuosikokouksessa 24.3.2021.<\/em><\/p>\n\n\n\n<p>N\u00e4m\u00e4 ovat Historian Opiskelijain Liiton (Hol, my\u00f6hemmin Liitto) sitsis\u00e4\u00e4nn\u00f6t, joita j\u00e4senj\u00e4rjest\u00f6jen tulee noudattaa j\u00e4rjest\u00e4ess\u00e4\u00e4n sitsit yhteisty\u00f6ss\u00e4 Liiton kanssa, esimerkiksi Hol-seminaarin yhteydess\u00e4. Liiton j\u00e4senj\u00e4rjest\u00f6ill\u00e4 on huomattavan erilaisia perinteit\u00e4 liittyen sitseihin. N\u00e4iden s\u00e4\u00e4nt\u00f6jen tavoitteena on varmistaa yhdenvertaisuuden toteutuminen sitseill\u00e4 ja v\u00e4hent\u00e4\u00e4 erilaisista sitsik\u00e4yt\u00e4nteist\u00e4 johtuvaa h\u00e4mmennyst\u00e4 j\u00e4tt\u00e4en kuitenkin sitsien j\u00e4rjest\u00e4jille tilaa pit\u00e4\u00e4 sitsit omien perinteidens\u00e4 mukaisesti.<br><strong><br>Holin hallituksen velvollisuudet ja oikeudet<\/strong><\/p>\n\n\n\n<ol><li>Liiton yhdenvertaisuussuunnitelman toteutumisen varmistamiseksi Holin hallituksella on oikeus koota lista sitsilauluista, joita ei esitet\u00e4 Holin sitseill\u00e4.<\/li><li>Liiton hallitus valvoo n\u00e4iden s\u00e4\u00e4nt\u00f6jen noudattamista. Sitseist\u00e4 vastaavan j\u00e4senj\u00e4rjest\u00f6n rikkoessa n\u00e4it\u00e4 s\u00e4\u00e4nt\u00f6j\u00e4 t\u00f6rke\u00e4sti voi hallitus hyl\u00e4t\u00e4 j\u00e4senj\u00e4rjest\u00f6n seminaaritukihakemuksen sitsien menojen osalta.<br><br><strong>J\u00e4rjest\u00e4j\u00e4n velvollisuudet ja oikeudet<br><\/strong><\/li><li>J\u00e4rjest\u00e4j\u00e4 on velvollinen valvomaan Holin yhdenvertaisuussuunnitelmassa mainittujen periaatteiden toteutumista. Liiton hallitus ja mahdollinen yhdenvertaisuusvastaava auttavat tarvittaessa.<\/li><li>J\u00e4rjest\u00e4j\u00e4 on velvollinen tiedottamaan Holin sitsis\u00e4\u00e4nn\u00f6ist\u00e4 ja yhdenvertaisuussuunnitelmasta, sek\u00e4 muista mahdollisista toimintasuunnitelmista ja s\u00e4\u00e4nn\u00f6ist\u00e4, joita on sitoutunut noudattamaan. T\u00e4m\u00e4 on teht\u00e4v\u00e4 ainakin sitsien Facebook-tapahtumasivulla, sitsej\u00e4 koskevissa s\u00e4hk\u00f6posteissa ja sitsien alkaessa. Ilmoittautumisen yhteydess\u00e4 j\u00e4rjest\u00e4j\u00e4n on vaadittava osallistujia sitoutumaan noudattamaan s\u00e4\u00e4nt\u00f6j\u00e4.<\/li><li>Sitsien j\u00e4rjest\u00e4j\u00e4n on pyritt\u00e4v\u00e4 est\u00e4m\u00e4\u00e4n Liiton hallituksen m\u00e4\u00e4rittelemien laulujen esitt\u00e4minen.<\/li><li>J\u00e4rjest\u00e4j\u00e4 on velvollinen tiedottamaan viimeist\u00e4\u00e4n sitsien alkaessa tai muuten niin, ett\u00e4 kukaan ei voi ehti\u00e4 rikkoa niit\u00e4, ainakin seuraavista kyseisi\u00e4 sitsej\u00e4 koskevista s\u00e4\u00e4nn\u00f6ist\u00e4:<br>\u25cf Saako sitseill\u00e4 toivoa laulua? Jos saa, miss\u00e4 vaiheessa ja miten se on teht\u00e4v\u00e4?<br>\u25cf Saako sitseill\u00e4 pit\u00e4\u00e4 puheita ja jos saa, saako niit\u00e4 pit\u00e4\u00e4 vapaasti vai ainoastaan luvan pyydetty\u00e4\u00e4n ja saatuaan?<br>\u25cf Saako laulua toivoa vapaasti vai ainoastaan j\u00e4rjest\u00e4j\u00e4n laatimasta listasta?<br>\u25cf Onko sitseill\u00e4 k\u00e4yt\u00f6ss\u00e4 rangaistuksia?<br>\u25cf Onko sitseill\u00e4 laulunjohtajat, toastmasterit (lyh. toastit), seremoniamestarit tai muut vastaavat? Mik\u00e4 on heid\u00e4n roolinsa?<br>\u25cf Onko sitseill\u00e4 valmiiksi m\u00e4\u00e4ritelty istumaj\u00e4rjestys vai saavatko osallistujat valita istumapaikkansa vapaasti?<br>\u25cf Saako p\u00f6yt\u00e4osuuden aikana poistua p\u00f6yd\u00e4st\u00e4 k\u00e4yd\u00e4kseen esim. WC:ss\u00e4?<br>\u25cf Miten sitseill\u00e4 skoolataan?<br>\u25cf Mahdolliset turvallisuutta koskevat ohjeet.<\/li><li>J\u00e4rjest\u00e4j\u00e4 saa tiedottaa my\u00f6s muista kuin kohdassa 2.4. vaadituista s\u00e4\u00e4nn\u00f6ist\u00e4, jos haluaa sellaisia noudatettavan. Rangaistusta ei saa antaa sellaisen s\u00e4\u00e4nn\u00f6n rikkomisesta, josta ei ole etuk\u00e4teen tiedotettu. S\u00e4\u00e4nt\u00f6j\u00e4 saa lis\u00e4t\u00e4 kesken sitsien.<\/li><li>Jos rangaistukset ovat k\u00e4yt\u00f6ss\u00e4, ne eiv\u00e4t saa olla kohtuuttoman n\u00f6yryytt\u00e4vi\u00e4 tai muuten sellaisia, ett\u00e4 Holin yhdenvertaisuussuunnitelmassa m\u00e4\u00e4ritellyt periaatteet eiv\u00e4t toteudu.<\/li><li>J\u00e4rjest\u00f6 on velvollinen m\u00e4\u00e4ritt\u00e4m\u00e4\u00e4n 1\u20134 henkil\u00f6\u00e4, johon voi ottaa luottamuksellisesti yhteytt\u00e4 h\u00e4irint\u00e4tapauksissa.<\/li><li>N\u00e4iss\u00e4 s\u00e4\u00e4nn\u00f6iss\u00e4 m\u00e4\u00e4riteltyjen ehtojen puitteissa j\u00e4rjest\u00e4j\u00e4 saa suunnitella sitsit vapaasti.<br><br><strong>Osallistujaa koskevat yleiset s\u00e4\u00e4nn\u00f6t<\/strong><\/li><\/ol>\n\n\n\n<ol><li>Toimi Holin yhdenvertaisuussuunnitelmassa m\u00e4\u00e4riteltyjen ja muiden j\u00e4rjest\u00e4j\u00e4n ilmoittamien periaatteiden mukaan.<\/li><li>Noudata j\u00e4rjest\u00e4j\u00e4n antamia ohjeita.<\/li><li>\u00c4l\u00e4 h\u00e4iritse kohtuuttomasti laulujen esitt\u00e4mist\u00e4 tai kenenk\u00e4\u00e4n puheenvuoroa.<\/li><li>Jos p\u00f6yd\u00e4st\u00e4 poistuminen p\u00f6yt\u00e4osuuden aikana on sallittua, \u00e4l\u00e4 palaa p\u00f6yt\u00e4\u00e4n kesken puheen tai laulun. Odota esimerkiksi salin ovella.<\/li><li>\u00c4l\u00e4 kohtuuttomasti<br>a. metel\u00f6i tai<br>b. huutele vieraisiin p\u00f6ytiin.<\/li><\/ol>\n\n\n\n<p>Lauluja voi kielt\u00e4\u00e4 Liiton hallituksen toimesta vain kappalekohtaisesti ja j\u00e4senist\u00f6n toiveesta, mik\u00e4li niiden todetaan olevan ristiriidassa yhdenvertaisuussuunnitelman kanssa.<\/p>\n","protected":false},"excerpt":{"rendered":"<p>Vuoden 2020 hallitus laati toimikaudellaan Liiton j\u00e4senille yhteiset sitsis\u00e4\u00e4nn\u00f6t k\u00e4ytett\u00e4viksi Historian Opiskelijain Liiton tapahtumissa. S\u00e4\u00e4nn\u00f6t hyv\u00e4ksyttiin Liiton vuosikokouksessa 24.3.2021. N\u00e4m\u00e4 ovat Historian Opiskelijain Liiton (Hol, my\u00f6hemmin Liitto) sitsis\u00e4\u00e4nn\u00f6t, joita j\u00e4senj\u00e4rjest\u00f6jen tulee noudattaa j\u00e4rjest\u00e4ess\u00e4\u00e4n sitsit yhteisty\u00f6ss\u00e4 Liiton kanssa, esimerkiksi Hol-seminaarin yhteydess\u00e4. Liiton j\u00e4senj\u00e4rjest\u00f6ill\u00e4 on huomattavan erilaisia perinteit\u00e4 liittyen sitseihin. N\u00e4iden s\u00e4\u00e4nt\u00f6jen tavoitteena on varmistaa yhdenvertaisuuden toteutuminen &hellip; <\/p>\n<p><a class=\"more-link btn\" href=\"https:\/\/hol.fi\/?page_id=44114\">Jatka lukemista<\/a><\/p>\n","protected":false},"author":1,"featured_media":0,"parent":54,"menu_order":2,"comment_status":"closed","ping_status":"closed","template":"","meta":{"footnotes":""},"_links":{"self":[{"href":"https:\/\/hol.fi\/index.php?rest_route=\/wp\/v2\/pages\/44114"}],"collection":[{"href":"https:\/\/hol.fi\/index.php?rest_route=\/wp\/v2\/pages"}],"about":[{"href":"https:\/\/hol.fi\/index.php?rest_route=\/wp\/v2\/types\/page"}],"author":[{"embeddable":true,"href":"https:\/\/hol.fi\/index.php?rest_route=\/wp\/v2\/users\/1"}],"replies":[{"embeddable":true,"href":"https:\/\/hol.fi\/index.php?rest_route=%2Fwp%2Fv2%2Fcomments&post=44114"}],"version-history":[{"count":4,"href":"https:\/\/hol.fi\/index.php?rest_route=\/wp\/v2\/pages\/44114\/revisions"}],"predecessor-version":[{"id":44118,"href":"https:\/\/hol.fi\/index.php?rest_route=\/wp\/v2\/pages\/44114\/revisions\/44118"}],"up":[{"embeddable":true,"href":"https:\/\/hol.fi\/index.php?rest_route=\/wp\/v2\/pages\/54"}],"wp:attachment":[{"href":"https:\/\/hol.fi\/index.php?rest_route=%2Fwp%2Fv2%2Fmedia&parent=44114"}],"curies":[{"name":"wp","href":"https:\/\/api.w.org\/{rel}","templated":true}]}}