{"id":44122,"date":"2021-03-26T14:59:47","date_gmt":"2021-03-26T12:59:47","guid":{"rendered":"https:\/\/hol.fi\/?page_id=44122"},"modified":"2026-03-03T19:03:10","modified_gmt":"2026-03-03T17:03:10","slug":"yhdenvertaisuussuunnitelma","status":"publish","type":"page","link":"https:\/\/hol.fi\/?page_id=44122","title":{"rendered":"Yhdenvertaisuussuunnitelma"},"content":{"rendered":"\n<p><em>Vuosikokouksessa 2020 Historian Opiskelijain Liitto p\u00e4\u00e4tti perustaa yhdenvertaisuusvastaavan pestin osaksi hallitusta. Vaalikokouksessa 2020 hyv\u00e4ksyttiin alla oleva yhdenvertaisuussuunnitelma. <\/em><\/p>\n\n\n\n<p>Historian Opiskelijain Liitto ry sitoutuu yhdenvertaisuuden toteuttamiseen toiminnassaan ja toimintatavoissaan. Liiton toiminta on avointa ja siihen saavat osallistua kaikki halukkaat Liiton j\u00e4senet ja joissain tapauksissa my\u00f6s Liiton ulkopuoliset henkil\u00f6t. <\/p>\n\n\n\n<p>Liiton toimintaan osallistuvia ei syrjit\u00e4 tai valikoida i\u00e4n, sukupuolen, \u00e4idinkielen, vakaumuksen, mielipiteen, seksuaalisen suuntautumisen tai muun henkil\u00f6\u00f6n liittyv\u00e4n syyn perusteella. Liitto kielt\u00e4\u00e4 syrjinn\u00e4n ja h\u00e4irinn\u00e4n kaikessa toiminnassaan ja tapahtumissa, joissa on j\u00e4rjest\u00e4j\u00e4n\u00e4 tai yhteistoiminnassa toisten tahojen kanssa. Liitto puuttuu h\u00e4iri\u00f6tilanteisiin tapahtumahetkell\u00e4 ja k\u00e4sittelee niit\u00e4 tarvittaessa j\u00e4lkik\u00e4teen kaikkien osallisten kanssa. Liiton hallituksen yhdenvertaisuusvastaavaan voi olla yhteydess\u00e4 kokemastaan syrjinn\u00e4st\u00e4 ja h\u00e4irinn\u00e4st\u00e4 milloin tahansa, ei vain tapahtumien yhteydess\u00e4. <\/p>\n\n\n\n<p>Liitto sitoutuu ennaltaehk\u00e4isem\u00e4\u00e4n syrjint\u00e4\u00e4 ja h\u00e4irint\u00e4\u00e4. Esimerkiksi tapahtuman ennakkotiedoissa tai tapahtuman alkaessa tiedotetaan syrjinn\u00e4n ja h\u00e4irinn\u00e4n nollatoleranssista, ja siten tapahtumaan osallistuja sitoutuu noudattamaan ohjeistusta. Lis\u00e4ksi tapahtumiin osallistujia neuvotaan, miten ja kehen voi olla yhteydess\u00e4 kokemastaan syrjinn\u00e4st\u00e4 ja h\u00e4irinn\u00e4st\u00e4.<br><\/p>\n\n\n\n<p>Lis\u00e4ksi Liitto sitoutuu edist\u00e4m\u00e4\u00e4n toiminnassaan yhdenvertaisuutta ja tasa-arvoa sek\u00e4 kannustaa j\u00e4seni\u00e4\u00e4n ja muita toimintaan osallistuvia omalla toiminnallaan edist\u00e4v\u00e4n yhdenvertaisuutta. Liitto sitoutuu p\u00e4ivitt\u00e4m\u00e4\u00e4n ja t\u00e4ydent\u00e4m\u00e4\u00e4n t\u00e4t\u00e4 suunnitelmaa, jotta yhdenvertaisuuden toteutuminen<br>on aina ajan hermolla.<\/p>\n\n\n\n<p><\/p>\n\n\n\n<p><\/p>\n\n\n\n<h3 class=\"wp-block-heading\">Toiminta h\u00e4irint\u00e4tilanteen sattuessa<\/h3>\n\n\n\n<p>Mik\u00e4li kohtaat Holin tapahtumissa h\u00e4irint\u00e4\u00e4, olethan asiasta yhteydess\u00e4 Liiton yhdenvertaisuusvastaavaan (sklepi [at] utu.fi) tai puheenjohtajaan (pj [at] hol.fi tai tvahasar22 [at] student.oulu.fi). Viestiss\u00e4 voit:<\/p>\n\n\n\n<ol>\n<li>Kuvailla kohtaamaasi ep\u00e4asiallista kohtelua tai tekem\u00e4\u00e4si yhdenvertaisuushavaintoa.<\/li>\n\n\n\n<li>Kertoa miss\u00e4 tapahtumassa tai tilanteessa ep\u00e4asiallinen kohtelu tapahtui.<\/li>\n\n\n\n<li>Kertoa halutessasi nimesi, s\u00e4hk\u00f6postisi ja\/tai puhelinnumerosi. Mik\u00e4li haluat kertoa kontaktitietosi, yhdenvertaisuusvastaava tai puheenjohtaja on sinuun yhteydess\u00e4. Kaikki ilmoituksesi tiedot k\u00e4sitell\u00e4\u00e4n luottamuksellisesti.<\/li>\n<\/ol>\n","protected":false},"excerpt":{"rendered":"<p>Vuosikokouksessa 2020 Historian Opiskelijain Liitto p\u00e4\u00e4tti perustaa yhdenvertaisuusvastaavan pestin osaksi hallitusta. Vaalikokouksessa 2020 hyv\u00e4ksyttiin alla oleva yhdenvertaisuussuunnitelma. Historian Opiskelijain Liitto ry sitoutuu yhdenvertaisuuden toteuttamiseen toiminnassaan ja toimintatavoissaan. Liiton toiminta on avointa ja siihen saavat osallistua kaikki halukkaat Liiton j\u00e4senet ja joissain tapauksissa my\u00f6s Liiton ulkopuoliset henkil\u00f6t. Liiton toimintaan osallistuvia ei syrjit\u00e4 tai valikoida i\u00e4n, sukupuolen, &hellip; <\/p>\n<p><a class=\"more-link btn\" href=\"https:\/\/hol.fi\/?page_id=44122\">Jatka lukemista<\/a><\/p>\n","protected":false},"author":1,"featured_media":0,"parent":54,"menu_order":2,"comment_status":"closed","ping_status":"closed","template":"","meta":{"footnotes":""},"_links":{"self":[{"href":"https:\/\/hol.fi\/index.php?rest_route=\/wp\/v2\/pages\/44122"}],"collection":[{"href":"https:\/\/hol.fi\/index.php?rest_route=\/wp\/v2\/pages"}],"about":[{"href":"https:\/\/hol.fi\/index.php?rest_route=\/wp\/v2\/types\/page"}],"author":[{"embeddable":true,"href":"https:\/\/hol.fi\/index.php?rest_route=\/wp\/v2\/users\/1"}],"replies":[{"embeddable":true,"href":"https:\/\/hol.fi\/index.php?rest_route=%2Fwp%2Fv2%2Fcomments&post=44122"}],"version-history":[{"count":4,"href":"https:\/\/hol.fi\/index.php?rest_route=\/wp\/v2\/pages\/44122\/revisions"}],"predecessor-version":[{"id":44741,"href":"https:\/\/hol.fi\/index.php?rest_route=\/wp\/v2\/pages\/44122\/revisions\/44741"}],"up":[{"embeddable":true,"href":"https:\/\/hol.fi\/index.php?rest_route=\/wp\/v2\/pages\/54"}],"wp:attachment":[{"href":"https:\/\/hol.fi\/index.php?rest_route=%2Fwp%2Fv2%2Fmedia&parent=44122"}],"curies":[{"name":"wp","href":"https:\/\/api.w.org\/{rel}","templated":true}]}}