{"id":44128,"date":"2021-03-26T15:25:37","date_gmt":"2021-03-26T13:25:37","guid":{"rendered":"https:\/\/hol.fi\/?page_id=44128"},"modified":"2021-03-26T15:25:38","modified_gmt":"2021-03-26T13:25:38","slug":"kevatwebinaari-helsingissa-21-3-2021","status":"publish","type":"page","link":"https:\/\/hol.fi\/?page_id=44128","title":{"rendered":"Kev\u00e4twebinaari Helsingiss\u00e4 21.3.2021"},"content":{"rendered":"\n<p>Kev\u00e4tseminaari 2021 j\u00e4rjestettiin koronavirustilanteen vuoksi et\u00e4n\u00e4. Seminaarin j\u00e4rjest\u00e4misvastuussa olivat Kronos, Polho ja Taso. Ohjelmassa oli perinteiseen tapaan luentoja sek\u00e4 Historiallisen Yhdistyksen ja Holin gradupalkinnon jako.<\/p>\n\n\n\n<p>AIKATAULU, TIDTABELL:<\/p>\n\n\n\n<p>12.00 Ammattij\u00e4rjest\u00f6jen tervehdys<\/p>\n\n\n\n<p>12.15 professori, poliittinen historia (HY) Kimmo Rentola: &#8221;Nuoret aktivistit ja vuoden 1969 kriisi&#8221;<\/p>\n\n\n\n<p>Tauko<\/p>\n\n\n\n<p>13.30 dosentti &amp; yliopistonlehtori, yleinen historia (HY) Risto Marjomaa: &#8221;Sodan uudet kasvot&#8221;<\/p>\n\n\n\n<p>Tauko<\/p>\n\n\n\n<p>15.00 yliopistonlehtori, talous- ja sosiaalihistoria (HY) Alejandro Gomez del Moral: \u201cWhen Things Go from Wrong to (Far) Right: How Epistemic Crises Sparked Socio-political Extremisms in the Tumultuous 20th Century and What We Can Learn from This\u201d<\/p>\n\n\n\n<p>LOPUKSI: Gradupalkinnon jakaminen<\/p>\n","protected":false},"excerpt":{"rendered":"<p>Kev\u00e4tseminaari 2021 j\u00e4rjestettiin koronavirustilanteen vuoksi et\u00e4n\u00e4. Seminaarin j\u00e4rjest\u00e4misvastuussa olivat Kronos, Polho ja Taso. Ohjelmassa oli perinteiseen tapaan luentoja sek\u00e4 Historiallisen Yhdistyksen ja Holin gradupalkinnon jako. AIKATAULU, TIDTABELL: 12.00 Ammattij\u00e4rjest\u00f6jen tervehdys 12.15 professori, poliittinen historia (HY) Kimmo Rentola: &#8221;Nuoret aktivistit ja vuoden 1969 kriisi&#8221; Tauko 13.30 dosentti &amp; yliopistonlehtori, yleinen historia (HY) Risto Marjomaa: &#8221;Sodan uudet &hellip; <\/p>\n<p><a class=\"more-link btn\" href=\"https:\/\/hol.fi\/?page_id=44128\">Jatka lukemista<\/a><\/p>\n","protected":false},"author":1,"featured_media":0,"parent":3132,"menu_order":3,"comment_status":"closed","ping_status":"closed","template":"","meta":{"footnotes":""},"_links":{"self":[{"href":"https:\/\/hol.fi\/index.php?rest_route=\/wp\/v2\/pages\/44128"}],"collection":[{"href":"https:\/\/hol.fi\/index.php?rest_route=\/wp\/v2\/pages"}],"about":[{"href":"https:\/\/hol.fi\/index.php?rest_route=\/wp\/v2\/types\/page"}],"author":[{"embeddable":true,"href":"https:\/\/hol.fi\/index.php?rest_route=\/wp\/v2\/users\/1"}],"replies":[{"embeddable":true,"href":"https:\/\/hol.fi\/index.php?rest_route=%2Fwp%2Fv2%2Fcomments&post=44128"}],"version-history":[{"count":1,"href":"https:\/\/hol.fi\/index.php?rest_route=\/wp\/v2\/pages\/44128\/revisions"}],"predecessor-version":[{"id":44129,"href":"https:\/\/hol.fi\/index.php?rest_route=\/wp\/v2\/pages\/44128\/revisions\/44129"}],"up":[{"embeddable":true,"href":"https:\/\/hol.fi\/index.php?rest_route=\/wp\/v2\/pages\/3132"}],"wp:attachment":[{"href":"https:\/\/hol.fi\/index.php?rest_route=%2Fwp%2Fv2%2Fmedia&parent=44128"}],"curies":[{"name":"wp","href":"https:\/\/api.w.org\/{rel}","templated":true}]}}