{"id":518,"date":"2013-04-19T13:35:10","date_gmt":"2013-04-19T10:35:10","guid":{"rendered":"http:\/\/historianopiskelijainliitto.com\/?page_id=518"},"modified":"2021-02-01T18:43:59","modified_gmt":"2021-02-01T16:43:59","slug":"hol-aktiiville","status":"publish","type":"page","link":"https:\/\/hol.fi\/?page_id=518","title":{"rendered":"Ty\u00f6skentely Hol-aktiiviina"},"content":{"rendered":"<h2 style=\"text-align: left;\"><span style=\"color: #990000;\">Mit\u00e4 hallituksen j\u00e4senet tekev\u00e4t?<\/span><\/h2>\n<p style=\"text-align: left;\">Liiton hallituksen\u00a0j\u00e4senen\u00e4 eli Hol-vastaavana edustat omaa ainej\u00e4rjest\u00f6\u00e4si ja k\u00e4yt\u00e4t sen \u00e4\u00e4nivaltaa liiton hallituksessa. Jokainen kausi liitossa on jonkin verran erilainen riippuen siit\u00e4, mit\u00e4 tavoitteita hallitus on itselleen asettunut. Hallituksen j\u00e4senen\u00e4 osallistut liittoa ja sen toimintaa kehitt\u00e4viin projekteihin omien\u00a0kykyjesi mukaan. Tavoitteenasi on my\u00f6s tehd\u00e4 liittoa tunnetuksi oman kaupunkisi opiskelijoille parhaaksi katsomallasi tavalla. Hallitusty\u00f6h\u00f6n kuuluu etenkin\u00a0ajatustenvaihto\u00a0ja\u00a0rakentava keskustelu, jota hallituksen j\u00e4senet k\u00e4yv\u00e4t yleens\u00e4 s\u00e4hk\u00f6postitse ja sosiaalista mediaa hy\u00f6dynt\u00e4en sek\u00e4 tilaisuuden tullen tietenkin my\u00f6s kasvotusten. Apuna ty\u00f6ss\u00e4si ovat edelt\u00e4j\u00e4si antama\u00a0ohjeistus ja tuki. Tarvittaessa saat lis\u00e4tietoa ja tukea ty\u00f6h\u00f6si my\u00f6s\u00a0liiton puheenjohtajalta.<\/p>\n<p style=\"text-align: left;\">Hol-vastaavana olet avainasemassa etenkin tiedonv\u00e4litt\u00e4jin\u00e4 liiton ja j\u00e4senj\u00e4rjest\u00f6jen v\u00e4lill\u00e4. Ty\u00f6h\u00f6si kuuluu my\u00f6s yhden blogitekstin tuottaminen tai hankkiminen sek\u00e4 aika ajoin liiton toiminnan mainostus sosiaalisessa mediassa. Kenties t\u00e4rkeimp\u00e4n\u00e4 vastuunasi on Hol-seminaarien mainostaminen ja opiskelijatoveriesi houkutteleminen mukaan seminaarimatkoille. Useat Hol-vastaavat ovat niitt\u00e4neet my\u00f6s mainetta oivina kimppakyytien j\u00e4rjest\u00e4jin\u00e4, sill\u00e4 ainej\u00e4rjest\u00f6ill\u00e4 on tapana korvata edustajansa matkakulut liiton seminaareihin.<\/p>\n<p style=\"text-align: left;\">Syksyisin sinun tulee ilmoittaa Holin taloudenhoitajalle oppiaineesi sis\u00e4\u00e4nottom\u00e4\u00e4r\u00e4, sill\u00e4 sen perusteella m\u00e4\u00e4rittyy ainej\u00e4rjest\u00f6si j\u00e4senmaksun suuruus. Parhaiten sis\u00e4\u00e4notettujen opiskelijoiden m\u00e4\u00e4r\u00e4n saat selville yliopistosi yliopistopalveluista. Lis\u00e4ksi vastuullasi on kertoa liitosta uusille opiskelijoille sek\u00e4 jakaa heille Hol-tarrat opiskelijakortteihin.<\/p>\n<p style=\"text-align: left;\">Hol-vastaavana huolehdit my\u00f6s liiton seminaarien j\u00e4rjest\u00e4misen organisoimisesta ja edistymisest\u00e4, silloin kuin j\u00e4rjest\u00e4misvastuu osuu kaupunkisi kohdalle. Usein juuri Hol-vastaava johtaa j\u00e4rjest\u00e4j\u00e4kaupungista koottua ty\u00f6ryhm\u00e4\u00e4, joka p\u00e4\u00e4tt\u00e4\u00e4 seminaarien aiheen, sis\u00e4ll\u00f6n ja k\u00e4yt\u00e4nn\u00f6n j\u00e4rjestelyt parhaaksi katsomallaan tavalla.<\/p>\n<h2><span style=\"color: #990000;\">Mit\u00e4 hallituksen j\u00e4senelt\u00e4 odotetaan?<\/span><\/h2>\n<p style=\"text-align: left;\">Hallituksen j\u00e4senell\u00e4 ei tarvitse olla aikaisempaa kokemusta j\u00e4rjest\u00f6ty\u00f6st\u00e4, mutta siit\u00e4 on toki runsaasti hy\u00f6ty\u00e4 yhdistyksen arjessa. Aktiivisuus on keskeist\u00e4 miss\u00e4 tahansa j\u00e4rjest\u00f6toiminnassa &#8211; eik\u00e4 ty\u00f6skentely liitossa ole poikkeus. Hallituksen j\u00e4senen\u00e4 sinulta odotetaan aitoa sitoutumista kaudelle asetettuihin tavoitteisiin. Hallitus kehitt\u00e4\u00e4 liittoa kaudellaan yhteisten projektien kautta, joiden onnistuminen on usein kiinni jokaisen tasapuolisesta osallistumisesta. My\u00f6s oma-aloitteisuus ja rohkea innovatiivisuus ovat tervetulleita ominaisuuksia Hol-vastaavalle, sill\u00e4 varsinaisia rutiineja hallituksen j\u00e4senill\u00e4 on niukalti.<\/p>\n<p style=\"text-align: left;\">Hallituksen j\u00e4senen\u00e4 tulee sinun olla my\u00f6s helposti tavoitettavissa ja luonnollisesti l\u00e4sn\u00e4 hallituksen kokouksissa, joita on yleens\u00e4 viidest\u00e4 seitsem\u00e4\u00e4n kauden aikana. Seminaarien ja hallituksen touko-\/kes\u00e4kuun aikana j\u00e4rjestett\u00e4v\u00e4n tapaamisen yhteydess\u00e4 pidett\u00e4v\u00e4t perinteiset kokoukset hoidetaan kasvotusten. Muut kokoukset pidet\u00e4\u00e4n et\u00e4n\u00e4, yleens\u00e4 Skypen v\u00e4lityksell\u00e4. Oman ainej\u00e4rjest\u00f6si edustaminen liitossa on luottamusteht\u00e4v\u00e4, joten kokouksesta poisj\u00e4\u00e4ntiin tarvitaan aina riitt\u00e4v\u00e4 ja asianmukainen syy. Jokaisella j\u00e4senell\u00e4 on aina henkil\u00f6kohtainen varaj\u00e4sen, joka estyess\u00e4si tuuraa sinua kokouksessa.<\/p>\n<h2><span style=\"color: #990000;\">Mit\u00e4 hallitusty\u00f6st\u00e4\u00a0hy\u00f6tyy?\u00a0<\/span><\/h2>\n<p style=\"text-align: left;\">Uusien taitojen, yst\u00e4vien ja verkostojen saamisesta tulee varmasti olemaan paljon hy\u00f6ty\u00e4 toimiessasi opiskelujesi j\u00e4lkeen historian ammattilaisena. Useat ty\u00f6nantajat arvostavat j\u00e4rjest\u00f6ty\u00f6ss\u00e4 saatuja taitoja.\u00a0Usealla akateemisella alalla painottuvat nimitt\u00e4in\u00a0yh\u00e4 enemm\u00e4n ty\u00f6ryhm\u00e4toiminta, projektity\u00f6 ja hyv\u00e4t kokoustaidot, joita p\u00e4\u00e4set hiomaan juuri Hol-vastaavana. Ainej\u00e4rjest\u00f6si edustaminen liitossa on my\u00f6s luottamusteht\u00e4v\u00e4, joka osoittaa ty\u00f6nantajille yhteiskunnallista aktiivisuutta ja oman j\u00e4rjest\u00f6si osoittamaa luottamusta kykyihisi. Monille osallistuminen on my\u00f6s kunnia, sill\u00e4 Hol-vastaavana p\u00e4\u00e4set edustamaan l\u00e4hiyhteis\u00f6\u00e4si\u00a0valtakunnallisesti. Toimiessasi liiton hallituksessa sinulla on my\u00f6s oiva tilaisuus verkostoitua alan opiskelijoihin sek\u00e4\u00a0saada luonnollisesti yst\u00e4vi\u00e4 ja tovereita maan eri kolkista.<\/p>\n<h2><span style=\"color: #990000;\">Kuinka liiton hallitukseen p\u00e4\u00e4see?<\/span><\/h2>\n<p style=\"text-align: left;\">Uusi hallitus valitaan aina joulukuussa j\u00e4rjestett\u00e4v\u00e4ss\u00e4 liiton vuosikokouksessa, jossa kukin ainej\u00e4rjest\u00f6 nime\u00e4\u00e4 oman edustajansa liiton seuraavalle kaudelle. J\u00e4senj\u00e4rjest\u00f6jen \u00e4\u00e4nivaltaa vuosikokouksessa k\u00e4ytet\u00e4\u00e4n valtakirjalla, joka on aina oltava mukana.\u00a0Yleens\u00e4 ainej\u00e4rjest\u00f6si valtuuttaa edustajakseen liiton vuosikokoukseen\u00a0v\u00e4istyv\u00e4n tai\u00a0tulevan\u00a0Hol-vastaavan.\u00a0Ainej\u00e4rjest\u00f6si valitsee Hol-vastaavansa haluamallaan tavalla. Yleens\u00e4 h\u00e4n on kuitenkin yksi ainej\u00e4rjest\u00f6n oman hallituksen\u00a0j\u00e4senist\u00e4 ja valittu\u00a0t\u00e4ten hallitukseen\u00a0ainej\u00e4rjest\u00f6n omassa\u00a0vuosikokouksessa.<\/p>\n<p style=\"text-align: left;\">Hallitus koostuu jokaisen yhdentoista ainej\u00e4rjest\u00f6n edustajasta\u00a0sek\u00e4 puheenjohtajakaupungista valituista hallituksen puheenjohtajasta, sihteerist\u00e4 ja taloudenhoitajasta. Liiton puheenjohtajuus kiert\u00e4\u00e4 kaupungeittain j\u00e4rjestyksess\u00e4 Jyv\u00e4skyl\u00e4, Helsinki, Oulu, Joensuu, Tampere, Turku, Jyv\u00e4skyl\u00e4 jne. Etenkin liiton puheenjohtajalta odotetaan kokemusta ainej\u00e4rjest\u00f6ty\u00f6st\u00e4 ja aikaisempaa uraa\u00a0Hol-vastaavana. Vanhan tavan mukaisesti puheenjohtaja on yleens\u00e4\u00a0toiminut jo edellisell\u00e4 kaudella liiton varapuheenjohtajana.<\/p>\n","protected":false},"excerpt":{"rendered":"<p>Mit\u00e4 hallituksen j\u00e4senet tekev\u00e4t? Liiton hallituksen\u00a0j\u00e4senen\u00e4 eli Hol-vastaavana edustat omaa ainej\u00e4rjest\u00f6\u00e4si ja k\u00e4yt\u00e4t sen \u00e4\u00e4nivaltaa liiton hallituksessa. Jokainen kausi liitossa on jonkin verran erilainen riippuen siit\u00e4, mit\u00e4 tavoitteita hallitus on itselleen asettunut. Hallituksen j\u00e4senen\u00e4 osallistut liittoa ja sen toimintaa kehitt\u00e4viin projekteihin omien\u00a0kykyjesi mukaan. Tavoitteenasi on my\u00f6s tehd\u00e4 liittoa tunnetuksi oman kaupunkisi opiskelijoille parhaaksi katsomallasi tavalla. &hellip; <\/p>\n<p><a class=\"more-link btn\" href=\"https:\/\/hol.fi\/?page_id=518\">Jatka lukemista<\/a><\/p>\n","protected":false},"author":1,"featured_media":0,"parent":59,"menu_order":2,"comment_status":"closed","ping_status":"closed","template":"","meta":{"footnotes":""},"_links":{"self":[{"href":"https:\/\/hol.fi\/index.php?rest_route=\/wp\/v2\/pages\/518"}],"collection":[{"href":"https:\/\/hol.fi\/index.php?rest_route=\/wp\/v2\/pages"}],"about":[{"href":"https:\/\/hol.fi\/index.php?rest_route=\/wp\/v2\/types\/page"}],"author":[{"embeddable":true,"href":"https:\/\/hol.fi\/index.php?rest_route=\/wp\/v2\/users\/1"}],"replies":[{"embeddable":true,"href":"https:\/\/hol.fi\/index.php?rest_route=%2Fwp%2Fv2%2Fcomments&post=518"}],"version-history":[{"count":30,"href":"https:\/\/hol.fi\/index.php?rest_route=\/wp\/v2\/pages\/518\/revisions"}],"predecessor-version":[{"id":3177,"href":"https:\/\/hol.fi\/index.php?rest_route=\/wp\/v2\/pages\/518\/revisions\/3177"}],"up":[{"embeddable":true,"href":"https:\/\/hol.fi\/index.php?rest_route=\/wp\/v2\/pages\/59"}],"wp:attachment":[{"href":"https:\/\/hol.fi\/index.php?rest_route=%2Fwp%2Fv2%2Fmedia&parent=518"}],"curies":[{"name":"wp","href":"https:\/\/api.w.org\/{rel}","templated":true}]}}