{"id":62,"date":"2013-04-13T18:37:19","date_gmt":"2013-04-13T15:37:19","guid":{"rendered":"http:\/\/historianopiskelijainliitto.com\/?page_id=62"},"modified":"2024-03-06T13:01:47","modified_gmt":"2024-03-06T11:01:47","slug":"historia-oppiaineena-3","status":"publish","type":"page","link":"https:\/\/hol.fi\/?page_id=62","title":{"rendered":"Historia oppiaineena"},"content":{"rendered":"<h3 style=\"text-align: center;\"><span style=\"color: #000000;\">Historiaa oppiaineena tarjoavat seuraavat yliopistot Suomessa:<br \/><\/span><\/h3>\n<h3 style=\"text-align: center;\">HELSINGIN YLIOPISTO<\/h3>\n<p style=\"text-align: center;\"><img loading=\"lazy\" decoding=\"async\" class=\"wp-image-2894 alignleft\" src=\"http:\/\/hol.fi\/wp-content\/uploads\/2018\/10\/Helsingin_yliopisto.svg_.png\" alt=\"\" width=\"174\" height=\"185\" srcset=\"https:\/\/hol.fi\/wp-content\/uploads\/2018\/10\/Helsingin_yliopisto.svg_.png 960w, https:\/\/hol.fi\/wp-content\/uploads\/2018\/10\/Helsingin_yliopisto.svg_-281x300.png 281w, https:\/\/hol.fi\/wp-content\/uploads\/2018\/10\/Helsingin_yliopisto.svg_-768x819.png 768w\" sizes=\"(max-width: 174px) 100vw, 174px\" \/><\/p>\n<p style=\"text-align: center;\"><span style=\"color: #000000;\"><strong>Helsingin yliopiston historian koulutusohjelmat:<\/strong><\/span><\/p>\n<p style=\"text-align: center;\"><span style=\"color: #000000;\"><a href=\"https:\/\/www.helsinki.fi\/fi\/ohjelmat\/kandi\/historian-kandiohjelma\">Yleinen historia<\/a><br \/><\/span><\/p>\n<p style=\"text-align: center;\"><a href=\"https:\/\/www.helsinki.fi\/fi\/valtiotieteellinen-tiedekunta\/tutkimus\/tieteenalat\/poliittinen-historia\">Poliittinen historia<\/a><\/p>\n<p style=\"text-align: center;\"><a href=\"https:\/\/www.helsinki.fi\/fi\/valtiotieteellinen-tiedekunta\/tutkimus\/tieteenalat\/talous-ja-sosiaalihistoria\"><span style=\"color: #000000;\">Talous- ja sosiaalihistoria<\/span><\/a><\/p>\n<hr \/>\n<h3 style=\"text-align: center;\">IT\u00c4-SUOMEN YLIOPISTO<\/h3>\n<p><img loading=\"lazy\" decoding=\"async\" class=\"wp-image-2895 alignright\" src=\"http:\/\/hol.fi\/wp-content\/uploads\/2018\/10\/it\u00e4suomi.jpg\" alt=\"\" width=\"176\" height=\"153\" \/><\/p>\n<p style=\"text-align: center;\"><span style=\"color: #000000;\"><strong>It\u00e4-Suomen yliopiston historian koulutusohjelmat:<\/strong><\/span><\/p>\n<p style=\"text-align: center;\"><span style=\"color: #000000;\"><a href=\"https:\/\/www.uef.fi\/web\/geohistoria\/historia\">Historia<\/a>, jonka suuntautumisvaihtoehtoina:<br \/><\/span><span style=\"color: #000000;\">Suomen historia<br \/><\/span><span style=\"color: #000000;\">Yleinen historia<\/span><\/p>\n<hr \/>\n<h3 style=\"text-align: center;\">JYV\u00c4SKYL\u00c4N YLIOPISTO<\/h3>\n<p><img loading=\"lazy\" decoding=\"async\" class=\" wp-image-3064 alignleft\" src=\"http:\/\/hol.fi\/wp-content\/uploads\/2019\/03\/jyu-300x194.jpg\" alt=\"\" width=\"260\" height=\"168\" srcset=\"https:\/\/hol.fi\/wp-content\/uploads\/2019\/03\/jyu-300x194.jpg 300w, https:\/\/hol.fi\/wp-content\/uploads\/2019\/03\/jyu-768x498.jpg 768w, https:\/\/hol.fi\/wp-content\/uploads\/2019\/03\/jyu.jpg 1094w\" sizes=\"(max-width: 260px) 100vw, 260px\" \/><\/p>\n<p style=\"text-align: center;\"><strong>Jyv\u00e4skyl\u00e4n yliopiston historian koulutusohjelmat:<\/strong><\/p>\n<p style=\"text-align: center;\"><span style=\"color: #000000;\"><a href=\"https:\/\/www.jyu.fi\/hytk\/fi\/laitokset\/hela\/opiskelu\/oppiaineet\/historian-oppiainekuvaus\">Historia<\/a>, jonka suuntautumisvaihtoehtoina:<br \/><\/span><span style=\"color: #000000;\">Suomen historia<br \/><\/span><span style=\"color: #000000;\">Yleinen historia<br \/><\/span><span style=\"color: #000000;\">Taloushistoria<\/span><\/p>\n<hr \/>\n<h3 style=\"text-align: center;\"><strong><span style=\"color: #000000;\">OULUN YLIOPISTO<\/span><\/strong><\/h3>\n<p><span style=\"color: #000000;\"><img loading=\"lazy\" decoding=\"async\" class=\"wp-image-3074 alignright\" src=\"http:\/\/hol.fi\/wp-content\/uploads\/2019\/03\/oulunyo-229x300.png\" alt=\"\" width=\"124\" height=\"162\" srcset=\"https:\/\/hol.fi\/wp-content\/uploads\/2019\/03\/oulunyo-229x300.png 229w, https:\/\/hol.fi\/wp-content\/uploads\/2019\/03\/oulunyo.png 732w\" sizes=\"(max-width: 124px) 100vw, 124px\" \/><\/span><\/p>\n<p style=\"text-align: center;\"><strong>Oulun yliopiston historian koulutusohjelmat:<\/strong><\/p>\n<p style=\"text-align: center;\"><a href=\"https:\/\/www.oulu.fi\/historia\/node\/54634\">Historia ja tieteiden ja aatteiden historia<\/a><\/p>\n<hr \/>\n<h3>\u00a0<\/h3>\n<h3 style=\"text-align: center;\"><span style=\"color: #000000;\"><strong>TAMPEREEN YLIOPISTO<\/strong><\/span><\/h3>\n<p><img loading=\"lazy\" decoding=\"async\" class=\" wp-image-3086 alignleft\" src=\"http:\/\/hol.fi\/wp-content\/uploads\/2019\/03\/tuni-logo-300x117.png\" alt=\"\" width=\"310\" height=\"121\" srcset=\"https:\/\/hol.fi\/wp-content\/uploads\/2019\/03\/tuni-logo-300x117.png 300w, https:\/\/hol.fi\/wp-content\/uploads\/2019\/03\/tuni-logo-768x300.png 768w, https:\/\/hol.fi\/wp-content\/uploads\/2019\/03\/tuni-logo.png 1920w\" sizes=\"(max-width: 310px) 100vw, 310px\" \/><\/p>\n<p style=\"text-align: center;\"><span style=\"color: #000000;\"><strong>Tampereen yliopiston historian koulutusohjelmat:<\/strong><\/span><\/p>\n<p style=\"text-align: center;\"><a href=\"https:\/\/www.tuni.fi\/fi\/tule-opiskelemaan\/historian-tutkinto-ohjelma\">Historia<\/a><\/p>\n<hr \/>\n<h3 style=\"text-align: center;\"><span style=\"color: #000000;\"><strong>TURUN YLIOPISTO<\/strong><\/span><\/h3>\n<p><img loading=\"lazy\" decoding=\"async\" class=\"wp-image-3090 alignright\" src=\"http:\/\/hol.fi\/wp-content\/uploads\/2019\/03\/utulogo-300x112.jpg\" alt=\"\" width=\"429\" height=\"160\" srcset=\"https:\/\/hol.fi\/wp-content\/uploads\/2019\/03\/utulogo-300x112.jpg 300w, https:\/\/hol.fi\/wp-content\/uploads\/2019\/03\/utulogo-768x286.jpg 768w, https:\/\/hol.fi\/wp-content\/uploads\/2019\/03\/utulogo.jpg 828w\" sizes=\"(max-width: 429px) 100vw, 429px\" \/><\/p>\n<p style=\"text-align: center;\"><strong>Turun yliopiston historian koulutusohjelmat:<\/strong><\/p>\n<p style=\"text-align: left;\"><a href=\"https:\/\/www.utu.fi\/fi\/yliopisto\/humanistinen-tiedekunta\/kulttuurihistoria\"><span style=\"color: #000000;\">Kulttuurihistoria<\/span><\/a><\/p>\n<p style=\"text-align: left;\"><a href=\"https:\/\/www.utu.fi\/fi\/yliopisto\/humanistinen-tiedekunta\/suomen-historia\"><span style=\"color: #000000;\">Suomen historia<\/span><\/a><\/p>\n<p style=\"text-align: left;\"><a href=\"https:\/\/www.utu.fi\/fi\/yliopisto\/humanistinen-tiedekunta\/euroopan-ja-maailman-historia\/opiskelu\"><span style=\"color: #000000;\">Euroopan ja maailman historia<\/span><\/a><\/p>\n<p style=\"text-align: left;\"><a href=\"https:\/\/www.utu.fi\/fi\/opiskelijaksi\/poliittinen-historia-ja-valtio-oppi-valtiotieteiden-kandidaatti-ja-valtiotieteiden\"><span style=\"color: #000000;\"><span style=\"color: #000000;\">Poliittinen historia ja valtio-oppi<\/span><\/span><\/a><\/p>\n<hr \/>\n<h3 style=\"text-align: center;\"><span style=\"color: #000000;\"><strong> \u00c5BO AKADEMI<\/strong><\/span><\/h3>\n<p><img loading=\"lazy\" decoding=\"async\" class=\"wp-image-3094 alignleft\" src=\"http:\/\/hol.fi\/wp-content\/uploads\/2019\/03\/\u00c5bo_Akademi_logo.svg_-289x300.png\" alt=\"\" width=\"158\" height=\"163\" srcset=\"https:\/\/hol.fi\/wp-content\/uploads\/2019\/03\/\u00c5bo_Akademi_logo.svg_-289x300.png 289w, https:\/\/hol.fi\/wp-content\/uploads\/2019\/03\/\u00c5bo_Akademi_logo.svg_-768x797.png 768w, https:\/\/hol.fi\/wp-content\/uploads\/2019\/03\/\u00c5bo_Akademi_logo.svg_.png 987w\" sizes=\"(max-width: 158px) 100vw, 158px\" \/><\/p>\n<p><span style=\"color: #000000;\">\u00a0<\/span><\/p>\n<p style=\"text-align: center;\"><strong>\u00c5bo Akademin historian koulutusohjelmat:<\/strong><\/p>\n<p style=\"text-align: center;\"><a href=\"https:\/\/www.abo.fi\/amnen\/historia\/\">Historia<\/a><\/p>\n\n\n<p><\/p>\n","protected":false},"excerpt":{"rendered":"<p>Historiaa oppiaineena tarjoavat seuraavat yliopistot Suomessa: HELSINGIN YLIOPISTO Helsingin yliopiston historian koulutusohjelmat: Yleinen historia Poliittinen historia Talous- ja sosiaalihistoria IT\u00c4-SUOMEN YLIOPISTO It\u00e4-Suomen yliopiston historian koulutusohjelmat: Historia, jonka suuntautumisvaihtoehtoina:Suomen historiaYleinen historia JYV\u00c4SKYL\u00c4N YLIOPISTO Jyv\u00e4skyl\u00e4n yliopiston historian koulutusohjelmat: Historia, jonka suuntautumisvaihtoehtoina:Suomen historiaYleinen historiaTaloushistoria OULUN YLIOPISTO Oulun yliopiston historian koulutusohjelmat: Historia ja tieteiden ja aatteiden historia \u00a0 TAMPEREEN &hellip; <\/p>\n<p><a class=\"more-link btn\" href=\"https:\/\/hol.fi\/?page_id=62\">Jatka lukemista<\/a><\/p>\n","protected":false},"author":1,"featured_media":0,"parent":0,"menu_order":5,"comment_status":"closed","ping_status":"closed","template":"","meta":{"footnotes":""},"_links":{"self":[{"href":"https:\/\/hol.fi\/index.php?rest_route=\/wp\/v2\/pages\/62"}],"collection":[{"href":"https:\/\/hol.fi\/index.php?rest_route=\/wp\/v2\/pages"}],"about":[{"href":"https:\/\/hol.fi\/index.php?rest_route=\/wp\/v2\/types\/page"}],"author":[{"embeddable":true,"href":"https:\/\/hol.fi\/index.php?rest_route=\/wp\/v2\/users\/1"}],"replies":[{"embeddable":true,"href":"https:\/\/hol.fi\/index.php?rest_route=%2Fwp%2Fv2%2Fcomments&post=62"}],"version-history":[{"count":48,"href":"https:\/\/hol.fi\/index.php?rest_route=\/wp\/v2\/pages\/62\/revisions"}],"predecessor-version":[{"id":44614,"href":"https:\/\/hol.fi\/index.php?rest_route=\/wp\/v2\/pages\/62\/revisions\/44614"}],"wp:attachment":[{"href":"https:\/\/hol.fi\/index.php?rest_route=%2Fwp%2Fv2%2Fmedia&parent=62"}],"curies":[{"name":"wp","href":"https:\/\/api.w.org\/{rel}","templated":true}]}}