{"id":68,"date":"2013-04-13T18:38:17","date_gmt":"2013-04-13T15:38:17","guid":{"rendered":"http:\/\/historianopiskelijainliitto.com\/?page_id=68"},"modified":"2021-02-15T11:49:39","modified_gmt":"2021-02-15T09:49:39","slug":"jasenedut","status":"publish","type":"page","link":"https:\/\/hol.fi\/?page_id=68","title":{"rendered":"Holin j\u00e4senedut"},"content":{"rendered":"<div class=\"embed-container\"><iframe loading=\"lazy\" width=\"750\" height=\"422\" src=\"https:\/\/www.youtube.com\/embed\/CGMSuj_XzKc?feature=oembed\" frameborder=\"0\" allow=\"autoplay; encrypted-media\" allowfullscreen><\/iframe><\/div>\n<p style=\"text-align: center;\">Historian Opiskelijain Liitto tarjoaa j\u00e4senilleen etuja, jotka saat historian opiskelijana k\u00e4ytt\u00f6\u00f6n automaattisesti oman ainej\u00e4rjest\u00f6si j\u00e4senyyden my\u00f6t\u00e4. Oikeutesi liiton etuihin voit osoittaa opiskelijakorttiisi lis\u00e4tt\u00e4v\u00e4ll\u00e4 j\u00e4sentarralla, jonka saat oman ainej\u00e4rjest\u00f6si Hol-vastaavalta. T\u00e4ll\u00f6in opiskelijakorttiasi vilauttamalla saat ilmaisen tai alennetun sis\u00e4\u00e4np\u00e4\u00e4syn <strong><a href=\"http:\/\/hol.fi\/?page_id=198\">yhteisty\u00f6museoihimme<\/a><\/strong>.<strong><br \/>\n<\/strong><\/p>\n<p style=\"text-align: center;\">Hol ajaa j\u00e4senist\u00f6ns\u00e4 etua my\u00f6s yhteisty\u00f6kumppaneiden avulla, jotka ovat usein my\u00f6s esill\u00e4 liiton seminaareissa. Historian opiskelijana olet lis\u00e4ksi tervetullut yhteisty\u00f6tahojemme j\u00e4rjest\u00e4miin tapahtumiin ja tempauksiin. Muista tutustua my\u00f6s <strong><a href=\"http:\/\/hol.fi\/?page_id=188\">ammattiliittojen<\/a><\/strong> antamaan muuhun tukeen niin opiskelussa kuin ty\u00f6el\u00e4m\u00e4ss\u00e4kin.<\/p>\n<p style=\"text-align: center;\">Liitto my\u00f6nt\u00e4\u00e4 my\u00f6s <strong><a href=\"http:\/\/hol.fi\/?page_id=1970\">avustusta<\/a> <\/strong>sen j\u00e4senj\u00e4rjest\u00f6jen v\u00e4liseen yhteiseen toimintaan.<\/p>\n<p style=\"text-align: left;\">\n","protected":false},"excerpt":{"rendered":"<p>Historian Opiskelijain Liitto tarjoaa j\u00e4senilleen etuja, jotka saat historian opiskelijana k\u00e4ytt\u00f6\u00f6n automaattisesti oman ainej\u00e4rjest\u00f6si j\u00e4senyyden my\u00f6t\u00e4. Oikeutesi liiton etuihin voit osoittaa opiskelijakorttiisi lis\u00e4tt\u00e4v\u00e4ll\u00e4 j\u00e4sentarralla, jonka saat oman ainej\u00e4rjest\u00f6si Hol-vastaavalta. T\u00e4ll\u00f6in opiskelijakorttiasi vilauttamalla saat ilmaisen tai alennetun sis\u00e4\u00e4np\u00e4\u00e4syn yhteisty\u00f6museoihimme. Hol ajaa j\u00e4senist\u00f6ns\u00e4 etua my\u00f6s yhteisty\u00f6kumppaneiden avulla, jotka ovat usein my\u00f6s esill\u00e4 liiton seminaareissa. Historian opiskelijana olet &hellip; <\/p>\n<p><a class=\"more-link btn\" href=\"https:\/\/hol.fi\/?page_id=68\">Jatka lukemista<\/a><\/p>\n","protected":false},"author":1,"featured_media":2856,"parent":0,"menu_order":4,"comment_status":"closed","ping_status":"closed","template":"","meta":{"footnotes":""},"_links":{"self":[{"href":"https:\/\/hol.fi\/index.php?rest_route=\/wp\/v2\/pages\/68"}],"collection":[{"href":"https:\/\/hol.fi\/index.php?rest_route=\/wp\/v2\/pages"}],"about":[{"href":"https:\/\/hol.fi\/index.php?rest_route=\/wp\/v2\/types\/page"}],"author":[{"embeddable":true,"href":"https:\/\/hol.fi\/index.php?rest_route=\/wp\/v2\/users\/1"}],"replies":[{"embeddable":true,"href":"https:\/\/hol.fi\/index.php?rest_route=%2Fwp%2Fv2%2Fcomments&post=68"}],"version-history":[{"count":21,"href":"https:\/\/hol.fi\/index.php?rest_route=\/wp\/v2\/pages\/68\/revisions"}],"predecessor-version":[{"id":44094,"href":"https:\/\/hol.fi\/index.php?rest_route=\/wp\/v2\/pages\/68\/revisions\/44094"}],"wp:featuredmedia":[{"embeddable":true,"href":"https:\/\/hol.fi\/index.php?rest_route=\/wp\/v2\/media\/2856"}],"wp:attachment":[{"href":"https:\/\/hol.fi\/index.php?rest_route=%2Fwp%2Fv2%2Fmedia&parent=68"}],"curies":[{"name":"wp","href":"https:\/\/api.w.org\/{rel}","templated":true}]}}