{"id":82,"date":"2013-04-15T10:47:14","date_gmt":"2013-04-15T07:47:14","guid":{"rendered":"http:\/\/historianopiskelijainliitto.com\/?page_id=82"},"modified":"2026-03-04T18:22:28","modified_gmt":"2026-03-04T16:22:28","slug":"ota-yhteytta","status":"publish","type":"page","link":"https:\/\/hol.fi\/?page_id=82","title":{"rendered":"Ota yhteytt\u00e4!"},"content":{"rendered":"<h2><img loading=\"lazy\" decoding=\"async\" class=\"aligncenter  wp-image-2571\" src=\"http:\/\/hol.fi\/wp-content\/uploads\/2018\/03\/Yhteystiedot-300x200.jpg\" alt=\"\" width=\"342\" height=\"228\" srcset=\"https:\/\/hol.fi\/wp-content\/uploads\/2018\/03\/Yhteystiedot-300x200.jpg 300w, https:\/\/hol.fi\/wp-content\/uploads\/2018\/03\/Yhteystiedot.jpg 700w\" sizes=\"(max-width: 342px) 100vw, 342px\" \/><\/h2>\n<h3 style=\"text-align: center;\"><span style=\"color: #800000;\"><b>Liiton s\u00e4hk\u00f6iset yhteystiedot:<\/b><\/span><\/h3>\n<p style=\"text-align: center;\">Holin hallitukseen voi olla yhteydess\u00e4 monella eri tapaa. V\u00e4lilehden <em>Hallitusty\u00f6<\/em> alla, kohdasta <em>Hallitus kaudella 2025,<\/em> on l\u00f6ydett\u00e4viss\u00e4 kaikkien hallitusten j\u00e4senten henkil\u00f6kohtaiset yhteystiedot, jotka toimivat ensisijaisina viestint\u00e4kanavina asian koskiessa j\u00e4senen pestiin liittyvi\u00e4 asioita.<\/p>\n<p style=\"text-align: center;\">Yhdistyksell\u00e4 on k\u00e4yt\u00f6ss\u00e4\u00e4n seuraavat s\u00e4hk\u00f6postiosoitteet, joista ensimm\u00e4iset kolme saavuttavat kaikki yhdistyksen hallituksen j\u00e4senet:<\/p>\n<p style=\"text-align: center;\"><strong>Hallituksen s\u00e4hk\u00f6postiosoite:<\/strong> hallitus [at] hol.fi<\/p>\n<p style=\"text-align: center;\"><strong>Holin puheenjohtajan s\u00e4hk\u00f6postiosoite:<\/strong> pj [at] hol.fi<\/p>\n<p style=\"text-align: center;\"><strong>Holin tiedottajan s\u00e4hk\u00f6postiosoite:<\/strong> tiedottaja [at] hol.fi<\/p>\n<p style=\"text-align: center;\"><strong>Holin yritysyhteisty\u00f6vastaava:<\/strong> yyv [at] hol.fi<\/p>\n<p style=\"text-align: center;\"><img loading=\"lazy\" decoding=\"async\" class=\"aligncenter  wp-image-2543\" src=\"http:\/\/hol.fi\/wp-content\/uploads\/2018\/02\/PhotoFunia-1519766152-300x225.gif\" alt=\"\" width=\"388\" height=\"292\" \/><\/p>\n<h3 style=\"text-align: center;\"><strong><span style=\"color: #990000;\">Liiton postiosoite:\u00a0<\/span><\/strong><\/h3>\n<p style=\"text-align: center;\">Holille voi my\u00f6s l\u00e4hett\u00e4\u00e4 kirjeitse postia ja tiedotteita seuraavaan postiosoitteeseen:<\/p>\n<p style=\"text-align: center;\"><em>Hol ry \/ Patina ry, Historiatieteen laitos<br \/>Kanslerinrinne 1<br \/>33014 Tampereen yliopisto<\/em><\/p>\n<p style=\"text-align: center;\"><img loading=\"lazy\" decoding=\"async\" class=\"aligncenter  wp-image-2570\" src=\"http:\/\/hol.fi\/wp-content\/uploads\/2018\/03\/posti-300x213.jpg\" alt=\"\" width=\"436\" height=\"310\" srcset=\"https:\/\/hol.fi\/wp-content\/uploads\/2018\/03\/posti-300x213.jpg 300w, https:\/\/hol.fi\/wp-content\/uploads\/2018\/03\/posti.jpg 700w\" sizes=\"(max-width: 436px) 100vw, 436px\" \/><\/p>\n\n\n<h3 class=\"wp-block-heading\">Toiminta h\u00e4irint\u00e4tilanteen sattuessa<\/h3>\n\n\n\n<p>Mik\u00e4li kohtaat Holin tapahtumissa h\u00e4irint\u00e4\u00e4, olethan asiasta yhteydess\u00e4 Liiton yhdenvertaisuusvastaavaan (sklepi [at] utu.fi) tai puheenjohtajaan (pj [at] hol.fi). Viestiss\u00e4 voit:<\/p>\n\n\n\n<ol>\n<li>Kuvailla kohtaamaasi ep\u00e4asiallista kohtelua tai tekem\u00e4\u00e4si yhdenvertaisuushavaintoa.<\/li>\n\n\n\n<li>Kertoa miss\u00e4 tapahtumassa tai tilanteessa ep\u00e4asiallinen kohtelu tapahtui.<\/li>\n\n\n\n<li>Kertoa halutessasi nimesi, s\u00e4hk\u00f6postisi ja\/tai puhelinnumerosi. Mik\u00e4li haluat kertoa kontaktitietosi, yhdenvertaisuusvastaava tai puheenjohtaja on sinuun yhteydess\u00e4. Kaikki ilmoituksesi tiedot k\u00e4sitell\u00e4\u00e4n luottamuksellisesti. <\/li>\n<\/ol>\n","protected":false},"excerpt":{"rendered":"<p>Liiton s\u00e4hk\u00f6iset yhteystiedot: Holin hallitukseen voi olla yhteydess\u00e4 monella eri tapaa. V\u00e4lilehden Hallitusty\u00f6 alla, kohdasta Hallitus kaudella 2025, on l\u00f6ydett\u00e4viss\u00e4 kaikkien hallitusten j\u00e4senten henkil\u00f6kohtaiset yhteystiedot, jotka toimivat ensisijaisina viestint\u00e4kanavina asian koskiessa j\u00e4senen pestiin liittyvi\u00e4 asioita. Yhdistyksell\u00e4 on k\u00e4yt\u00f6ss\u00e4\u00e4n seuraavat s\u00e4hk\u00f6postiosoitteet, joista ensimm\u00e4iset kolme saavuttavat kaikki yhdistyksen hallituksen j\u00e4senet: Hallituksen s\u00e4hk\u00f6postiosoite: hallitus [at] hol.fi Holin puheenjohtajan &hellip; <\/p>\n<p><a class=\"more-link btn\" href=\"https:\/\/hol.fi\/?page_id=82\">Jatka lukemista<\/a><\/p>\n","protected":false},"author":1,"featured_media":0,"parent":59,"menu_order":2,"comment_status":"closed","ping_status":"closed","template":"","meta":{"footnotes":""},"_links":{"self":[{"href":"https:\/\/hol.fi\/index.php?rest_route=\/wp\/v2\/pages\/82"}],"collection":[{"href":"https:\/\/hol.fi\/index.php?rest_route=\/wp\/v2\/pages"}],"about":[{"href":"https:\/\/hol.fi\/index.php?rest_route=\/wp\/v2\/types\/page"}],"author":[{"embeddable":true,"href":"https:\/\/hol.fi\/index.php?rest_route=\/wp\/v2\/users\/1"}],"replies":[{"embeddable":true,"href":"https:\/\/hol.fi\/index.php?rest_route=%2Fwp%2Fv2%2Fcomments&post=82"}],"version-history":[{"count":39,"href":"https:\/\/hol.fi\/index.php?rest_route=\/wp\/v2\/pages\/82\/revisions"}],"predecessor-version":[{"id":44745,"href":"https:\/\/hol.fi\/index.php?rest_route=\/wp\/v2\/pages\/82\/revisions\/44745"}],"up":[{"embeddable":true,"href":"https:\/\/hol.fi\/index.php?rest_route=\/wp\/v2\/pages\/59"}],"wp:attachment":[{"href":"https:\/\/hol.fi\/index.php?rest_route=%2Fwp%2Fv2%2Fmedia&parent=82"}],"curies":[{"name":"wp","href":"https:\/\/api.w.org\/{rel}","templated":true}]}}